{"id":9083,"date":"2023-11-20T15:52:11","date_gmt":"2023-11-20T15:52:11","guid":{"rendered":"https:\/\/www.laxmiusedmachine.com\/?post_type=product&#038;p=9083"},"modified":"2024-01-04T22:58:55","modified_gmt":"2024-01-04T22:58:55","slug":"8-axis-cnc-gear-grinder-gleason-pfauter-g320-1998","status":"publish","type":"product","link":"https:\/\/www.laxmiusedmachine.com\/it\/prodotto\/8-axis-cnc-gear-grinder-gleason-pfauter-g320-1998\/","title":{"rendered":"RETTIFICATRICE PER INGRANAGGI CNC A 8 ASSI, GLEASON PFAUTER \u2013 G320 [1998]"},"content":{"rendered":"<div id=\"fws_69d7856c2b875\"  data-column-margin=\"default\" data-midnight=\"dark\"  class=\"wpb_row vc_row-fluid vc_row\"  style=\"padding-top: 0px; padding-bottom: 0px; \"><div class=\"row-bg-wrap\" data-bg-animation=\"none\" data-bg-animation-delay=\"\" data-bg-overlay=\"false\"><div class=\"inner-wrap row-bg-layer\" ><div class=\"row-bg viewport-desktop\"  style=\"\"><\/div><\/div><\/div><div class=\"row_col_wrap_12 col span_12 dark left\">\n\t<div  class=\"vc_col-sm-4 wpb_column column_container vc_column_container col no-extra-padding inherit_tablet inherit_phone\"  data-padding-pos=\"all\" data-has-bg-color=\"false\" data-bg-color=\"\" data-bg-opacity=\"1\" data-animation=\"\" data-delay=\"0\" >\n\t\t<div class=\"vc_column-inner\" >\n\t\t\t<div class=\"wpb_wrapper\">\n\t\t\t\t\n\t\t\t<\/div> \n\t\t<\/div>\n\t<\/div> \n\n\t<div  class=\"vc_col-sm-4 wpb_column column_container vc_column_container col no-extra-padding inherit_tablet inherit_phone\"  data-padding-pos=\"all\" data-has-bg-color=\"false\" data-bg-color=\"\" data-bg-opacity=\"1\" data-animation=\"\" data-delay=\"0\" >\n\t\t<div class=\"vc_column-inner\" >\n\t\t\t<div class=\"wpb_wrapper\">\n\t\t\t\t<div class=\"nectar-fancy-ul\" data-list-icon=\"linecon-icon-settings\" data-animation=\"false\" data-animation-delay=\"0\" data-color=\"accent-color\" data-spacing=\"default\" data-alignment=\"left\"> \n<p style=\"text-align: center;\"><strong>RETTIFICATRICE PER INGRANAGGI CNC A 8 ASSI<\/strong><\/p>\n<ul style=\"text-align: center;\">\n<li><i class=\"icon-default-style linecon-icon-settings accent-color\"><\/i><strong>Produttore: <\/strong>Gleason \u2013 Pfauter<\/li>\n<li><i class=\"icon-default-style linecon-icon-settings accent-color\"><\/i><strong>Modello: <\/strong>G320<\/li>\n<li><i class=\"icon-default-style linecon-icon-settings accent-color\"><\/i><strong>CNC: <\/strong>Siemens 840C<\/li>\n<li><i class=\"icon-default-style linecon-icon-settings accent-color\"><\/i><strong>ANNO:<\/strong> 1998<\/li>\n<li><i class=\"icon-default-style linecon-icon-settings accent-color\"><\/i><strong>Diametro ingranaggio:<\/strong> 10 \u2013 380 millimetri<\/li>\n<li><i class=\"icon-default-style linecon-icon-settings accent-color\"><\/i><strong>Gamma di moduli:<\/strong> 0,5 \u2013 7<\/li>\n<li><i class=\"icon-default-style linecon-icon-settings accent-color\"><\/i><strong>Numero di denti:<\/strong> 10 \u2013 600<\/li>\n<li><i class=\"icon-default-style linecon-icon-settings accent-color\"><\/i><strong>Corsa dell&#039;asse radiale (asse X):<\/strong> 230 mm<\/li>\n<li><i class=\"icon-default-style linecon-icon-settings accent-color\"><\/i><strong>Spostamento della corsa dell&#039;asse tangenziale<\/strong> <strong>(Asse Y):<\/strong> 135 millimetri<\/li>\n<li><i class=\"icon-default-style linecon-icon-settings accent-color\"><\/i><strong>Corsa dell&#039;asse verticale (asse Z):<\/strong> 200 millimetri<\/li>\n<li><i class=\"icon-default-style linecon-icon-settings accent-color\"><\/i><strong>Testa di serraggio con angolo di rotazione (asse A): \u00b1<\/strong>45\u00b0<\/li>\n<li><i class=\"icon-default-style linecon-icon-settings accent-color\"><\/i><strong>Corsa dell&#039;asse tangenziale del ravvivatore (asse V):<\/strong> 180 mm<\/li>\n<li><i class=\"icon-default-style linecon-icon-settings accent-color\"><\/i><strong>Corsa dell&#039;asse radiale del ravvivatore (asse U):<\/strong> 110 mm<\/li>\n<li><i class=\"icon-default-style linecon-icon-settings accent-color\"><\/i><strong>Precisione di rettifica:<\/strong> Classe 6<\/li>\n<\/ul>\n<p style=\"text-align: center;\"><strong>Altre informazioni:<\/strong><br \/>\nLa macchina \u00e8 ancora funzionante, \u00e8 in ottime condizioni ed \u00e8 completa di tutte le sue parti e accessori<\/p>\n <\/div>\n\t\t\t<\/div> \n\t\t<\/div>\n\t<\/div> \n\n\t<div  class=\"vc_col-sm-4 wpb_column column_container vc_column_container col no-extra-padding inherit_tablet inherit_phone\"  data-padding-pos=\"all\" data-has-bg-color=\"false\" data-bg-color=\"\" data-bg-opacity=\"1\" data-animation=\"\" data-delay=\"0\" >\n\t\t<div class=\"vc_column-inner\" >\n\t\t\t<div class=\"wpb_wrapper\">\n\t\t\t\t\n\t\t\t<\/div> \n\t\t<\/div>\n\t<\/div> \n<\/div><\/div>","protected":false},"excerpt":{"rendered":"<p>Ecco il nostro <strong>RETTIFICATRICE PER INGRANAGGI CNC A 8 ASSI.<\/strong><\/p>\n<p>Si presenta in ottime condizioni, per qualsiasi ulteriore informazione siamo a vostra disposizione!<\/p>","protected":false},"featured_media":9085,"comment_status":"closed","ping_status":"closed","template":"","meta":[],"product_brand":[],"product_cat":[444],"product_tag":[162,1125,1124,165,206,236],"class_list":{"0":"post-9083","1":"product","2":"type-product","3":"status-publish","4":"has-post-thumbnail","6":"product_cat-cnc-gear-grinding-machines","7":"product_tag-cnc-gear-grinder","8":"product_tag-g-320","9":"product_tag-g320","10":"product_tag-gear-grinder","11":"product_tag-gleason","12":"product_tag-pfauter","13":"pa_luogo-italia","15":"first","16":"instock","17":"shipping-taxable","18":"product-type-simple"},"_links":{"self":[{"href":"https:\/\/www.laxmiusedmachine.com\/it\/wp-json\/wp\/v2\/product\/9083","targetHints":{"allow":["GET"]}}],"collection":[{"href":"https:\/\/www.laxmiusedmachine.com\/it\/wp-json\/wp\/v2\/product"}],"about":[{"href":"https:\/\/www.laxmiusedmachine.com\/it\/wp-json\/wp\/v2\/types\/product"}],"replies":[{"embeddable":true,"href":"https:\/\/www.laxmiusedmachine.com\/it\/wp-json\/wp\/v2\/comments?post=9083"}],"wp:featuredmedia":[{"embeddable":true,"href":"https:\/\/www.laxmiusedmachine.com\/it\/wp-json\/wp\/v2\/media\/9085"}],"wp:attachment":[{"href":"https:\/\/www.laxmiusedmachine.com\/it\/wp-json\/wp\/v2\/media?parent=9083"}],"wp:term":[{"taxonomy":"product_brand","embeddable":true,"href":"https:\/\/www.laxmiusedmachine.com\/it\/wp-json\/wp\/v2\/product_brand?post=9083"},{"taxonomy":"product_cat","embeddable":true,"href":"https:\/\/www.laxmiusedmachine.com\/it\/wp-json\/wp\/v2\/product_cat?post=9083"},{"taxonomy":"product_tag","embeddable":true,"href":"https:\/\/www.laxmiusedmachine.com\/it\/wp-json\/wp\/v2\/product_tag?post=9083"}],"curies":[{"name":"parola chiave","href":"https:\/\/api.w.org\/{rel}","templated":true}]}}