{"id":12791,"date":"2026-02-20T07:14:43","date_gmt":"2026-02-20T07:14:43","guid":{"rendered":"https:\/\/www.laxmiusedmachine.com\/?post_type=product&#038;p=12791"},"modified":"2026-02-20T07:24:59","modified_gmt":"2026-02-20T07:24:59","slug":"5-axis-vmc-hermle-c600u","status":"publish","type":"product","link":"https:\/\/www.laxmiusedmachine.com\/it\/prodotto\/5-axis-vmc-hermle-c600u\/","title":{"rendered":"Centro di lavoro verticale a 5 assi, HERMLE \u2013 C600U"},"content":{"rendered":"<div id=\"fws_69d51f845ef4e\"  data-column-margin=\"default\" data-midnight=\"dark\"  class=\"wpb_row vc_row-fluid vc_row\"  style=\"padding-top: 0px; padding-bottom: 0px; \"><div class=\"row-bg-wrap\" data-bg-animation=\"none\" data-bg-animation-delay=\"\" data-bg-overlay=\"false\"><div class=\"inner-wrap row-bg-layer\" ><div class=\"row-bg viewport-desktop\"  style=\"\"><\/div><\/div><\/div><div class=\"row_col_wrap_12 col span_12 dark left\">\n\t<div  class=\"vc_col-sm-4 wpb_column column_container vc_column_container col no-extra-padding inherit_tablet inherit_phone\"  data-padding-pos=\"all\" data-has-bg-color=\"false\" data-bg-color=\"\" data-bg-opacity=\"1\" data-animation=\"\" data-delay=\"0\" >\n\t\t<div class=\"vc_column-inner\" >\n\t\t\t<div class=\"wpb_wrapper\">\n\t\t\t\t\n\t\t\t<\/div> \n\t\t<\/div>\n\t<\/div> \n\n\t<div  class=\"vc_col-sm-4 wpb_column column_container vc_column_container col no-extra-padding inherit_tablet inherit_phone\"  data-padding-pos=\"all\" data-has-bg-color=\"false\" data-bg-color=\"\" data-bg-opacity=\"1\" data-animation=\"\" data-delay=\"0\" >\n\t\t<div class=\"vc_column-inner\" >\n\t\t\t<div class=\"wpb_wrapper\">\n\t\t\t\t<div class=\"nectar-fancy-ul\" data-list-icon=\"linecon-icon-settings\" data-animation=\"false\" data-animation-delay=\"0\" data-color=\"accent-color\" data-spacing=\"default\" data-alignment=\"left\"> \n<div class=\"page\" title=\"Pagina 1\">\n<div class=\"section\">\n<div class=\"layoutArea\">\n<div class=\"column\">\n<p style=\"text-align: center;\"><em><strong>CENTRO DI LAVORO VERTICALE A 5 ASSI <\/strong><\/em><\/p>\n<ul style=\"text-align: center;\">\n<li><i class=\"icon-default-style linecon-icon-settings accent-color\"><\/i><strong>Produttore: <\/strong>HERMLE<\/li>\n<li><i class=\"icon-default-style linecon-icon-settings accent-color\"><\/i><strong>Modello: <\/strong>C600U<\/li>\n<li><i class=\"icon-default-style linecon-icon-settings accent-color\"><\/i><strong>Controllo numerico: HEIDENHAIN iTNC530<\/strong><\/li>\n<li><strong>Anno di fabbricazione<\/strong> : 2003 \u2013 installato a fine 2004<\/li>\n<\/ul>\n<p style=\"text-align: center;\"><strong>Corsa dell&#039;asse:<\/strong><\/p>\n<ul style=\"text-align: center;\">\n<li><i class=\"icon-default-style linecon-icon-settings accent-color\"><\/i><strong>X (Spostamento longitudinale della colonna): 600 <\/strong>\u00a0mm<\/li>\n<li><i class=\"icon-default-style linecon-icon-settings accent-color\"><\/i><strong>Y (colonna di movimento trasversale):<\/strong> 450 millimetri<\/li>\n<li><i class=\"icon-default-style linecon-icon-settings accent-color\"><\/i><strong>Z (Movimento verticale della testa del mandrino):<\/strong> 400 mm<\/li>\n<li><strong>Asse A: 110\u00b0 gradi<\/strong><\/li>\n<li><strong>Asse B \u2013 tavola rotante (da aggiungere): 360\u00b0 gradi<\/strong><\/li>\n<li><strong class=\"product__detail__block__specs__name\">Velocit\u00e0 di avanzamento asse X\/Y\/Z: <\/strong><span class=\"metric\">35000 mm\/min<\/span><\/li>\n<\/ul>\n<p style=\"text-align: center;\"><strong>Tavolo:<\/strong><\/p>\n<ul style=\"text-align: center;\">\n<li><i class=\"icon-default-style linecon-icon-settings accent-color\"><\/i><strong>Dimensione del tavolo: 7<\/strong>00\u00d7300 mm<\/li>\n<li><i class=\"icon-default-style linecon-icon-settings accent-color\"><\/i><strong>Capacit\u00e0 di carico del tavolo:<\/strong> 200 kg<\/li>\n<\/ul>\n<p style=\"text-align: center;\"><strong>Mandrino:<\/strong><\/p>\n<ul style=\"text-align: center;\">\n<li><i class=\"icon-default-style linecon-icon-settings accent-color\"><\/i><strong>Massima Velocit\u00e0 del mandrino:<\/strong> 18000 min^-1<\/li>\n<li><i class=\"icon-default-style linecon-icon-settings accent-color\"><\/i><strong>Tipo di foro conico del mandrino:<\/strong> HSK-63 ISO\/Bt\/Mk<\/li>\n<li><i class=\"icon-default-style linecon-icon-settings accent-color\"><\/i><strong>Capacit\u00e0 di stoccaggio degli utensili:<\/strong> 30<\/li>\n<\/ul>\n<ul style=\"text-align: center;\">\n<li><i class=\"icon-default-style linecon-icon-settings accent-color\"><\/i><strong>Massa della macchina:<\/strong> 7500 kg<\/li>\n<\/ul>\n<p style=\"text-align: center;\"><strong>Altre informazioni:<\/strong><br \/>\nLa macchina \u00e8 stata controllata ed \u00e8 in ottime condizioni di funzionamento ed \u00e8 completa di tutte le sue parti standard e degli accessori standard.<\/p>\n<\/div>\n<\/div>\n<\/div>\n<\/div>\n <\/div>\n\t\t\t<\/div> \n\t\t<\/div>\n\t<\/div> \n\n\t<div  class=\"vc_col-sm-4 wpb_column column_container vc_column_container col no-extra-padding inherit_tablet inherit_phone\"  data-padding-pos=\"all\" data-has-bg-color=\"false\" data-bg-color=\"\" data-bg-opacity=\"1\" data-animation=\"\" data-delay=\"0\" >\n\t\t<div class=\"vc_column-inner\" >\n\t\t\t<div class=\"wpb_wrapper\">\n\t\t\t\t\n\t\t\t<\/div> \n\t\t<\/div>\n\t<\/div> \n<\/div><\/div>","protected":false},"excerpt":{"rendered":"<p>Ecco il nostro <b>VMC a 5 assi<\/b><\/p>\n<p>E' in ottime condizioni di funzionamento, per qualsiasi informazione siamo a vostra disposizione.<\/p>","protected":false},"featured_media":12792,"comment_status":"closed","ping_status":"closed","template":"","meta":[],"product_brand":[],"product_cat":[42,17],"product_tag":[161,472,471,158],"class_list":{"0":"post-12791","1":"product","2":"type-product","3":"status-publish","4":"has-post-thumbnail","6":"product_cat-vertical-horizontal-machining-centers","7":"product_cat-new-arrivals","8":"product_tag-centro-di-lavoro","9":"product_tag-certical-machinning-center","10":"product_tag-famup","11":"product_tag-vmc","12":"pa_luogo-india","14":"first","15":"instock","16":"shipping-taxable","17":"product-type-simple"},"_links":{"self":[{"href":"https:\/\/www.laxmiusedmachine.com\/it\/wp-json\/wp\/v2\/product\/12791","targetHints":{"allow":["GET"]}}],"collection":[{"href":"https:\/\/www.laxmiusedmachine.com\/it\/wp-json\/wp\/v2\/product"}],"about":[{"href":"https:\/\/www.laxmiusedmachine.com\/it\/wp-json\/wp\/v2\/types\/product"}],"replies":[{"embeddable":true,"href":"https:\/\/www.laxmiusedmachine.com\/it\/wp-json\/wp\/v2\/comments?post=12791"}],"wp:featuredmedia":[{"embeddable":true,"href":"https:\/\/www.laxmiusedmachine.com\/it\/wp-json\/wp\/v2\/media\/12792"}],"wp:attachment":[{"href":"https:\/\/www.laxmiusedmachine.com\/it\/wp-json\/wp\/v2\/media?parent=12791"}],"wp:term":[{"taxonomy":"product_brand","embeddable":true,"href":"https:\/\/www.laxmiusedmachine.com\/it\/wp-json\/wp\/v2\/product_brand?post=12791"},{"taxonomy":"product_cat","embeddable":true,"href":"https:\/\/www.laxmiusedmachine.com\/it\/wp-json\/wp\/v2\/product_cat?post=12791"},{"taxonomy":"product_tag","embeddable":true,"href":"https:\/\/www.laxmiusedmachine.com\/it\/wp-json\/wp\/v2\/product_tag?post=12791"}],"curies":[{"name":"parola chiave","href":"https:\/\/api.w.org\/{rel}","templated":true}]}}