{"id":12452,"date":"2025-09-23T05:16:20","date_gmt":"2025-09-23T05:16:20","guid":{"rendered":"https:\/\/www.laxmiusedmachine.com\/?post_type=product&#038;p=12452"},"modified":"2026-01-11T11:21:02","modified_gmt":"2026-01-11T11:21:02","slug":"high-speed-gear-shaper-fellows-10-2","status":"publish","type":"product","link":"https:\/\/www.laxmiusedmachine.com\/it\/prodotto\/high-speed-gear-shaper-fellows-10-2\/","title":{"rendered":"DENTATRICE A COLTELLO, FELLOWS \u2013 10-2"},"content":{"rendered":"<div id=\"fws_69deec9c186c1\"  data-column-margin=\"default\" data-midnight=\"dark\"  class=\"wpb_row vc_row-fluid vc_row\"  style=\"padding-top: 0px; padding-bottom: 0px; \"><div class=\"row-bg-wrap\" data-bg-animation=\"none\" data-bg-animation-delay=\"\" data-bg-overlay=\"false\"><div class=\"inner-wrap row-bg-layer\" ><div class=\"row-bg viewport-desktop\"  style=\"\"><\/div><\/div><\/div><div class=\"row_col_wrap_12 col span_12 dark left\">\n\t<div  class=\"vc_col-sm-4 wpb_column column_container vc_column_container col no-extra-padding inherit_tablet inherit_phone\"  data-padding-pos=\"all\" data-has-bg-color=\"false\" data-bg-color=\"\" data-bg-opacity=\"1\" data-animation=\"\" data-delay=\"0\" >\n\t\t<div class=\"vc_column-inner\" >\n\t\t\t<div class=\"wpb_wrapper\">\n\t\t\t\t\n\t\t\t<\/div> \n\t\t<\/div>\n\t<\/div> \n\n\t<div  class=\"vc_col-sm-4 wpb_column column_container vc_column_container col no-extra-padding inherit_tablet inherit_phone\"  data-padding-pos=\"all\" data-has-bg-color=\"false\" data-bg-color=\"\" data-bg-opacity=\"1\" data-animation=\"\" data-delay=\"0\" >\n\t\t<div class=\"vc_column-inner\" >\n\t\t\t<div class=\"wpb_wrapper\">\n\t\t\t\t<div class=\"nectar-fancy-ul\" data-list-icon=\"linecon-icon-settings\" data-animation=\"false\" data-animation-delay=\"0\" data-color=\"accent-color\" data-spacing=\"default\" data-alignment=\"left\"> \n<p style=\"text-align: center;\"><span style=\"color: #008000;\"><em><strong>DENTATRICE A COLTELLO AD ALTA VELOCIT\u00c0<\/strong><\/em><\/span><\/p>\n<ul>\n<li style=\"text-align: center;\"><span style=\"color: #008000;\">prodotto da: FELLOWS.<\/span><\/li>\n<li style=\"text-align: center;\"><span style=\"color: #008000;\">Modello: 10-2.<\/span><\/li>\n<li style=\"text-align: center;\">Diametro massimo del passo esterno e interno: 254 mm.<\/li>\n<li style=\"text-align: center;\">Corsa massima: 51 mm<\/li>\n<li style=\"text-align: center;\">Passo diametrale massimo, sperone: 4 DP<br \/>\nPasso diametrale massimo, elicoidale: 5 DP<\/li>\n<li style=\"text-align: center;\">Peso netto della macchina, circa 6500 Kg.\n<div data-crb-p=\"\">\n<div class=\"xFTqob\">\n<div><\/div>\n<div class=\"vM0jzc\" style=\"text-align: center;\"><span data-huuid=\"17534613247877753023\"><span data-huuid=\"17534613247877753023\"><strong>DP<\/strong> \u00e8 una misura della dimensione dei denti degli ingranaggi, definita come il numero di denti per pollice del diametro primitivo dell&#039;ingranaggio. <\/span><\/span>Un valore DP pi\u00f9 elevato, come 4 DP, determina un dente dell&#039;ingranaggio pi\u00f9 grande e una spaziatura tra i denti maggiore, oppure un passo pi\u00f9 grosso.<span class=\"pjBG2e\" data-cid=\"cad12c9a-c8e5-4449-973a-fab7de243dac\"><span class=\"UV3uM\">\u00a0<\/span><\/span><\/div>\n<\/div>\n<\/div>\n<div data-crb-p=\"\">\n<div class=\"xFTqob\">\n<div class=\"vM0jzc\">\n<div class=\"NPrrbc\" data-cid=\"cad12c9a-c8e5-4449-973a-fab7de243dac\" data-uuids=\"17534613247877752585,17534613247877752366\">\n<div class=\"BMebGe btku5b fCrZyc LwdV0e FR7ZSc qVhvac OJeuxf\" tabindex=\"0\" role=\"button\" aria-label=\"Visualizza link correlati\" data-hveid=\"CBkQAQ\" data-ved=\"2ahUKEwjE3Jq9ke6PAxU_iv0HHVfcDkgQ3fYKegQIGRAB\"><\/div>\n<\/div>\n<\/div>\n<\/div>\n<\/div>\n<\/li>\n<\/ul>\n <\/div>\n\t\t\t<\/div> \n\t\t<\/div>\n\t<\/div> \n\n\t<div  class=\"vc_col-sm-4 wpb_column column_container vc_column_container col no-extra-padding inherit_tablet inherit_phone\"  data-padding-pos=\"all\" data-has-bg-color=\"false\" data-bg-color=\"\" data-bg-opacity=\"1\" data-animation=\"\" data-delay=\"0\" >\n\t\t<div class=\"vc_column-inner\" >\n\t\t\t<div class=\"wpb_wrapper\">\n\t\t\t\t\n\t\t\t<\/div> \n\t\t<\/div>\n\t<\/div> \n<\/div><\/div>","protected":false},"excerpt":{"rendered":"<p>Ecco il nostro<strong> SAGOMATRICE PER INGRANAGGI AD ALTA VELOCIT\u00c0,<\/strong><\/p>\n<p>E' in ottime condizioni di funzionamento, per qualsiasi informazione siamo a vostra disposizione.<\/p>","protected":false},"featured_media":12453,"comment_status":"closed","ping_status":"closed","template":"","meta":[],"product_brand":[],"product_cat":[25],"product_tag":[169,513,167],"class_list":{"0":"post-12452","1":"product","2":"type-product","3":"status-publish","4":"has-post-thumbnail","6":"product_cat-gear-shaping-machines","7":"product_tag-dentatrice-a-coltello","8":"product_tag-fellows","9":"product_tag-gear-shaper","10":"pa_luogo-india","12":"first","13":"instock","14":"shipping-taxable","15":"product-type-simple"},"_links":{"self":[{"href":"https:\/\/www.laxmiusedmachine.com\/it\/wp-json\/wp\/v2\/product\/12452","targetHints":{"allow":["GET"]}}],"collection":[{"href":"https:\/\/www.laxmiusedmachine.com\/it\/wp-json\/wp\/v2\/product"}],"about":[{"href":"https:\/\/www.laxmiusedmachine.com\/it\/wp-json\/wp\/v2\/types\/product"}],"replies":[{"embeddable":true,"href":"https:\/\/www.laxmiusedmachine.com\/it\/wp-json\/wp\/v2\/comments?post=12452"}],"wp:featuredmedia":[{"embeddable":true,"href":"https:\/\/www.laxmiusedmachine.com\/it\/wp-json\/wp\/v2\/media\/12453"}],"wp:attachment":[{"href":"https:\/\/www.laxmiusedmachine.com\/it\/wp-json\/wp\/v2\/media?parent=12452"}],"wp:term":[{"taxonomy":"product_brand","embeddable":true,"href":"https:\/\/www.laxmiusedmachine.com\/it\/wp-json\/wp\/v2\/product_brand?post=12452"},{"taxonomy":"product_cat","embeddable":true,"href":"https:\/\/www.laxmiusedmachine.com\/it\/wp-json\/wp\/v2\/product_cat?post=12452"},{"taxonomy":"product_tag","embeddable":true,"href":"https:\/\/www.laxmiusedmachine.com\/it\/wp-json\/wp\/v2\/product_tag?post=12452"}],"curies":[{"name":"parola chiave","href":"https:\/\/api.w.org\/{rel}","templated":true}]}}