{"id":11652,"date":"2024-11-09T12:01:40","date_gmt":"2024-11-09T12:01:40","guid":{"rendered":"https:\/\/www.laxmiusedmachine.com\/?post_type=product&#038;p=11652"},"modified":"2025-10-22T08:29:41","modified_gmt":"2025-10-22T08:29:41","slug":"cnc-gear-tester-carl-mahr-primar-mx4","status":"publish","type":"product","link":"https:\/\/www.laxmiusedmachine.com\/it\/prodotto\/cnc-gear-tester-carl-mahr-primar-mx4\/","title":{"rendered":"TESTER PER INGRANAGGI CNC, CARL MAHR \u2013 PRIMAR MX4"},"content":{"rendered":"<div id=\"fws_69efe4ed20b8e\"  data-column-margin=\"default\" data-midnight=\"dark\"  class=\"wpb_row vc_row-fluid vc_row\"  style=\"padding-top: 0px; padding-bottom: 0px; \"><div class=\"row-bg-wrap\" data-bg-animation=\"none\" data-bg-animation-delay=\"\" data-bg-overlay=\"false\"><div class=\"inner-wrap row-bg-layer\" ><div class=\"row-bg viewport-desktop\"  style=\"\"><\/div><\/div><\/div><div class=\"row_col_wrap_12 col span_12 dark left\">\n\t<div  class=\"vc_col-sm-4 wpb_column column_container vc_column_container col no-extra-padding inherit_tablet inherit_phone\"  data-padding-pos=\"all\" data-has-bg-color=\"false\" data-bg-color=\"\" data-bg-opacity=\"1\" data-animation=\"\" data-delay=\"0\" >\n\t\t<div class=\"vc_column-inner\" >\n\t\t\t<div class=\"wpb_wrapper\">\n\t\t\t\t\n\t\t\t<\/div> \n\t\t<\/div>\n\t<\/div> \n\n\t<div  class=\"vc_col-sm-4 wpb_column column_container vc_column_container col no-extra-padding inherit_tablet inherit_phone\"  data-padding-pos=\"all\" data-has-bg-color=\"false\" data-bg-color=\"\" data-bg-opacity=\"1\" data-animation=\"\" data-delay=\"0\" >\n\t\t<div class=\"vc_column-inner\" >\n\t\t\t<div class=\"wpb_wrapper\">\n\t\t\t\t<div class=\"nectar-fancy-ul\" data-list-icon=\"linecon-icon-settings\" data-animation=\"false\" data-animation-delay=\"0\" data-color=\"accent-color\" data-spacing=\"default\" data-alignment=\"left\"> \n<p style=\"text-align: center;\"><strong>TESTER PER INGRANAGGI CNC<\/strong><\/p>\n<ul style=\"text-align: center;\">\n<li><strong>Produttore:<\/strong> CARL MAHR<\/li>\n<li><strong>Modello:<\/strong> PRIMAR MX4<\/li>\n<li><strong>Anno di fabbricazione<\/strong> : 2011<\/li>\n<li><strong>Diametro max ingranaggio:<\/strong> 600 mm<\/li>\n<li><strong>Lunghezza massima del pezzo da lavorare:<\/strong> 1200 mm<\/li>\n<li><strong>Gamma di moduli:<\/strong> 1 \u2013 30<\/li>\n<\/ul>\n<p style=\"text-align: center;\"><strong>Altre informazioni:<\/strong><br \/>\nCon Primar, puoi gestire un&#039;ampia gamma di attivit\u00e0 di misurazione in modo pi\u00f9 economico che mai. \u00c8 la prima unit\u00e0 in grado di controllare componenti eccentrici con la precisione di Formtester. Con programmi di facile utilizzo per ingranaggi, utensili dentati, coppie coniche, alberi a camme, pistoni e bielle o programmi di misura personalizzati sviluppati appositamente per i tuoi componenti.<br \/>\nIngegneria meccanica e ingegneria elettrica: ingranaggi,<br \/>\nrotori, mandrini, gabbie di cuscinetti a sfere, alberi di ingranaggi cilindrici, evolventi<br \/>\ndentatura, alberi cavi con dentatura interna, alberi pignone,<br \/>\ningranaggi planetari, ingranaggi cavi, valvole di controllo, punterie, alberi a camme<br \/>\ne bielle<br \/>\nProduzione di veicoli: completata da pistoni, sterzo<br \/>\ncomponenti, perni di assali e alberi, alberi cardanici, ingranaggi conici ecc.<\/p>\n <\/div>\n\t\t\t<\/div> \n\t\t<\/div>\n\t<\/div> \n\n\t<div  class=\"vc_col-sm-4 wpb_column column_container vc_column_container col no-extra-padding inherit_tablet inherit_phone\"  data-padding-pos=\"all\" data-has-bg-color=\"false\" data-bg-color=\"\" data-bg-opacity=\"1\" data-animation=\"\" data-delay=\"0\" >\n\t\t<div class=\"vc_column-inner\" >\n\t\t\t<div class=\"wpb_wrapper\">\n\t\t\t\t\n\t\t\t<\/div> \n\t\t<\/div>\n\t<\/div> \n<\/div><\/div>","protected":false},"excerpt":{"rendered":"<div class=\"woocommerce-product-details__short-description\">\n<p>Ecco il nostro CNC <strong>TESTER PER INGRANAGGI.<\/strong><\/p>\n<p>Si presenta in ottime condizioni, per qualsiasi ulteriore informazione siamo a vostra disposizione!<\/p>\n<\/div>\n<div class=\"yith-ywraq-add-to-quote add-to-quote-10804\">\n<div class=\"yith-ywraq-add-button show\" data-product_id=\"10804\"><\/div>\n<\/div>","protected":false},"featured_media":11653,"comment_status":"closed","ping_status":"closed","template":"","meta":[],"product_brand":[],"product_cat":[28],"product_tag":[254,240,1252],"class_list":{"0":"post-11652","1":"product","2":"type-product","3":"status-publish","4":"has-post-thumbnail","6":"product_cat-gear-tester","7":"product_tag-gear-tester","8":"product_tag-maag","9":"product_tag-ph-60","10":"pa_luogo-italia","12":"first","13":"instock","14":"shipping-taxable","15":"product-type-simple"},"_links":{"self":[{"href":"https:\/\/www.laxmiusedmachine.com\/it\/wp-json\/wp\/v2\/product\/11652","targetHints":{"allow":["GET"]}}],"collection":[{"href":"https:\/\/www.laxmiusedmachine.com\/it\/wp-json\/wp\/v2\/product"}],"about":[{"href":"https:\/\/www.laxmiusedmachine.com\/it\/wp-json\/wp\/v2\/types\/product"}],"replies":[{"embeddable":true,"href":"https:\/\/www.laxmiusedmachine.com\/it\/wp-json\/wp\/v2\/comments?post=11652"}],"wp:featuredmedia":[{"embeddable":true,"href":"https:\/\/www.laxmiusedmachine.com\/it\/wp-json\/wp\/v2\/media\/11653"}],"wp:attachment":[{"href":"https:\/\/www.laxmiusedmachine.com\/it\/wp-json\/wp\/v2\/media?parent=11652"}],"wp:term":[{"taxonomy":"product_brand","embeddable":true,"href":"https:\/\/www.laxmiusedmachine.com\/it\/wp-json\/wp\/v2\/product_brand?post=11652"},{"taxonomy":"product_cat","embeddable":true,"href":"https:\/\/www.laxmiusedmachine.com\/it\/wp-json\/wp\/v2\/product_cat?post=11652"},{"taxonomy":"product_tag","embeddable":true,"href":"https:\/\/www.laxmiusedmachine.com\/it\/wp-json\/wp\/v2\/product_tag?post=11652"}],"curies":[{"name":"parola chiave","href":"https:\/\/api.w.org\/{rel}","templated":true}]}}