{"id":9988,"date":"2024-01-19T15:08:03","date_gmt":"2024-01-19T15:08:03","guid":{"rendered":"https:\/\/www.laxmiusedmachine.com\/?post_type=product&#038;p=9988"},"modified":"2024-01-19T15:08:03","modified_gmt":"2024-01-19T15:08:03","slug":"universal-milling-machine-mechanicy-fwa41m","status":"publish","type":"product","link":"https:\/\/www.laxmiusedmachine.com\/fr\/prodotto\/universal-milling-machine-mechanicy-fwa41m\/","title":{"rendered":"FRAISEUSE UNIVERSELLE, M\u00c9CANIQUE \u2013 FWA41M"},"content":{"rendered":"<div id=\"fws_69fa3a6069e9e\"  data-column-margin=\"default\" data-midnight=\"dark\"  class=\"wpb_row vc_row-fluid vc_row\"  style=\"padding-top: 0px; padding-bottom: 0px; \"><div class=\"row-bg-wrap\" data-bg-animation=\"none\" data-bg-animation-delay=\"\" data-bg-overlay=\"false\"><div class=\"inner-wrap row-bg-layer\" ><div class=\"row-bg viewport-desktop\"  style=\"\"><\/div><\/div><\/div><div class=\"row_col_wrap_12 col span_12 dark left\">\n\t<div  class=\"vc_col-sm-4 wpb_column column_container vc_column_container col no-extra-padding inherit_tablet inherit_phone\"  data-padding-pos=\"all\" data-has-bg-color=\"false\" data-bg-color=\"\" data-bg-opacity=\"1\" data-animation=\"\" data-delay=\"0\" >\n\t\t<div class=\"vc_column-inner\" >\n\t\t\t<div class=\"wpb_wrapper\">\n\t\t\t\t\n\t\t\t<\/div> \n\t\t<\/div>\n\t<\/div> \n\n\t<div  class=\"vc_col-sm-4 wpb_column column_container vc_column_container col no-extra-padding inherit_tablet inherit_phone\"  data-padding-pos=\"all\" data-has-bg-color=\"false\" data-bg-color=\"\" data-bg-opacity=\"1\" data-animation=\"\" data-delay=\"0\" >\n\t\t<div class=\"vc_column-inner\" >\n\t\t\t<div class=\"wpb_wrapper\">\n\t\t\t\t<div class=\"nectar-fancy-ul\" data-list-icon=\"linecon-icon-settings\" data-animation=\"false\" data-animation-delay=\"0\" data-color=\"accent-color\" data-spacing=\"default\" data-alignment=\"left\"> \n<p style=\"text-align: center;\"><strong>FRAISEUSE UNIVERSELLE<\/strong><\/p>\n<ul>\n<li style=\"text-align: center;\"><strong>Fabricant:<\/strong> M\u00e9canique<\/li>\n<li style=\"text-align: center;\"><strong>Mod\u00e8le:<\/strong> FWA41M<\/li>\n<li style=\"text-align: center;\"><strong>Taille du tableau\u00a0:<\/strong> 2000 x 400 mm<\/li>\n<li class=\"p1\" style=\"text-align: center;\"><strong>Voyage sur l&#039;axe X\u00a0:<\/strong> 1050 mm<\/li>\n<li class=\"p1\" style=\"text-align: center;\"><strong>Voyage sur l&#039;axe Y\u00a0:<\/strong> 450 mm<\/li>\n<li class=\"p1\" style=\"text-align: center;\"><strong>Voyage sur l&#039;axe Z\u00a0:<\/strong> 400 millim\u00e8tres<\/li>\n<li class=\"p1\" style=\"text-align: center;\"><strong>C\u00f4ne de broche\u00a0:<\/strong> ISO 50<\/li>\n<\/ul>\n<p style=\"text-align: center;\"><strong>Autres informations:\u00a0<\/strong><br \/>\nLa machine est en excellent \u00e9tat de fonctionnement et est compl\u00e8te, avec toutes ses pi\u00e8ces et accessoires.<br \/>\n<strong>Il est notamment \u00e9quip\u00e9 d&#039;un affichage num\u00e9rique de position (DRO), d&#039;une t\u00eate de fraisage de rechange et de nombreux c\u00f4nes de broche !<\/strong><\/p>\n <\/div>\n\t\t\t<\/div> \n\t\t<\/div>\n\t<\/div> \n\n\t<div  class=\"vc_col-sm-4 wpb_column column_container vc_column_container col no-extra-padding inherit_tablet inherit_phone\"  data-padding-pos=\"all\" data-has-bg-color=\"false\" data-bg-color=\"\" data-bg-opacity=\"1\" data-animation=\"\" data-delay=\"0\" >\n\t\t<div class=\"vc_column-inner\" >\n\t\t\t<div class=\"wpb_wrapper\">\n\t\t\t\t\n\t\t\t<\/div> \n\t\t<\/div>\n\t<\/div> \n<\/div><\/div>","protected":false},"excerpt":{"rendered":"<p>Voici notre <strong>FRAISEUSE UNIVERSELLE.<\/strong><\/p>\n<p>Il est en excellent \u00e9tat de fonctionnement, pour toute information compl\u00e9mentaire, nous sommes \u00e0 votre disposition !<\/p>","protected":false},"featured_media":9989,"comment_status":"closed","ping_status":"closed","template":"","meta":[],"product_brand":[],"product_cat":[45],"product_tag":[1187,1188,1186,769],"class_list":{"0":"post-9988","1":"product","2":"type-product","3":"status-publish","4":"has-post-thumbnail","6":"product_cat-universal-milling-machines","7":"product_tag-fwa-41-m","8":"product_tag-fwa-41m","9":"product_tag-mechanicy","10":"product_tag-universal-milling","11":"pa_luogo-italia","13":"first","14":"instock","15":"shipping-taxable","16":"product-type-simple"},"_links":{"self":[{"href":"https:\/\/www.laxmiusedmachine.com\/fr\/wp-json\/wp\/v2\/product\/9988","targetHints":{"allow":["GET"]}}],"collection":[{"href":"https:\/\/www.laxmiusedmachine.com\/fr\/wp-json\/wp\/v2\/product"}],"about":[{"href":"https:\/\/www.laxmiusedmachine.com\/fr\/wp-json\/wp\/v2\/types\/product"}],"replies":[{"embeddable":true,"href":"https:\/\/www.laxmiusedmachine.com\/fr\/wp-json\/wp\/v2\/comments?post=9988"}],"wp:featuredmedia":[{"embeddable":true,"href":"https:\/\/www.laxmiusedmachine.com\/fr\/wp-json\/wp\/v2\/media\/9989"}],"wp:attachment":[{"href":"https:\/\/www.laxmiusedmachine.com\/fr\/wp-json\/wp\/v2\/media?parent=9988"}],"wp:term":[{"taxonomy":"product_brand","embeddable":true,"href":"https:\/\/www.laxmiusedmachine.com\/fr\/wp-json\/wp\/v2\/product_brand?post=9988"},{"taxonomy":"product_cat","embeddable":true,"href":"https:\/\/www.laxmiusedmachine.com\/fr\/wp-json\/wp\/v2\/product_cat?post=9988"},{"taxonomy":"product_tag","embeddable":true,"href":"https:\/\/www.laxmiusedmachine.com\/fr\/wp-json\/wp\/v2\/product_tag?post=9988"}],"curies":[{"name":"wp","href":"https:\/\/api.w.org\/{rel}","templated":true}]}}