{"id":9982,"date":"2024-01-19T14:33:25","date_gmt":"2024-01-19T14:33:25","guid":{"rendered":"https:\/\/www.laxmiusedmachine.com\/?post_type=product&#038;p=9982"},"modified":"2024-01-19T14:56:59","modified_gmt":"2024-01-19T14:56:59","slug":"cnc-universal-bed-milling-machine-omv-bpf4-3200","status":"publish","type":"product","link":"https:\/\/www.laxmiusedmachine.com\/fr\/prodotto\/cnc-universal-bed-milling-machine-omv-bpf4-3200\/","title":{"rendered":"Fraiseuse \u00e0 banc universel CNC, OMV \u2013 BPF4 3200"},"content":{"rendered":"<div id=\"fws_69f05dcec8175\"  data-column-margin=\"default\" data-midnight=\"dark\"  class=\"wpb_row vc_row-fluid vc_row\"  style=\"padding-top: 0px; padding-bottom: 0px; \"><div class=\"row-bg-wrap\" data-bg-animation=\"none\" data-bg-animation-delay=\"\" data-bg-overlay=\"false\"><div class=\"inner-wrap row-bg-layer\" ><div class=\"row-bg viewport-desktop\"  style=\"\"><\/div><\/div><\/div><div class=\"row_col_wrap_12 col span_12 dark left\">\n\t<div  class=\"vc_col-sm-4 wpb_column column_container vc_column_container col no-extra-padding inherit_tablet inherit_phone\"  data-padding-pos=\"all\" data-has-bg-color=\"false\" data-bg-color=\"\" data-bg-opacity=\"1\" data-animation=\"\" data-delay=\"0\" >\n\t\t<div class=\"vc_column-inner\" >\n\t\t\t<div class=\"wpb_wrapper\">\n\t\t\t\t\n\t\t\t<\/div> \n\t\t<\/div>\n\t<\/div> \n\n\t<div  class=\"vc_col-sm-4 wpb_column column_container vc_column_container col no-extra-padding inherit_tablet inherit_phone\"  data-padding-pos=\"all\" data-has-bg-color=\"false\" data-bg-color=\"\" data-bg-opacity=\"1\" data-animation=\"\" data-delay=\"0\" >\n\t\t<div class=\"vc_column-inner\" >\n\t\t\t<div class=\"wpb_wrapper\">\n\t\t\t\t<div class=\"nectar-fancy-ul\" data-list-icon=\"linecon-icon-settings\" data-animation=\"false\" data-animation-delay=\"0\" data-color=\"accent-color\" data-spacing=\"default\" data-alignment=\"left\"> \n<p style=\"text-align: center;\"><strong>FRAISEUSE \u00c0 B\u00c2TIMENT UNIVERSEL CNC<\/strong><\/p>\n<ul style=\"text-align: center;\">\n<li><strong>Fabricant:<\/strong> OMV<\/li>\n<li><strong>Mod\u00e8le:<\/strong> BPF4 3200<\/li>\n<li><strong>CNC\u00a0:<\/strong> ECS 2301<\/li>\n<li><strong>Voyage sur l&#039;axe X\u00a0:<\/strong> 3250 mm<\/li>\n<li><strong>Voyage sur l&#039;axe Y\u00a0:<\/strong> 700 mm<\/li>\n<li><strong>Voyage sur l&#039;axe Z\u00a0:<\/strong> 550 millim\u00e8tres<\/li>\n<li><strong>Taille du tableau 1\u00a0:<\/strong> 820 x 1500 mm<\/li>\n<li><strong>Taille du tableau 2\u00a0:<\/strong> 820 x 800 mm<\/li>\n<li><strong>C\u00f4ne de broche\u00a0:<\/strong> ISO 40<\/li>\n<\/ul>\n<p style=\"text-align: center;\"><strong>Autres informations:<\/strong><br \/>\nLa machine est en excellent \u00e9tat de fonctionnement et est compl\u00e8te, avec toutes ses pi\u00e8ces et accessoires.<br \/>\n<strong>Il est notamment \u00e9quip\u00e9 de nombreux c\u00f4nes de broche !<\/strong><\/p>\n <\/div>\n\t\t\t<\/div> \n\t\t<\/div>\n\t<\/div> \n\n\t<div  class=\"vc_col-sm-4 wpb_column column_container vc_column_container col no-extra-padding inherit_tablet inherit_phone\"  data-padding-pos=\"all\" data-has-bg-color=\"false\" data-bg-color=\"\" data-bg-opacity=\"1\" data-animation=\"\" data-delay=\"0\" >\n\t\t<div class=\"vc_column-inner\" >\n\t\t\t<div class=\"wpb_wrapper\">\n\t\t\t\t\n\t\t\t<\/div> \n\t\t<\/div>\n\t<\/div> \n<\/div><\/div>","protected":false},"excerpt":{"rendered":"<p>Voici notre <strong>FRAISEUSE \u00c0 BANDE UNIVERSELLE CNC.<\/strong><\/p>\n<p>Il est en excellent \u00e9tat de fonctionnement, pour toute information compl\u00e9mentaire, nous sommes \u00e0 votre disposition !<\/p>","protected":false},"featured_media":9983,"comment_status":"closed","ping_status":"closed","template":"","meta":[],"product_brand":[],"product_cat":[46],"product_tag":[270,1184,1185,554,1182,1183,1181],"class_list":{"0":"post-9982","1":"product","2":"type-product","3":"status-publish","4":"has-post-thumbnail","6":"product_cat-bed-milling-machines","7":"product_tag-bed-milling","8":"product_tag-bpf-4","9":"product_tag-bpf4","10":"product_tag-cnc-bed-milling","11":"product_tag-cnc-universal-milling","12":"product_tag-omv","13":"product_tag-universal-bed-milling","14":"pa_luogo-italia","16":"first","17":"instock","18":"shipping-taxable","19":"product-type-simple"},"_links":{"self":[{"href":"https:\/\/www.laxmiusedmachine.com\/fr\/wp-json\/wp\/v2\/product\/9982","targetHints":{"allow":["GET"]}}],"collection":[{"href":"https:\/\/www.laxmiusedmachine.com\/fr\/wp-json\/wp\/v2\/product"}],"about":[{"href":"https:\/\/www.laxmiusedmachine.com\/fr\/wp-json\/wp\/v2\/types\/product"}],"replies":[{"embeddable":true,"href":"https:\/\/www.laxmiusedmachine.com\/fr\/wp-json\/wp\/v2\/comments?post=9982"}],"wp:featuredmedia":[{"embeddable":true,"href":"https:\/\/www.laxmiusedmachine.com\/fr\/wp-json\/wp\/v2\/media\/9983"}],"wp:attachment":[{"href":"https:\/\/www.laxmiusedmachine.com\/fr\/wp-json\/wp\/v2\/media?parent=9982"}],"wp:term":[{"taxonomy":"product_brand","embeddable":true,"href":"https:\/\/www.laxmiusedmachine.com\/fr\/wp-json\/wp\/v2\/product_brand?post=9982"},{"taxonomy":"product_cat","embeddable":true,"href":"https:\/\/www.laxmiusedmachine.com\/fr\/wp-json\/wp\/v2\/product_cat?post=9982"},{"taxonomy":"product_tag","embeddable":true,"href":"https:\/\/www.laxmiusedmachine.com\/fr\/wp-json\/wp\/v2\/product_tag?post=9982"}],"curies":[{"name":"wp","href":"https:\/\/api.w.org\/{rel}","templated":true}]}}