{"id":9835,"date":"2024-01-12T16:19:38","date_gmt":"2024-01-12T16:19:38","guid":{"rendered":"https:\/\/www.laxmiusedmachine.com\/?post_type=product&#038;p=9835"},"modified":"2024-02-19T09:40:02","modified_gmt":"2024-02-19T09:40:02","slug":"3-axis-cnc-cylindrical-grinder-jones-shipman-q-grind-u1000","status":"publish","type":"product","link":"https:\/\/www.laxmiusedmachine.com\/fr\/prodotto\/3-axis-cnc-cylindrical-grinder-jones-shipman-q-grind-u1000\/","title":{"rendered":"Rectifieuse cylindrique CNC 3 axes, Jones Shipman \u2013 Q-GRIND U1000"},"content":{"rendered":"<div id=\"fws_69f5a7506b42e\"  data-column-margin=\"default\" data-midnight=\"dark\"  class=\"wpb_row vc_row-fluid vc_row\"  style=\"padding-top: 0px; padding-bottom: 0px; \"><div class=\"row-bg-wrap\" data-bg-animation=\"none\" data-bg-animation-delay=\"\" data-bg-overlay=\"false\"><div class=\"inner-wrap row-bg-layer\" ><div class=\"row-bg viewport-desktop\"  style=\"\"><\/div><\/div><\/div><div class=\"row_col_wrap_12 col span_12 dark left\">\n\t<div  class=\"vc_col-sm-4 wpb_column column_container vc_column_container col no-extra-padding inherit_tablet inherit_phone\"  data-padding-pos=\"all\" data-has-bg-color=\"false\" data-bg-color=\"\" data-bg-opacity=\"1\" data-animation=\"\" data-delay=\"0\" >\n\t\t<div class=\"vc_column-inner\" >\n\t\t\t<div class=\"wpb_wrapper\">\n\t\t\t\t\n\t\t\t<\/div> \n\t\t<\/div>\n\t<\/div> \n\n\t<div  class=\"vc_col-sm-4 wpb_column column_container vc_column_container col no-extra-padding inherit_tablet inherit_phone\"  data-padding-pos=\"all\" data-has-bg-color=\"false\" data-bg-color=\"\" data-bg-opacity=\"1\" data-animation=\"\" data-delay=\"0\" >\n\t\t<div class=\"vc_column-inner\" >\n\t\t\t<div class=\"wpb_wrapper\">\n\t\t\t\t<div class=\"nectar-fancy-ul\" data-list-icon=\"linecon-icon-settings\" data-animation=\"false\" data-animation-delay=\"0\" data-color=\"accent-color\" data-spacing=\"default\" data-alignment=\"left\"> \n<p style=\"text-align: center;\"><strong>RECTIFIEUSE CYLINDRIQUE CNC 3 AXES<br \/>\n<\/strong><strong>\u00c9quip\u00e9 de :<\/strong><\/p>\n<ul>\n<li style=\"text-align: center;\"><strong>Meule double<\/strong><\/li>\n<li style=\"text-align: center;\"><strong>Axe B (table inclinable)<\/strong><\/li>\n<li style=\"text-align: center;\"><strong>Fixation interne<\/strong><strong>\u00a0<\/strong><\/li>\n<\/ul>\n<ul>\n<li style=\"text-align: center;\"><strong>Fabricant:<\/strong> Jones Shipman<\/li>\n<li style=\"text-align: center;\"><strong>Mod\u00e8le:<\/strong> Q-Grind U1000<\/li>\n<li style=\"text-align: center;\"><strong>CNC\u00a0:<\/strong> S\u00e9rie Fanuc Oi-TF <strong>(DERNI\u00c8RE FABRICATION CNC FANUC !)<\/strong><\/li>\n<li style=\"text-align: center;\"><strong>Ann\u00e9e de naissance :<\/strong> 2020<\/li>\n<li style=\"text-align: center;\"><strong>Distance entre centres :<\/strong> 1000 millim\u00e8tres<\/li>\n<li style=\"text-align: center;\"><strong>Diam\u00e8tre maximal de balancement :<\/strong> 450 mm<\/li>\n<li style=\"text-align: center;\"><strong>Dimensions de la meule du c\u00f4t\u00e9 gauche\u00a0:<\/strong> 450 x 50 x 127 mm<\/li>\n<li style=\"text-align: center;\"><strong>Dimensions de la meule du c\u00f4t\u00e9 droit\u00a0:<\/strong> 350 x 50 x 127 mm<\/li>\n<li style=\"text-align: center;\"><strong>Poids maximal autoris\u00e9 entre les centres\u00a0:<\/strong> 150 kg<\/li>\n<\/ul>\n<p style=\"text-align: center;\"><strong>Autres informations:<\/strong><br \/>\nLa machine est en excellent \u00e9tat et compl\u00e8te, avec toutes ses pi\u00e8ces et accessoires.<\/p>\n <\/div>\n\t\t\t<\/div> \n\t\t<\/div>\n\t<\/div> \n\n\t<div  class=\"vc_col-sm-4 wpb_column column_container vc_column_container col no-extra-padding inherit_tablet inherit_phone\"  data-padding-pos=\"all\" data-has-bg-color=\"false\" data-bg-color=\"\" data-bg-opacity=\"1\" data-animation=\"\" data-delay=\"0\" >\n\t\t<div class=\"vc_column-inner\" >\n\t\t\t<div class=\"wpb_wrapper\">\n\t\t\t\t\n\t\t\t<\/div> \n\t\t<\/div>\n\t<\/div> \n<\/div><\/div>","protected":false},"excerpt":{"rendered":"<p>Voici notre <strong>RECTIFIEUSE CYLINDRIQUE CNC 3 AXES.<\/strong><\/p>\n<p>La machine est en excellent \u00e9tat, pour toute information compl\u00e9mentaire, nous sommes \u00e0 votre disposition !<\/p>","protected":false},"featured_media":9841,"comment_status":"closed","ping_status":"closed","template":"","meta":[],"product_brand":[],"product_cat":[100],"product_tag":[106,1161,788,810,1162,1163],"class_list":{"0":"post-9835","1":"product","2":"type-product","3":"status-publish","4":"has-post-thumbnail","6":"product_cat-cylindrical-grinding-machines","7":"product_tag-cylindrical-grinder","8":"product_tag-cylindrical-grinding-machine","9":"product_tag-grinding","10":"product_tag-jones-shipman","11":"product_tag-q-grind","12":"product_tag-u-1000","13":"pa_luogo-italia","15":"first","16":"instock","17":"downloadable","18":"shipping-taxable","19":"purchasable","20":"product-type-simple"},"_links":{"self":[{"href":"https:\/\/www.laxmiusedmachine.com\/fr\/wp-json\/wp\/v2\/product\/9835","targetHints":{"allow":["GET"]}}],"collection":[{"href":"https:\/\/www.laxmiusedmachine.com\/fr\/wp-json\/wp\/v2\/product"}],"about":[{"href":"https:\/\/www.laxmiusedmachine.com\/fr\/wp-json\/wp\/v2\/types\/product"}],"replies":[{"embeddable":true,"href":"https:\/\/www.laxmiusedmachine.com\/fr\/wp-json\/wp\/v2\/comments?post=9835"}],"wp:featuredmedia":[{"embeddable":true,"href":"https:\/\/www.laxmiusedmachine.com\/fr\/wp-json\/wp\/v2\/media\/9841"}],"wp:attachment":[{"href":"https:\/\/www.laxmiusedmachine.com\/fr\/wp-json\/wp\/v2\/media?parent=9835"}],"wp:term":[{"taxonomy":"product_brand","embeddable":true,"href":"https:\/\/www.laxmiusedmachine.com\/fr\/wp-json\/wp\/v2\/product_brand?post=9835"},{"taxonomy":"product_cat","embeddable":true,"href":"https:\/\/www.laxmiusedmachine.com\/fr\/wp-json\/wp\/v2\/product_cat?post=9835"},{"taxonomy":"product_tag","embeddable":true,"href":"https:\/\/www.laxmiusedmachine.com\/fr\/wp-json\/wp\/v2\/product_tag?post=9835"}],"curies":[{"name":"wp","href":"https:\/\/api.w.org\/{rel}","templated":true}]}}