{"id":9060,"date":"2023-11-20T15:22:41","date_gmt":"2023-11-20T15:22:41","guid":{"rendered":"https:\/\/www.laxmiusedmachine.com\/?post_type=product&#038;p=9060"},"modified":"2024-07-08T15:15:33","modified_gmt":"2024-07-08T15:15:33","slug":"8-axis-cnc-gear-grinder-gleason-pfauter-g320-2001","status":"publish","type":"product","link":"https:\/\/www.laxmiusedmachine.com\/fr\/prodotto\/8-axis-cnc-gear-grinder-gleason-pfauter-g320-2001\/","title":{"rendered":"RECTIFIEUSE D&#039;ENGRENAGES CNC 8 AXES, GLEASON PFAUTER \u2013 G320 [2001]"},"content":{"rendered":"<div id=\"fws_69d8bf0daa803\"  data-column-margin=\"default\" data-midnight=\"dark\"  class=\"wpb_row vc_row-fluid vc_row\"  style=\"padding-top: 0px; padding-bottom: 0px; \"><div class=\"row-bg-wrap\" data-bg-animation=\"none\" data-bg-animation-delay=\"\" data-bg-overlay=\"false\"><div class=\"inner-wrap row-bg-layer\" ><div class=\"row-bg viewport-desktop\"  style=\"\"><\/div><\/div><\/div><div class=\"row_col_wrap_12 col span_12 dark left\">\n\t<div  class=\"vc_col-sm-4 wpb_column column_container vc_column_container col no-extra-padding inherit_tablet inherit_phone\"  data-padding-pos=\"all\" data-has-bg-color=\"false\" data-bg-color=\"\" data-bg-opacity=\"1\" data-animation=\"\" data-delay=\"0\" >\n\t\t<div class=\"vc_column-inner\" >\n\t\t\t<div class=\"wpb_wrapper\">\n\t\t\t\t\n\t\t\t<\/div> \n\t\t<\/div>\n\t<\/div> \n\n\t<div  class=\"vc_col-sm-4 wpb_column column_container vc_column_container col no-extra-padding inherit_tablet inherit_phone\"  data-padding-pos=\"all\" data-has-bg-color=\"false\" data-bg-color=\"\" data-bg-opacity=\"1\" data-animation=\"\" data-delay=\"0\" >\n\t\t<div class=\"vc_column-inner\" >\n\t\t\t<div class=\"wpb_wrapper\">\n\t\t\t\t<div class=\"nectar-fancy-ul\" data-list-icon=\"linecon-icon-settings\" data-animation=\"false\" data-animation-delay=\"0\" data-color=\"accent-color\" data-spacing=\"default\" data-alignment=\"left\"> \n<p style=\"text-align: center;\"><strong>RECTIFIEUSE D'ENGRENAGES CNC 8 AXES<\/strong><\/p>\n<ul style=\"text-align: center;\">\n<li><strong>Fabricant: <\/strong>Gleason \u2013 Pfauter<\/li>\n<li><i class=\"icon-default-style linecon-icon-settings accent-color\"><\/i><strong>Mod\u00e8le: <\/strong>G320<\/li>\n<li><i class=\"icon-default-style linecon-icon-settings accent-color\"><\/i><strong>CNC\u00a0: <\/strong>Siemens 840C<\/li>\n<li><strong>Ann\u00e9e de naissance :<\/strong> 2001<\/li>\n<li><strong>Diam\u00e8tre de l&#039;engrenage\u00a0:<\/strong> 10 \u2013 380 mm<\/li>\n<li><strong>Gamme de modules :<\/strong> 0,5 \u2013 7<\/li>\n<li><strong>Nombre de dents:<\/strong> 10 \u2013 600<\/li>\n<li><strong>Course de l&#039;axe radial (axe X)\u00a0:<\/strong> 230 millim\u00e8tres<\/li>\n<li><strong>D\u00e9placement de la course de l&#039;axe tangentiel<\/strong> <strong>(Axe Y) :<\/strong> 135 mm<\/li>\n<li><strong>Course de l&#039;axe vertical (axe Z)\u00a0:<\/strong> 200 mm<\/li>\n<li><strong>T\u00eate de serrage \u00e0 angle pivotant (axe A) : \u00b1<\/strong>45\u00b0<\/li>\n<li><strong>Course de l&#039;axe tangentiel de la commode (axe V)\u00a0:<\/strong> 180 millim\u00e8tres<\/li>\n<li><strong>Course de l&#039;axe radial de la commode (axe U)\u00a0:<\/strong> 110 millim\u00e8tres<\/li>\n<li><strong>Pr\u00e9cision de rectification :<\/strong> Classe 4\/5\u00a0<i class=\"icon-default-style linecon-icon-settings accent-color\"><\/i><i class=\"icon-default-style linecon-icon-settings accent-color\"><\/i><i class=\"icon-default-style linecon-icon-settings accent-color\"><\/i><i class=\"icon-default-style linecon-icon-settings accent-color\"><\/i><\/li>\n<\/ul>\n<p style=\"text-align: center;\"><strong>Autres informations:<\/strong><br \/>\nLa machine fonctionne toujours, est en excellent \u00e9tat et est compl\u00e8te avec toutes ses pi\u00e8ces et accessoires.<\/p>\n <\/div>\n\t\t\t<\/div> \n\t\t<\/div>\n\t<\/div> \n\n\t<div  class=\"vc_col-sm-4 wpb_column column_container vc_column_container col no-extra-padding inherit_tablet inherit_phone\"  data-padding-pos=\"all\" data-has-bg-color=\"false\" data-bg-color=\"\" data-bg-opacity=\"1\" data-animation=\"\" data-delay=\"0\" >\n\t\t<div class=\"vc_column-inner\" >\n\t\t\t<div class=\"wpb_wrapper\">\n\t\t\t\t\n\t\t\t<\/div> \n\t\t<\/div>\n\t<\/div> \n<\/div><\/div>","protected":false},"excerpt":{"rendered":"<p>Voici notre <strong>RECTIFIEUSE D&#039;ENGRENAGES CNC 8 AXES.<\/strong><\/p>\n<p>Il est en excellent \u00e9tat, pour toute information compl\u00e9mentaire, nous sommes \u00e0 votre disposition !<\/p>","protected":false},"featured_media":9069,"comment_status":"closed","ping_status":"closed","template":"","meta":[],"product_brand":[],"product_cat":[444],"product_tag":[162,1125,1124,206,236],"class_list":{"0":"post-9060","1":"product","2":"type-product","3":"status-publish","4":"has-post-thumbnail","6":"product_cat-cnc-gear-grinding-machines","7":"product_tag-cnc-gear-grinder","8":"product_tag-g-320","9":"product_tag-g320","10":"product_tag-gleason","11":"product_tag-pfauter","12":"pa_luogo-italia","14":"first","15":"instock","16":"shipping-taxable","17":"product-type-simple"},"_links":{"self":[{"href":"https:\/\/www.laxmiusedmachine.com\/fr\/wp-json\/wp\/v2\/product\/9060","targetHints":{"allow":["GET"]}}],"collection":[{"href":"https:\/\/www.laxmiusedmachine.com\/fr\/wp-json\/wp\/v2\/product"}],"about":[{"href":"https:\/\/www.laxmiusedmachine.com\/fr\/wp-json\/wp\/v2\/types\/product"}],"replies":[{"embeddable":true,"href":"https:\/\/www.laxmiusedmachine.com\/fr\/wp-json\/wp\/v2\/comments?post=9060"}],"wp:featuredmedia":[{"embeddable":true,"href":"https:\/\/www.laxmiusedmachine.com\/fr\/wp-json\/wp\/v2\/media\/9069"}],"wp:attachment":[{"href":"https:\/\/www.laxmiusedmachine.com\/fr\/wp-json\/wp\/v2\/media?parent=9060"}],"wp:term":[{"taxonomy":"product_brand","embeddable":true,"href":"https:\/\/www.laxmiusedmachine.com\/fr\/wp-json\/wp\/v2\/product_brand?post=9060"},{"taxonomy":"product_cat","embeddable":true,"href":"https:\/\/www.laxmiusedmachine.com\/fr\/wp-json\/wp\/v2\/product_cat?post=9060"},{"taxonomy":"product_tag","embeddable":true,"href":"https:\/\/www.laxmiusedmachine.com\/fr\/wp-json\/wp\/v2\/product_tag?post=9060"}],"curies":[{"name":"wp","href":"https:\/\/api.w.org\/{rel}","templated":true}]}}