{"id":8412,"date":"2023-10-05T09:20:33","date_gmt":"2023-10-05T09:20:33","guid":{"rendered":"https:\/\/www.laxmiusedmachine.com\/?post_type=product&#038;p=8412"},"modified":"2024-02-19T09:40:16","modified_gmt":"2024-02-19T09:40:16","slug":"4-axis-cnc-internal-grinding-machine-reinecker-isa-200-cnc","status":"publish","type":"product","link":"https:\/\/www.laxmiusedmachine.com\/fr\/prodotto\/4-axis-cnc-internal-grinding-machine-reinecker-isa-200-cnc\/","title":{"rendered":"Rectifieuse int\u00e9rieure CNC 4 axes, Reinecker \u2013 ISA 200 CNC"},"content":{"rendered":"<div id=\"fws_69f34e9279f0c\"  data-column-margin=\"default\" data-midnight=\"dark\"  class=\"wpb_row vc_row-fluid vc_row\"  style=\"padding-top: 0px; padding-bottom: 0px; \"><div class=\"row-bg-wrap\" data-bg-animation=\"none\" data-bg-animation-delay=\"\" data-bg-overlay=\"false\"><div class=\"inner-wrap row-bg-layer\" ><div class=\"row-bg viewport-desktop\"  style=\"\"><\/div><\/div><\/div><div class=\"row_col_wrap_12 col span_12 dark left\">\n\t<div  class=\"vc_col-sm-4 wpb_column column_container vc_column_container col no-extra-padding inherit_tablet inherit_phone\"  data-padding-pos=\"all\" data-has-bg-color=\"false\" data-bg-color=\"\" data-bg-opacity=\"1\" data-animation=\"\" data-delay=\"0\" >\n\t\t<div class=\"vc_column-inner\" >\n\t\t\t<div class=\"wpb_wrapper\">\n\t\t\t\t\n\t\t\t<\/div> \n\t\t<\/div>\n\t<\/div> \n\n\t<div  class=\"vc_col-sm-4 wpb_column column_container vc_column_container col no-extra-padding inherit_tablet inherit_phone\"  data-padding-pos=\"all\" data-has-bg-color=\"false\" data-bg-color=\"\" data-bg-opacity=\"1\" data-animation=\"\" data-delay=\"0\" >\n\t\t<div class=\"vc_column-inner\" >\n\t\t\t<div class=\"wpb_wrapper\">\n\t\t\t\t<div class=\"nectar-fancy-ul\" data-list-icon=\"linecon-icon-settings\" data-animation=\"false\" data-animation-delay=\"0\" data-color=\"accent-color\" data-spacing=\"default\" data-alignment=\"left\"> \n<p style=\"text-align: center;\"><strong>RECTIFIEUSE INTERNE CNC 4 AXES<\/strong><\/p>\n<ul>\n<li style=\"text-align: center;\"><strong>Fabricant:<\/strong> Reinecker<\/li>\n<li style=\"text-align: center;\"><strong>Mod\u00e8le:<\/strong> ISA 200 CNC<\/li>\n<li style=\"text-align: center;\"><strong>CNC\u00a0:<\/strong> Syst\u00e8me Siemens Sinumerik 3<\/li>\n<li style=\"text-align: center;\"><strong>Diam\u00e8tre de broyage min \u2013 max\u00a0:<\/strong> 10 \u2013 250 mm<\/li>\n<li style=\"text-align: center;\"><strong>Profondeur de meulage max\u00a0:<\/strong> 250 millim\u00e8tres<\/li>\n<li style=\"text-align: center;\"><strong>Hauteur centrale\u00a0:<\/strong> 305 millim\u00e8tres<\/li>\n<li style=\"text-align: center;\"><strong>Course de l&#039;axe X :<\/strong> 75 millim\u00e8tres<\/li>\n<li style=\"text-align: center;\"><strong>Axe U Voyage :<\/strong> 200 mm<\/li>\n<li style=\"text-align: center;\"><strong>D\u00e9placement sur l&#039;axe Z :<\/strong> 550 millim\u00e8tres<\/li>\n<li style=\"text-align: center;\"><strong>C\u00f4ne de broche\u00a0:<\/strong> Morse 6<\/li>\n<li style=\"text-align: center;\"><strong>Inclinaison maximale de la broche\u00a0:<\/strong> 15\u00b0<\/li>\n<\/ul>\n<p style=\"text-align: center;\"><strong>Autres informations:<\/strong><br \/>\nLa machine est en excellent \u00e9tat et compl\u00e8te, avec toutes ses pi\u00e8ces et accessoires.<br \/>\nLa machine est notamment \u00e9quip\u00e9e de <strong>3 broches<br \/>\n(jusqu&#039;\u00e0 75 000 tr\/min)<\/strong><\/p>\n <\/div>\n\t\t\t<\/div> \n\t\t<\/div>\n\t<\/div> \n\n\t<div  class=\"vc_col-sm-4 wpb_column column_container vc_column_container col no-extra-padding inherit_tablet inherit_phone\"  data-padding-pos=\"all\" data-has-bg-color=\"false\" data-bg-color=\"\" data-bg-opacity=\"1\" data-animation=\"\" data-delay=\"0\" >\n\t\t<div class=\"vc_column-inner\" >\n\t\t\t<div class=\"wpb_wrapper\">\n\t\t\t\t\n\t\t\t<\/div> \n\t\t<\/div>\n\t<\/div> \n<\/div><\/div>","protected":false},"excerpt":{"rendered":"<p>Voici notre<strong> RECTIFIEUSE INTERNE CNC 4 AXES.<\/strong><\/p>\n<p>Il est en excellent \u00e9tat, pour toute information compl\u00e9mentaire, nous sommes \u00e0 votre disposition !<\/p>\n<p>&nbsp;<\/p>\n<p>https:\/\/www.youtube.com\/watch?v=CaUyfiQ05cY<\/p>\n<p>&nbsp;<\/p>","protected":false},"featured_media":8531,"comment_status":"closed","ping_status":"closed","template":"","meta":[],"product_brand":[],"product_cat":[36],"product_tag":[764,52,72,792,1069,681],"class_list":{"0":"post-8412","1":"product","2":"type-product","3":"status-publish","4":"has-post-thumbnail","6":"product_cat-internal-grinding-machines","7":"product_tag-4-axis","8":"product_tag-cnc","9":"product_tag-internal-grinder","10":"product_tag-internal-grinding","11":"product_tag-isa-200-cnc","12":"product_tag-reinecker","13":"pa_luogo-india","15":"first","16":"instock","17":"shipping-taxable","18":"product-type-simple"},"_links":{"self":[{"href":"https:\/\/www.laxmiusedmachine.com\/fr\/wp-json\/wp\/v2\/product\/8412","targetHints":{"allow":["GET"]}}],"collection":[{"href":"https:\/\/www.laxmiusedmachine.com\/fr\/wp-json\/wp\/v2\/product"}],"about":[{"href":"https:\/\/www.laxmiusedmachine.com\/fr\/wp-json\/wp\/v2\/types\/product"}],"replies":[{"embeddable":true,"href":"https:\/\/www.laxmiusedmachine.com\/fr\/wp-json\/wp\/v2\/comments?post=8412"}],"wp:featuredmedia":[{"embeddable":true,"href":"https:\/\/www.laxmiusedmachine.com\/fr\/wp-json\/wp\/v2\/media\/8531"}],"wp:attachment":[{"href":"https:\/\/www.laxmiusedmachine.com\/fr\/wp-json\/wp\/v2\/media?parent=8412"}],"wp:term":[{"taxonomy":"product_brand","embeddable":true,"href":"https:\/\/www.laxmiusedmachine.com\/fr\/wp-json\/wp\/v2\/product_brand?post=8412"},{"taxonomy":"product_cat","embeddable":true,"href":"https:\/\/www.laxmiusedmachine.com\/fr\/wp-json\/wp\/v2\/product_cat?post=8412"},{"taxonomy":"product_tag","embeddable":true,"href":"https:\/\/www.laxmiusedmachine.com\/fr\/wp-json\/wp\/v2\/product_tag?post=8412"}],"curies":[{"name":"wp","href":"https:\/\/api.w.org\/{rel}","templated":true}]}}