{"id":8219,"date":"2023-09-25T13:18:30","date_gmt":"2023-09-25T13:18:30","guid":{"rendered":"https:\/\/www.laxmiusedmachine.com\/?post_type=product&#038;p=8219"},"modified":"2024-03-22T13:49:03","modified_gmt":"2024-03-22T13:49:03","slug":"broaching-machine-varinelli-bub-40-2000","status":"publish","type":"product","link":"https:\/\/www.laxmiusedmachine.com\/fr\/prodotto\/broaching-machine-varinelli-bub-40-2000\/","title":{"rendered":"MACHINE \u00c0 BROCHER, VARINELLI \u2013 BUB 40\/2000"},"content":{"rendered":"<div id=\"fws_69f4851175f87\"  data-column-margin=\"default\" data-midnight=\"dark\"  class=\"wpb_row vc_row-fluid vc_row\"  style=\"padding-top: 0px; padding-bottom: 0px; \"><div class=\"row-bg-wrap\" data-bg-animation=\"none\" data-bg-animation-delay=\"\" data-bg-overlay=\"false\"><div class=\"inner-wrap row-bg-layer\" ><div class=\"row-bg viewport-desktop\"  style=\"\"><\/div><\/div><\/div><div class=\"row_col_wrap_12 col span_12 dark left\">\n\t<div  class=\"vc_col-sm-4 wpb_column column_container vc_column_container col no-extra-padding inherit_tablet inherit_phone\"  data-padding-pos=\"all\" data-has-bg-color=\"false\" data-bg-color=\"\" data-bg-opacity=\"1\" data-animation=\"\" data-delay=\"0\" >\n\t\t<div class=\"vc_column-inner\" >\n\t\t\t<div class=\"wpb_wrapper\">\n\t\t\t\t\n\t\t\t<\/div> \n\t\t<\/div>\n\t<\/div> \n\n\t<div  class=\"vc_col-sm-4 wpb_column column_container vc_column_container col no-extra-padding inherit_tablet inherit_phone\"  data-padding-pos=\"all\" data-has-bg-color=\"false\" data-bg-color=\"\" data-bg-opacity=\"1\" data-animation=\"\" data-delay=\"0\" >\n\t\t<div class=\"vc_column-inner\" >\n\t\t\t<div class=\"wpb_wrapper\">\n\t\t\t\t<div class=\"nectar-fancy-ul\" data-list-icon=\"linecon-icon-settings\" data-animation=\"false\" data-animation-delay=\"0\" data-color=\"accent-color\" data-spacing=\"default\" data-alignment=\"left\"> \n<p class=\"p1\" style=\"text-align: center;\"><b>MACHINE DE BROCHAGE<br \/>\n<\/b><\/p>\n<p class=\"p1\" style=\"text-align: center;\"><b><strong>\u00c9quip\u00e9 de <\/strong><\/b><b><strong>nouveau <\/strong><span class=\"s1\">unit\u00e9 de commande hydraulique<br \/>\net <\/span><\/b><b><span class=\"s1\">nouveau tableau \u00e9lectrique<\/span><\/b><b><\/b><\/p>\n<p class=\"p1\" style=\"text-align: center;\"><b>Fabricant:<\/b> Varinelli<\/p>\n<p class=\"p1\" style=\"text-align: center;\"><b>Mod\u00e8le:<\/b> BUB 40\/2000<\/p>\n<ul style=\"text-align: center;\">\n<li class=\"p1\"><b>capacit\u00e9: \\<\/b> 40 tonnes<\/li>\n<li class=\"p1\"><b>Longueur maximale de la broche :<\/b> 2000 mm<\/li>\n<li><strong>Diam\u00e8tre d&#039;al\u00e9sage de la table :<\/strong> 235 mm<\/li>\n<li><strong>Diam\u00e8tre de travail maximum\u00a0:<\/strong> 770 mm<\/li>\n<\/ul>\n<p class=\"p2\" style=\"text-align: center;\"><b>Autre info:<\/b><\/p>\n<p class=\"p2\" style=\"text-align: center;\">La machine est en excellent \u00e9tat et compl\u00e8te, avec toutes ses pi\u00e8ces et accessoires.<\/p>\n <\/div>\n\t\t\t<\/div> \n\t\t<\/div>\n\t<\/div> \n\n\t<div  class=\"vc_col-sm-4 wpb_column column_container vc_column_container col no-extra-padding inherit_tablet inherit_phone\"  data-padding-pos=\"all\" data-has-bg-color=\"false\" data-bg-color=\"\" data-bg-opacity=\"1\" data-animation=\"\" data-delay=\"0\" >\n\t\t<div class=\"vc_column-inner\" >\n\t\t\t<div class=\"wpb_wrapper\">\n\t\t\t\t\n\t\t\t<\/div> \n\t\t<\/div>\n\t<\/div> \n<\/div><\/div>","protected":false},"excerpt":{"rendered":"<p>Voici notre<strong> MACHINE DE BROCHAGE<\/strong> du fabricant italien <strong>Varinelli.<\/strong> <strong>Le tableau \u00e9lectrique et l&#039;unit\u00e9 de commande hydraulique sont neufs !<\/strong><\/p>","protected":false},"featured_media":8287,"comment_status":"closed","ping_status":"closed","template":"","meta":[],"product_brand":[],"product_cat":[21],"product_tag":[1060,1040,862,171,172],"class_list":{"0":"post-8219","1":"product","2":"type-product","3":"status-publish","4":"has-post-thumbnail","6":"product_cat-broaching-machines","7":"product_tag-1060","8":"product_tag-40-ton","9":"product_tag-broach","10":"product_tag-broaching","11":"product_tag-varinelli","12":"pa_luogo-india","14":"first","15":"instock","16":"shipping-taxable","17":"product-type-simple"},"_links":{"self":[{"href":"https:\/\/www.laxmiusedmachine.com\/fr\/wp-json\/wp\/v2\/product\/8219","targetHints":{"allow":["GET"]}}],"collection":[{"href":"https:\/\/www.laxmiusedmachine.com\/fr\/wp-json\/wp\/v2\/product"}],"about":[{"href":"https:\/\/www.laxmiusedmachine.com\/fr\/wp-json\/wp\/v2\/types\/product"}],"replies":[{"embeddable":true,"href":"https:\/\/www.laxmiusedmachine.com\/fr\/wp-json\/wp\/v2\/comments?post=8219"}],"wp:featuredmedia":[{"embeddable":true,"href":"https:\/\/www.laxmiusedmachine.com\/fr\/wp-json\/wp\/v2\/media\/8287"}],"wp:attachment":[{"href":"https:\/\/www.laxmiusedmachine.com\/fr\/wp-json\/wp\/v2\/media?parent=8219"}],"wp:term":[{"taxonomy":"product_brand","embeddable":true,"href":"https:\/\/www.laxmiusedmachine.com\/fr\/wp-json\/wp\/v2\/product_brand?post=8219"},{"taxonomy":"product_cat","embeddable":true,"href":"https:\/\/www.laxmiusedmachine.com\/fr\/wp-json\/wp\/v2\/product_cat?post=8219"},{"taxonomy":"product_tag","embeddable":true,"href":"https:\/\/www.laxmiusedmachine.com\/fr\/wp-json\/wp\/v2\/product_tag?post=8219"}],"curies":[{"name":"wp","href":"https:\/\/api.w.org\/{rel}","templated":true}]}}