{"id":8167,"date":"2023-09-15T09:36:32","date_gmt":"2023-09-15T09:36:32","guid":{"rendered":"https:\/\/www.laxmiusedmachine.com\/?post_type=product&#038;p=8167"},"modified":"2024-01-10T08:36:17","modified_gmt":"2024-01-10T08:36:17","slug":"external-grinder-ribon-rur-h-1500","status":"publish","type":"product","link":"https:\/\/www.laxmiusedmachine.com\/fr\/prodotto\/external-grinder-ribon-rur-h-1500\/","title":{"rendered":"BROYEUR EXTERNE, RIBON \u2013 RUR-H 1500"},"content":{"rendered":"<div id=\"fws_69f3f432636fa\"  data-column-margin=\"default\" data-midnight=\"dark\"  class=\"wpb_row vc_row-fluid vc_row\"  style=\"padding-top: 0px; padding-bottom: 0px; \"><div class=\"row-bg-wrap\" data-bg-animation=\"none\" data-bg-animation-delay=\"\" data-bg-overlay=\"false\"><div class=\"inner-wrap row-bg-layer\" ><div class=\"row-bg viewport-desktop\"  style=\"\"><\/div><\/div><\/div><div class=\"row_col_wrap_12 col span_12 dark left\">\n\t<div  class=\"vc_col-sm-4 wpb_column column_container vc_column_container col no-extra-padding inherit_tablet inherit_phone\"  data-padding-pos=\"all\" data-has-bg-color=\"false\" data-bg-color=\"\" data-bg-opacity=\"1\" data-animation=\"\" data-delay=\"0\" >\n\t\t<div class=\"vc_column-inner\" >\n\t\t\t<div class=\"wpb_wrapper\">\n\t\t\t\t\n\t\t\t<\/div> \n\t\t<\/div>\n\t<\/div> \n\n\t<div  class=\"vc_col-sm-4 wpb_column column_container vc_column_container col no-extra-padding inherit_tablet inherit_phone\"  data-padding-pos=\"all\" data-has-bg-color=\"false\" data-bg-color=\"\" data-bg-opacity=\"1\" data-animation=\"\" data-delay=\"0\" >\n\t\t<div class=\"vc_column-inner\" >\n\t\t\t<div class=\"wpb_wrapper\">\n\t\t\t\t<div class=\"nectar-fancy-ul\" data-list-icon=\"linecon-icon-settings\" data-animation=\"false\" data-animation-delay=\"0\" data-color=\"accent-color\" data-spacing=\"default\" data-alignment=\"left\"> \n<p class=\"p1\" style=\"text-align: center;\"><b>RECTIFIEUSE EXTERNE<\/b><\/p>\n<p class=\"p1\" style=\"text-align: center;\"><b>Fabricant:<\/b> Ruban<\/p>\n<p class=\"p1\" style=\"text-align: center;\"><b>Mod\u00e8le:<\/b> RUR-H 1500<\/p>\n<ul style=\"text-align: center;\">\n<li class=\"p1\"><b>Distance entre centres :<\/b> 1500 millim\u00e8tres<\/li>\n<li class=\"p1\"><b>Diam\u00e8tre min\/max de la pi\u00e8ce :<\/b> 10\/180 mm<\/li>\n<li class=\"p1\"><b>Diam\u00e8tre de la meule :<\/b> 400 millim\u00e8tres<\/li>\n<\/ul>\n<p class=\"p1\" style=\"text-align: center;\"><b>Autre info:<\/b><\/p>\n<p class=\"p1\" style=\"text-align: center;\">La machine est en excellent \u00e9tat et compl\u00e8te.<\/p>\n<p class=\"p1\" style=\"text-align: center;\"><strong>Accessoires disponibles :<\/strong><\/p>\n<ul>\n<li class=\"p1\" style=\"text-align: center;\">Marposs analogique avec support pour petits et grands diam\u00e8tres<\/li>\n<li class=\"p1\" style=\"text-align: center;\">R\u00e9servoir de refroidissement<\/li>\n<li class=\"p1\" style=\"text-align: center;\">9 meules (dont 2 neuves)<\/li>\n<li class=\"p1\" style=\"text-align: center;\">8 brides de porte-meule<\/li>\n<li class=\"p1\" style=\"text-align: center;\">3 lunettes de diam\u00e8tres diff\u00e9rents<\/li>\n<li class=\"p1\" style=\"text-align: center;\">Bride de traction de pi\u00e8ce de 16 mm \u00e0 90 mm de diam\u00e8tre<\/li>\n<li class=\"p1\" style=\"text-align: center;\">Jeu de contre-pointes comme illustr\u00e9 (sans porte-c\u00f4nes)<\/li>\n<li class=\"p1\" style=\"text-align: center;\">\u00c9quilibreur de meule<\/li>\n<li class=\"p1\" style=\"text-align: center;\">4 nouveaux diamants<\/li>\n<li class=\"p1\" style=\"text-align: center;\">Porte-diamant pour meule inclin\u00e9e<\/li>\n<\/ul>\n <\/div>\n\t\t\t<\/div> \n\t\t<\/div>\n\t<\/div> \n\n\t<div  class=\"vc_col-sm-4 wpb_column column_container vc_column_container col no-extra-padding inherit_tablet inherit_phone\"  data-padding-pos=\"all\" data-has-bg-color=\"false\" data-bg-color=\"\" data-bg-opacity=\"1\" data-animation=\"\" data-delay=\"0\" >\n\t\t<div class=\"vc_column-inner\" >\n\t\t\t<div class=\"wpb_wrapper\">\n\t\t\t\t\n\t\t\t<\/div> \n\t\t<\/div>\n\t<\/div> \n<\/div><\/div>","protected":false},"excerpt":{"rendered":"<p>Voici notre <strong>MEULEUSE EXTERNE,<\/strong><\/p>\n<p>La machine est en excellent \u00e9tat ; pour toute information compl\u00e9mentaire, nous restons \u00e0 votre disposition.<\/p>","protected":false},"featured_media":8173,"comment_status":"closed","ping_status":"closed","template":"","meta":[],"product_brand":[],"product_cat":[37],"product_tag":[1039,506,214,104,788,225,1037,1038],"class_list":{"0":"post-8167","1":"product","2":"type-product","3":"status-publish","4":"has-post-thumbnail","6":"product_cat-external-grinding-machines","7":"product_tag-1039","8":"product_tag-angular","9":"product_tag-external","10":"product_tag-grinder","11":"product_tag-grinding","12":"product_tag-ribon","13":"product_tag-rur","14":"product_tag-rurh","15":"pa_luogo-india","17":"first","18":"instock","19":"shipping-taxable","20":"product-type-simple"},"_links":{"self":[{"href":"https:\/\/www.laxmiusedmachine.com\/fr\/wp-json\/wp\/v2\/product\/8167","targetHints":{"allow":["GET"]}}],"collection":[{"href":"https:\/\/www.laxmiusedmachine.com\/fr\/wp-json\/wp\/v2\/product"}],"about":[{"href":"https:\/\/www.laxmiusedmachine.com\/fr\/wp-json\/wp\/v2\/types\/product"}],"replies":[{"embeddable":true,"href":"https:\/\/www.laxmiusedmachine.com\/fr\/wp-json\/wp\/v2\/comments?post=8167"}],"wp:featuredmedia":[{"embeddable":true,"href":"https:\/\/www.laxmiusedmachine.com\/fr\/wp-json\/wp\/v2\/media\/8173"}],"wp:attachment":[{"href":"https:\/\/www.laxmiusedmachine.com\/fr\/wp-json\/wp\/v2\/media?parent=8167"}],"wp:term":[{"taxonomy":"product_brand","embeddable":true,"href":"https:\/\/www.laxmiusedmachine.com\/fr\/wp-json\/wp\/v2\/product_brand?post=8167"},{"taxonomy":"product_cat","embeddable":true,"href":"https:\/\/www.laxmiusedmachine.com\/fr\/wp-json\/wp\/v2\/product_cat?post=8167"},{"taxonomy":"product_tag","embeddable":true,"href":"https:\/\/www.laxmiusedmachine.com\/fr\/wp-json\/wp\/v2\/product_tag?post=8167"}],"curies":[{"name":"wp","href":"https:\/\/api.w.org\/{rel}","templated":true}]}}