{"id":7012,"date":"2023-07-11T15:02:57","date_gmt":"2023-07-11T15:02:57","guid":{"rendered":"https:\/\/www.laxmiusedmachine.com\/?post_type=product&#038;p=7012"},"modified":"2023-11-03T07:43:13","modified_gmt":"2023-11-03T07:43:13","slug":"tool-and-cutter-grinder-imperia-m6ar","status":"publish","type":"product","link":"https:\/\/www.laxmiusedmachine.com\/fr\/prodotto\/tool-and-cutter-grinder-imperia-m6ar\/","title":{"rendered":"Aff\u00fbteuse d&#039;outils et de fraises, Imperia \u2013 M6AR"},"content":{"rendered":"<div id=\"fws_69e1a884433b9\"  data-column-margin=\"default\" data-midnight=\"dark\"  class=\"wpb_row vc_row-fluid vc_row\"  style=\"padding-top: 0px; padding-bottom: 0px; \"><div class=\"row-bg-wrap\" data-bg-animation=\"none\" data-bg-animation-delay=\"\" data-bg-overlay=\"false\"><div class=\"inner-wrap row-bg-layer\" ><div class=\"row-bg viewport-desktop\"  style=\"\"><\/div><\/div><\/div><div class=\"row_col_wrap_12 col span_12 dark left\">\n\t<div  class=\"vc_col-sm-4 wpb_column column_container vc_column_container col no-extra-padding inherit_tablet inherit_phone\"  data-padding-pos=\"all\" data-has-bg-color=\"false\" data-bg-color=\"\" data-bg-opacity=\"1\" data-animation=\"\" data-delay=\"0\" >\n\t\t<div class=\"vc_column-inner\" >\n\t\t\t<div class=\"wpb_wrapper\">\n\t\t\t\t\n\t\t\t<\/div> \n\t\t<\/div>\n\t<\/div> \n\n\t<div  class=\"vc_col-sm-4 wpb_column column_container vc_column_container col no-extra-padding inherit_tablet inherit_phone\"  data-padding-pos=\"all\" data-has-bg-color=\"false\" data-bg-color=\"\" data-bg-opacity=\"1\" data-animation=\"\" data-delay=\"0\" >\n\t\t<div class=\"vc_column-inner\" >\n\t\t\t<div class=\"wpb_wrapper\">\n\t\t\t\t<div class=\"nectar-fancy-ul\" data-list-icon=\"linecon-icon-settings\" data-animation=\"false\" data-animation-delay=\"0\" data-color=\"accent-color\" data-spacing=\"default\" data-alignment=\"left\"> \n<p style=\"text-align: center;\"><strong>MACHINE A RECTIFIEUSE LES COUTEAUX<\/strong><strong><br \/>\n<\/strong><strong>Dot\u00e9 d&#039;une plaque magn\u00e9tique et d&#039;une double t\u00eate<\/strong><\/p>\n<p style=\"text-align: center;\"><strong>Fabricant:<\/strong> Imp\u00e9ria<\/p>\n<p style=\"text-align: center;\"><strong>Mod\u00e8le:<\/strong> M6AR<\/p>\n<ul>\n<li style=\"text-align: center;\"><strong>Taille du tableau\u00a0:<\/strong> 700 x 90 mm<\/li>\n<li style=\"text-align: center;\"><strong>Taille de l&#039;aimant :<\/strong> 320 x 140 mm<\/li>\n<\/ul>\n<p style=\"text-align: center;\"><strong>Autres informations:<\/strong><br \/>\nLa machine est en excellent \u00e9tat et elle est compl\u00e8te dans toutes ses pi\u00e8ces et accessoires<\/p>\n<p style=\"text-align: center;\"><strong>Il est \u00e9quip\u00e9 de :<\/strong><\/p>\n<ul>\n<li style=\"text-align: center;\">plaque magn\u00e9tique<\/li>\n<li style=\"text-align: center;\">T\u00eate double<\/li>\n<li style=\"text-align: center;\">Plusieurs meules<\/li>\n<\/ul>\n <\/div>\n\t\t\t<\/div> \n\t\t<\/div>\n\t<\/div> \n\n\t<div  class=\"vc_col-sm-4 wpb_column column_container vc_column_container col no-extra-padding inherit_tablet inherit_phone\"  data-padding-pos=\"all\" data-has-bg-color=\"false\" data-bg-color=\"\" data-bg-opacity=\"1\" data-animation=\"\" data-delay=\"0\" >\n\t\t<div class=\"vc_column-inner\" >\n\t\t\t<div class=\"wpb_wrapper\">\n\t\t\t\t\n\t\t\t<\/div> \n\t\t<\/div>\n\t<\/div> \n<\/div><\/div>","protected":false},"excerpt":{"rendered":"<p>Voici notre <strong>MACHINE A RECTIFIEUSE LES COUTEAUX<\/strong><\/p>\n<p>Il est en excellent \u00e9tat, pour plus d&#039;informations, nous sommes \u00e0 votre disposition !<\/p>","protected":false},"featured_media":8661,"comment_status":"closed","ping_status":"closed","template":"","meta":[],"product_brand":[],"product_cat":[38],"product_tag":[1083,1084,1085,393,1082,1081],"class_list":{"0":"post-7012","1":"product","2":"type-product","3":"status-publish","4":"has-post-thumbnail","6":"product_cat-tool-and-cutter-grinding-machines","7":"product_tag-imperia","8":"product_tag-m6-ar","9":"product_tag-m6ar","10":"product_tag-tool-and-cutter-grinder","11":"product_tag-tool-grinder","12":"product_tag-tool-grinding","13":"pa_luogo-india","15":"first","16":"instock","17":"shipping-taxable","18":"product-type-simple"},"_links":{"self":[{"href":"https:\/\/www.laxmiusedmachine.com\/fr\/wp-json\/wp\/v2\/product\/7012","targetHints":{"allow":["GET"]}}],"collection":[{"href":"https:\/\/www.laxmiusedmachine.com\/fr\/wp-json\/wp\/v2\/product"}],"about":[{"href":"https:\/\/www.laxmiusedmachine.com\/fr\/wp-json\/wp\/v2\/types\/product"}],"replies":[{"embeddable":true,"href":"https:\/\/www.laxmiusedmachine.com\/fr\/wp-json\/wp\/v2\/comments?post=7012"}],"wp:featuredmedia":[{"embeddable":true,"href":"https:\/\/www.laxmiusedmachine.com\/fr\/wp-json\/wp\/v2\/media\/8661"}],"wp:attachment":[{"href":"https:\/\/www.laxmiusedmachine.com\/fr\/wp-json\/wp\/v2\/media?parent=7012"}],"wp:term":[{"taxonomy":"product_brand","embeddable":true,"href":"https:\/\/www.laxmiusedmachine.com\/fr\/wp-json\/wp\/v2\/product_brand?post=7012"},{"taxonomy":"product_cat","embeddable":true,"href":"https:\/\/www.laxmiusedmachine.com\/fr\/wp-json\/wp\/v2\/product_cat?post=7012"},{"taxonomy":"product_tag","embeddable":true,"href":"https:\/\/www.laxmiusedmachine.com\/fr\/wp-json\/wp\/v2\/product_tag?post=7012"}],"curies":[{"name":"wp","href":"https:\/\/api.w.org\/{rel}","templated":true}]}}