{"id":6534,"date":"2023-06-29T16:35:20","date_gmt":"2023-06-29T16:35:20","guid":{"rendered":"https:\/\/www.laxmiusedmachine.com\/?post_type=product&#038;p=6534"},"modified":"2024-11-30T08:57:18","modified_gmt":"2024-11-30T08:57:18","slug":"rack-cutting-machine-stankoimport-5140","status":"publish","type":"product","link":"https:\/\/www.laxmiusedmachine.com\/fr\/prodotto\/rack-cutting-machine-stankoimport-5140\/","title":{"rendered":"MACHINE DE D\u00c9COUPE DE RACK, STANKOIMPORT \u2013 5140"},"content":{"rendered":"<div id=\"fws_69f9a574409fe\"  data-column-margin=\"default\" data-midnight=\"dark\"  class=\"wpb_row vc_row-fluid vc_row\"  style=\"padding-top: 0px; padding-bottom: 0px; \"><div class=\"row-bg-wrap\" data-bg-animation=\"none\" data-bg-animation-delay=\"\" data-bg-overlay=\"false\"><div class=\"inner-wrap row-bg-layer\" ><div class=\"row-bg viewport-desktop\"  style=\"\"><\/div><\/div><\/div><div class=\"row_col_wrap_12 col span_12 dark left\">\n\t<div  class=\"vc_col-sm-4 wpb_column column_container vc_column_container col no-extra-padding inherit_tablet inherit_phone\"  data-padding-pos=\"all\" data-has-bg-color=\"false\" data-bg-color=\"\" data-bg-opacity=\"1\" data-animation=\"\" data-delay=\"0\" >\n\t\t<div class=\"vc_column-inner\" >\n\t\t\t<div class=\"wpb_wrapper\">\n\t\t\t\t\n\t\t\t<\/div> \n\t\t<\/div>\n\t<\/div> \n\n\t<div  class=\"vc_col-sm-4 wpb_column column_container vc_column_container col no-extra-padding inherit_tablet inherit_phone\"  data-padding-pos=\"all\" data-has-bg-color=\"false\" data-bg-color=\"\" data-bg-opacity=\"1\" data-animation=\"\" data-delay=\"0\" >\n\t\t<div class=\"vc_column-inner\" >\n\t\t\t<div class=\"wpb_wrapper\">\n\t\t\t\t<div class=\"nectar-fancy-ul\" data-list-icon=\"linecon-icon-settings\" data-animation=\"false\" data-animation-delay=\"0\" data-color=\"accent-color\" data-spacing=\"default\" data-alignment=\"left\"> \n<p class=\"p1\" style=\"text-align: center;\"><b>MACHINE DE DECOUPE \u00c0 CREMAILLERE<\/b><\/p>\n<ul style=\"text-align: center;\">\n<li class=\"p1\" style=\"text-align: center;\"><b>Fabricant:<\/b> Stankoimport<\/li>\n<li style=\"text-align: center;\"><strong>Mod\u00e8le:<\/strong> 5140<\/li>\n<li class=\"p1\"><b>Accident vasculaire c\u00e9r\u00e9bral: <\/b>100 mm<\/li>\n<li><strong>Diam\u00e8tre du tableau :<\/strong> 500 millim\u00e8tres<\/li>\n<li class=\"p1\"><b>Longueur maximale du rack :<\/b> 2100 mm<\/li>\n<li class=\"p1\"><b>Module maximum\u00a0:<\/b>\u00a010<\/li>\n<\/ul>\n<p class=\"p1\" style=\"text-align: center;\"><b>Autre info:<br \/>\n<\/b>La machine est en excellent \u00e9tat et compl\u00e8te, avec toutes ses pi\u00e8ces et accessoires.<br \/>\n<b>(coupe-couteaux inclus).<\/b><\/p>\n <\/div>\n\t\t\t<\/div> \n\t\t<\/div>\n\t<\/div> \n\n\t<div  class=\"vc_col-sm-4 wpb_column column_container vc_column_container col no-extra-padding inherit_tablet inherit_phone\"  data-padding-pos=\"all\" data-has-bg-color=\"false\" data-bg-color=\"\" data-bg-opacity=\"1\" data-animation=\"\" data-delay=\"0\" >\n\t\t<div class=\"vc_column-inner\" >\n\t\t\t<div class=\"wpb_wrapper\">\n\t\t\t\t\n\t\t\t<\/div> \n\t\t<\/div>\n\t<\/div> \n<\/div><\/div>","protected":false},"excerpt":{"rendered":"<p>Voici notre<strong> MACHINE DE D\u00c9COUPE \u00c0 RACK, <\/strong><\/p>\n<p>Il est complet en toutes ses pi\u00e8ces (engrenages de changement et lame inclus), pour toute information compl\u00e9mentaire, nous sommes \u00e0 votre disposition !<\/p>","protected":false},"featured_media":9356,"comment_status":"closed","ping_status":"closed","template":"","meta":[],"product_brand":[],"product_cat":[638],"product_tag":[711,144,881,893,511],"class_list":{"0":"post-6534","1":"product","2":"type-product","3":"status-publish","4":"has-post-thumbnail","6":"product_cat-rack-cutting-milling-machines","7":"product_tag-rack","8":"product_tag-rack-cutting","9":"product_tag-racks","10":"product_tag-stanko","11":"product_tag-stankoimport","12":"pa_luogo-india","14":"first","15":"instock","16":"shipping-taxable","17":"product-type-simple"},"_links":{"self":[{"href":"https:\/\/www.laxmiusedmachine.com\/fr\/wp-json\/wp\/v2\/product\/6534","targetHints":{"allow":["GET"]}}],"collection":[{"href":"https:\/\/www.laxmiusedmachine.com\/fr\/wp-json\/wp\/v2\/product"}],"about":[{"href":"https:\/\/www.laxmiusedmachine.com\/fr\/wp-json\/wp\/v2\/types\/product"}],"replies":[{"embeddable":true,"href":"https:\/\/www.laxmiusedmachine.com\/fr\/wp-json\/wp\/v2\/comments?post=6534"}],"wp:featuredmedia":[{"embeddable":true,"href":"https:\/\/www.laxmiusedmachine.com\/fr\/wp-json\/wp\/v2\/media\/9356"}],"wp:attachment":[{"href":"https:\/\/www.laxmiusedmachine.com\/fr\/wp-json\/wp\/v2\/media?parent=6534"}],"wp:term":[{"taxonomy":"product_brand","embeddable":true,"href":"https:\/\/www.laxmiusedmachine.com\/fr\/wp-json\/wp\/v2\/product_brand?post=6534"},{"taxonomy":"product_cat","embeddable":true,"href":"https:\/\/www.laxmiusedmachine.com\/fr\/wp-json\/wp\/v2\/product_cat?post=6534"},{"taxonomy":"product_tag","embeddable":true,"href":"https:\/\/www.laxmiusedmachine.com\/fr\/wp-json\/wp\/v2\/product_tag?post=6534"}],"curies":[{"name":"wp","href":"https:\/\/api.w.org\/{rel}","templated":true}]}}