{"id":6505,"date":"2023-06-15T06:36:21","date_gmt":"2023-06-15T06:36:21","guid":{"rendered":"https:\/\/www.laxmiusedmachine.com\/?post_type=product&#038;p=6505"},"modified":"2024-07-16T08:42:42","modified_gmt":"2024-07-16T08:42:42","slug":"hob-sharpener-klingelnberg-agw-30-a-4","status":"publish","type":"product","link":"https:\/\/www.laxmiusedmachine.com\/fr\/prodotto\/hob-sharpener-klingelnberg-agw-30-a-4\/","title":{"rendered":"AFFUTEUSE DE FRAISE M\u00c8RE, KLINGELNBERG \u2013 AGW 30 A"},"content":{"rendered":"<div id=\"fws_69df3ed14a7fa\"  data-column-margin=\"default\" data-midnight=\"dark\"  class=\"wpb_row vc_row-fluid vc_row\"  style=\"padding-top: 0px; padding-bottom: 0px; \"><div class=\"row-bg-wrap\" data-bg-animation=\"none\" data-bg-animation-delay=\"\" data-bg-overlay=\"false\"><div class=\"inner-wrap row-bg-layer\" ><div class=\"row-bg viewport-desktop\"  style=\"\"><\/div><\/div><\/div><div class=\"row_col_wrap_12 col span_12 dark left\">\n\t<div  class=\"vc_col-sm-4 wpb_column column_container vc_column_container col no-extra-padding inherit_tablet inherit_phone\"  data-padding-pos=\"all\" data-has-bg-color=\"false\" data-bg-color=\"\" data-bg-opacity=\"1\" data-animation=\"\" data-delay=\"0\" >\n\t\t<div class=\"vc_column-inner\" >\n\t\t\t<div class=\"wpb_wrapper\">\n\t\t\t\t\n\t\t\t<\/div> \n\t\t<\/div>\n\t<\/div> \n\n\t<div  class=\"vc_col-sm-4 wpb_column column_container vc_column_container col no-extra-padding inherit_tablet inherit_phone\"  data-padding-pos=\"all\" data-has-bg-color=\"false\" data-bg-color=\"\" data-bg-opacity=\"1\" data-animation=\"\" data-delay=\"0\" >\n\t\t<div class=\"vc_column-inner\" >\n\t\t\t<div class=\"wpb_wrapper\">\n\t\t\t\t<div class=\"nectar-fancy-ul\" data-list-icon=\"linecon-icon-settings\" data-animation=\"false\" data-animation-delay=\"0\" data-color=\"accent-color\" data-spacing=\"default\" data-alignment=\"left\"> \n<p style=\"text-align: center;\"><strong>AFFUTEUSE DE FRAISE M\u00c8RE<\/strong><\/p>\n<ul>\n<li style=\"text-align: center;\"><strong>Fabricant: <\/strong>Klingelnberg (Allemagne)<\/li>\n<li style=\"text-align: center;\"><strong>Mod\u00e8le: <\/strong>AGW 30A<\/li>\n<li style=\"text-align: center;\"><i class=\"icon-default-style icon-salient-thin-line accent-color\"><\/i><strong>Voyage longitudinal\u00a0:<\/strong> 500 millim\u00e8tres<\/li>\n<li style=\"text-align: center;\"><i class=\"icon-default-style icon-salient-thin-line accent-color\"><\/i><strong>Diam\u00e8tre de meulage :<\/strong> 300 millim\u00e8tres<\/li>\n<li style=\"text-align: center;\"><i class=\"icon-default-style icon-salient-thin-line accent-color\"><\/i><strong>Longueur de meulage :<\/strong> 400 millim\u00e8tres<\/li>\n<li style=\"text-align: center;\"><i class=\"icon-default-style icon-salient-thin-line accent-color\"><\/i><strong>Pas h\u00e9lico\u00efdal :<\/strong> 10 \u2013 70\u2033<\/li>\n<\/ul>\n<p style=\"text-align: center;\"><strong>Autre info:<\/strong><\/p>\n<p style=\"text-align: center;\">La machine est en excellent \u00e9tat et elle est compl\u00e8te dans toutes ses pi\u00e8ces et accessoires.<\/p>\n <\/div>\n\t\t\t<\/div> \n\t\t<\/div>\n\t<\/div> \n\n\t<div  class=\"vc_col-sm-4 wpb_column column_container vc_column_container col no-extra-padding inherit_tablet inherit_phone\"  data-padding-pos=\"all\" data-has-bg-color=\"false\" data-bg-color=\"\" data-bg-opacity=\"1\" data-animation=\"\" data-delay=\"0\" >\n\t\t<div class=\"vc_column-inner\" >\n\t\t\t<div class=\"wpb_wrapper\">\n\t\t\t\t\n\t\t\t<\/div> \n\t\t<\/div>\n\t<\/div> \n<\/div><\/div>","protected":false},"excerpt":{"rendered":"<p>Voici notre\u00a0<b>MACHINE \u00c0 AFF\u00dbTER LES FRITES,<\/b><\/p>\n<p>Il est en excellent \u00e9tat de fonctionnement, pour tout renseignement nous sommes \u00e0 votre disposition.<\/p>","protected":false},"featured_media":6506,"comment_status":"closed","ping_status":"closed","template":"","meta":[],"product_brand":[],"product_cat":[634],"product_tag":[895,894,256,266,193],"class_list":{"0":"post-6505","1":"product","2":"type-product","3":"status-publish","4":"has-post-thumbnail","6":"product_cat-hob-sharpeners","7":"product_tag-30a","8":"product_tag-agw30a","9":"product_tag-hob-sharpener","10":"product_tag-klingelnberg","11":"product_tag-sharpener","12":"pa_luogo-india","14":"first","15":"instock","16":"shipping-taxable","17":"product-type-simple"},"_links":{"self":[{"href":"https:\/\/www.laxmiusedmachine.com\/fr\/wp-json\/wp\/v2\/product\/6505","targetHints":{"allow":["GET"]}}],"collection":[{"href":"https:\/\/www.laxmiusedmachine.com\/fr\/wp-json\/wp\/v2\/product"}],"about":[{"href":"https:\/\/www.laxmiusedmachine.com\/fr\/wp-json\/wp\/v2\/types\/product"}],"replies":[{"embeddable":true,"href":"https:\/\/www.laxmiusedmachine.com\/fr\/wp-json\/wp\/v2\/comments?post=6505"}],"wp:featuredmedia":[{"embeddable":true,"href":"https:\/\/www.laxmiusedmachine.com\/fr\/wp-json\/wp\/v2\/media\/6506"}],"wp:attachment":[{"href":"https:\/\/www.laxmiusedmachine.com\/fr\/wp-json\/wp\/v2\/media?parent=6505"}],"wp:term":[{"taxonomy":"product_brand","embeddable":true,"href":"https:\/\/www.laxmiusedmachine.com\/fr\/wp-json\/wp\/v2\/product_brand?post=6505"},{"taxonomy":"product_cat","embeddable":true,"href":"https:\/\/www.laxmiusedmachine.com\/fr\/wp-json\/wp\/v2\/product_cat?post=6505"},{"taxonomy":"product_tag","embeddable":true,"href":"https:\/\/www.laxmiusedmachine.com\/fr\/wp-json\/wp\/v2\/product_tag?post=6505"}],"curies":[{"name":"wp","href":"https:\/\/api.w.org\/{rel}","templated":true}]}}