{"id":6466,"date":"2023-06-29T16:54:34","date_gmt":"2023-06-29T16:54:34","guid":{"rendered":"https:\/\/www.laxmiusedmachine.com\/?post_type=product&#038;p=6466"},"modified":"2024-08-23T12:41:37","modified_gmt":"2024-08-23T12:41:37","slug":"cnc-rack-cutting-milling-gsp-france-2120rf40","status":"publish","type":"product","link":"https:\/\/www.laxmiusedmachine.com\/fr\/prodotto\/cnc-rack-cutting-milling-gsp-france-2120rf40\/","title":{"rendered":"Fraiseuse \u00e0 cr\u00e9maill\u00e8re CNC, GSP (France) - 2120RF40"},"content":{"rendered":"<div id=\"fws_69eb904c548cb\"  data-column-margin=\"default\" data-midnight=\"dark\"  class=\"wpb_row vc_row-fluid vc_row\"  style=\"padding-top: 0px; padding-bottom: 0px; \"><div class=\"row-bg-wrap\" data-bg-animation=\"none\" data-bg-animation-delay=\"\" data-bg-overlay=\"false\"><div class=\"inner-wrap row-bg-layer\" ><div class=\"row-bg viewport-desktop\"  style=\"\"><\/div><\/div><\/div><div class=\"row_col_wrap_12 col span_12 dark left\">\n\t<div  class=\"vc_col-sm-4 wpb_column column_container vc_column_container col no-extra-padding inherit_tablet inherit_phone\"  data-padding-pos=\"all\" data-has-bg-color=\"false\" data-bg-color=\"\" data-bg-opacity=\"1\" data-animation=\"\" data-delay=\"0\" >\n\t\t<div class=\"vc_column-inner\" >\n\t\t\t<div class=\"wpb_wrapper\">\n\t\t\t\t\n\t\t\t<\/div> \n\t\t<\/div>\n\t<\/div> \n\n\t<div  class=\"vc_col-sm-4 wpb_column column_container vc_column_container col no-extra-padding inherit_tablet inherit_phone\"  data-padding-pos=\"all\" data-has-bg-color=\"false\" data-bg-color=\"\" data-bg-opacity=\"1\" data-animation=\"\" data-delay=\"0\" >\n\t\t<div class=\"vc_column-inner\" >\n\t\t\t<div class=\"wpb_wrapper\">\n\t\t\t\t<div class=\"nectar-fancy-ul\" data-list-icon=\"linecon-icon-settings\" data-animation=\"false\" data-animation-delay=\"0\" data-color=\"accent-color\" data-spacing=\"default\" data-alignment=\"left\"> \n<p style=\"text-align: center;\"><strong>FRAISAGE \u00c0 CR\u00c9MAILL\u00c8RE CNC<br \/>\n<\/strong><strong>R\u00e9nov\u00e9 en 2020 avec des moteurs \u00e0 courant continu !<\/strong><\/p>\n<ul>\n<li style=\"text-align: center;\"><strong>Fabricant: <\/strong>GSP<\/li>\n<li style=\"text-align: center;\"><strong>Mod\u00e8le: <\/strong>2120RF40<\/li>\n<li style=\"text-align: center;\"><strong>CNC\u00a0: <\/strong>SIPRO (Italie) ann\u00e9e 2020<\/li>\n<li style=\"text-align: center;\"><strong>Module maximum\u00a0:<\/strong>\u00a08<\/li>\n<li style=\"text-align: center;\"><strong>Longueur maximale du rack :<\/strong> 4000 millim\u00e8tres<\/li>\n<li style=\"text-align: center;\"><strong>Masse:<\/strong> 14100 kg<\/li>\n<\/ul>\n<p style=\"text-align: center;\"><strong>Autres informations:<br \/>\n<\/strong>La machine est en excellent \u00e9tat et elle est compl\u00e8te dans toutes ses pi\u00e8ces et accessoires<\/p>\n <\/div>\n\t\t\t<\/div> \n\t\t<\/div>\n\t<\/div> \n\n\t<div  class=\"vc_col-sm-4 wpb_column column_container vc_column_container col no-extra-padding inherit_tablet inherit_phone\"  data-padding-pos=\"all\" data-has-bg-color=\"false\" data-bg-color=\"\" data-bg-opacity=\"1\" data-animation=\"\" data-delay=\"0\" >\n\t\t<div class=\"vc_column-inner\" >\n\t\t\t<div class=\"wpb_wrapper\">\n\t\t\t\t\n\t\t\t<\/div> \n\t\t<\/div>\n\t<\/div> \n<\/div><\/div>","protected":false},"excerpt":{"rendered":"<p>Voici notre <strong>CNC<\/strong> <strong>FRAISEUSE DE CR\u00c9MAILL\u00c8RE<\/strong><b>,<\/b><\/p>\n<p>Il est en excellent \u00e9tat, pour tout renseignement nous sommes \u00e0 votre disposition.<\/p>\n<p>https:\/\/www.youtube.com\/watch?v=H7Mb0OK9WuY<\/p>\n<p>&nbsp;<\/p>","protected":false},"featured_media":6486,"comment_status":"closed","ping_status":"closed","template":"","meta":[],"product_brand":[],"product_cat":[638],"product_tag":[884,885,144,880],"class_list":{"0":"post-6466","1":"product","2":"type-product","3":"status-publish","4":"has-post-thumbnail","6":"product_cat-rack-cutting-milling-machines","7":"product_tag-cnc-rack-cutting","8":"product_tag-gsp","9":"product_tag-rack-cutting","10":"product_tag-rack-machine","11":"pa_luogo-italia","13":"first","14":"instock","15":"shipping-taxable","16":"product-type-simple"},"_links":{"self":[{"href":"https:\/\/www.laxmiusedmachine.com\/fr\/wp-json\/wp\/v2\/product\/6466","targetHints":{"allow":["GET"]}}],"collection":[{"href":"https:\/\/www.laxmiusedmachine.com\/fr\/wp-json\/wp\/v2\/product"}],"about":[{"href":"https:\/\/www.laxmiusedmachine.com\/fr\/wp-json\/wp\/v2\/types\/product"}],"replies":[{"embeddable":true,"href":"https:\/\/www.laxmiusedmachine.com\/fr\/wp-json\/wp\/v2\/comments?post=6466"}],"wp:featuredmedia":[{"embeddable":true,"href":"https:\/\/www.laxmiusedmachine.com\/fr\/wp-json\/wp\/v2\/media\/6486"}],"wp:attachment":[{"href":"https:\/\/www.laxmiusedmachine.com\/fr\/wp-json\/wp\/v2\/media?parent=6466"}],"wp:term":[{"taxonomy":"product_brand","embeddable":true,"href":"https:\/\/www.laxmiusedmachine.com\/fr\/wp-json\/wp\/v2\/product_brand?post=6466"},{"taxonomy":"product_cat","embeddable":true,"href":"https:\/\/www.laxmiusedmachine.com\/fr\/wp-json\/wp\/v2\/product_cat?post=6466"},{"taxonomy":"product_tag","embeddable":true,"href":"https:\/\/www.laxmiusedmachine.com\/fr\/wp-json\/wp\/v2\/product_tag?post=6466"}],"curies":[{"name":"wp","href":"https:\/\/api.w.org\/{rel}","templated":true}]}}