{"id":6465,"date":"2023-06-29T16:24:56","date_gmt":"2023-06-29T16:24:56","guid":{"rendered":"https:\/\/www.laxmiusedmachine.com\/?post_type=product&#038;p=6465"},"modified":"2025-05-08T08:21:55","modified_gmt":"2025-05-08T08:21:55","slug":"cnc-rack-cutting-milling-egw-germany-uzfm-v-300h","status":"publish","type":"product","link":"https:\/\/www.laxmiusedmachine.com\/fr\/prodotto\/cnc-rack-cutting-milling-egw-germany-uzfm-v-300h\/","title":{"rendered":"FRAISEUSE \u00c0 CR\u00c9MAILL\u00c8RE CNC, EGW (Allemagne) - UZFM-V 300H"},"content":{"rendered":"<div id=\"fws_69f4c9d9790ad\"  data-column-margin=\"default\" data-midnight=\"dark\"  class=\"wpb_row vc_row-fluid vc_row\"  style=\"padding-top: 0px; padding-bottom: 0px; \"><div class=\"row-bg-wrap\" data-bg-animation=\"none\" data-bg-animation-delay=\"\" data-bg-overlay=\"false\"><div class=\"inner-wrap row-bg-layer\" ><div class=\"row-bg viewport-desktop\"  style=\"\"><\/div><\/div><\/div><div class=\"row_col_wrap_12 col span_12 dark left\">\n\t<div  class=\"vc_col-sm-4 wpb_column column_container vc_column_container col no-extra-padding inherit_tablet inherit_phone\"  data-padding-pos=\"all\" data-has-bg-color=\"false\" data-bg-color=\"\" data-bg-opacity=\"1\" data-animation=\"\" data-delay=\"0\" >\n\t\t<div class=\"vc_column-inner\" >\n\t\t\t<div class=\"wpb_wrapper\">\n\t\t\t\t\n\t\t\t<\/div> \n\t\t<\/div>\n\t<\/div> \n\n\t<div  class=\"vc_col-sm-4 wpb_column column_container vc_column_container col no-extra-padding inherit_tablet inherit_phone\"  data-padding-pos=\"all\" data-has-bg-color=\"false\" data-bg-color=\"\" data-bg-opacity=\"1\" data-animation=\"\" data-delay=\"0\" >\n\t\t<div class=\"vc_column-inner\" >\n\t\t\t<div class=\"wpb_wrapper\">\n\t\t\t\t<div class=\"nectar-fancy-ul\" data-list-icon=\"linecon-icon-settings\" data-animation=\"false\" data-animation-delay=\"0\" data-color=\"accent-color\" data-spacing=\"default\" data-alignment=\"left\"> \n<p class=\"p1\" style=\"text-align: center;\"><b>FRAISEUSE \u00c0 CR\u00c9MAILL\u00c8RE CNC<br \/>\n<\/b><strong>R\u00e9nov\u00e9e en 2019 avec une nouvelle machine CNC SIPRO (Italie)<\/strong><b><\/b><\/p>\n<ul>\n<li class=\"p1\" style=\"text-align: center;\"><b>Fabricant:<\/b> EGW (Allemagne)<\/li>\n<li class=\"p1\" style=\"text-align: center;\"><b>Mod\u00e8le:<\/b> UZFM-V 300H<\/li>\n<li class=\"p1\" style=\"text-align: center;\"><b>CNC\u00a0:<\/b> SIPRO (Italie)<\/li>\n<li class=\"p1\" style=\"text-align: center;\"><b>Longueur maximale du rack :<\/b> 2100 mm<\/li>\n<li style=\"text-align: center;\"><strong>Hauteur maximale du rack :<\/strong> 430 mm<\/li>\n<li style=\"text-align: center;\"><strong>Largeur maximale du rack :<\/strong> 300 millim\u00e8tres<\/li>\n<li class=\"p1\" style=\"text-align: center;\"><b>Module maximum\u00a0:<\/b> 18<\/li>\n<li style=\"text-align: center;\"><strong>Dimension du tableau :<\/strong> 2400 x 512 mm<\/li>\n<li style=\"text-align: center;\"><strong>Angle maximal pour engrenage h\u00e9lico\u00efdal\u00a0:<\/strong> 30\u00b0<\/li>\n<\/ul>\n<p class=\"p1\" style=\"text-align: center;\"><b>Autre info:<\/b><\/p>\n<p class=\"p1\" style=\"text-align: center;\">La machine est en excellent \u00e9tat et elle est compl\u00e8te, avec toutes ses pi\u00e8ces et accessoires., <b>Convoyeur \u00e0 copeaux inclus !<\/b><\/p>\n <\/div>\n\t\t\t<\/div> \n\t\t<\/div>\n\t<\/div> \n\n\t<div  class=\"vc_col-sm-4 wpb_column column_container vc_column_container col no-extra-padding inherit_tablet inherit_phone\"  data-padding-pos=\"all\" data-has-bg-color=\"false\" data-bg-color=\"\" data-bg-opacity=\"1\" data-animation=\"\" data-delay=\"0\" >\n\t\t<div class=\"vc_column-inner\" >\n\t\t\t<div class=\"wpb_wrapper\">\n\t\t\t\t\n\t\t\t<\/div> \n\t\t<\/div>\n\t<\/div> \n<\/div><\/div>","protected":false},"excerpt":{"rendered":"<p>Voici notre <strong>MACHINE DE FRAISAGE \u00c0 CR\u00c9DENCE CNC.<\/strong><\/p>\n<p>Il est complet en toutes ses parties et en excellent \u00e9tat. Pour toute information compl\u00e9mentaire, nous sommes \u00e0 votre disposition !<\/p>\n<p>https:\/\/www.youtube.com\/watch?v=5HxCetS1Tw4<\/p>\n<p>&nbsp;<\/p>","protected":false},"featured_media":6467,"comment_status":"closed","ping_status":"closed","template":"","meta":[],"product_brand":[],"product_cat":[638],"product_tag":[952,882,711,144,901],"class_list":{"0":"post-6465","1":"product","2":"type-product","3":"status-publish","4":"has-post-thumbnail","6":"product_cat-rack-cutting-milling-machines","7":"product_tag-cnc-rack-milling","8":"product_tag-egw","9":"product_tag-rack","10":"product_tag-rack-cutting","11":"product_tag-uzfm","12":"pa_luogo-india","14":"first","15":"instock","16":"shipping-taxable","17":"product-type-simple"},"_links":{"self":[{"href":"https:\/\/www.laxmiusedmachine.com\/fr\/wp-json\/wp\/v2\/product\/6465","targetHints":{"allow":["GET"]}}],"collection":[{"href":"https:\/\/www.laxmiusedmachine.com\/fr\/wp-json\/wp\/v2\/product"}],"about":[{"href":"https:\/\/www.laxmiusedmachine.com\/fr\/wp-json\/wp\/v2\/types\/product"}],"replies":[{"embeddable":true,"href":"https:\/\/www.laxmiusedmachine.com\/fr\/wp-json\/wp\/v2\/comments?post=6465"}],"wp:featuredmedia":[{"embeddable":true,"href":"https:\/\/www.laxmiusedmachine.com\/fr\/wp-json\/wp\/v2\/media\/6467"}],"wp:attachment":[{"href":"https:\/\/www.laxmiusedmachine.com\/fr\/wp-json\/wp\/v2\/media?parent=6465"}],"wp:term":[{"taxonomy":"product_brand","embeddable":true,"href":"https:\/\/www.laxmiusedmachine.com\/fr\/wp-json\/wp\/v2\/product_brand?post=6465"},{"taxonomy":"product_cat","embeddable":true,"href":"https:\/\/www.laxmiusedmachine.com\/fr\/wp-json\/wp\/v2\/product_cat?post=6465"},{"taxonomy":"product_tag","embeddable":true,"href":"https:\/\/www.laxmiusedmachine.com\/fr\/wp-json\/wp\/v2\/product_tag?post=6465"}],"curies":[{"name":"wp","href":"https:\/\/api.w.org\/{rel}","templated":true}]}}