{"id":6428,"date":"2023-06-14T07:51:46","date_gmt":"2023-06-14T07:51:46","guid":{"rendered":"https:\/\/www.laxmiusedmachine.com\/?post_type=product&#038;p=6428"},"modified":"2023-10-09T13:26:59","modified_gmt":"2023-10-09T13:26:59","slug":"cnc-lathe-graziano-sag-24","status":"publish","type":"product","link":"https:\/\/www.laxmiusedmachine.com\/fr\/prodotto\/cnc-lathe-graziano-sag-24\/","title":{"rendered":"TOUR CNC, GRAZIANO \u2013 SAG 24"},"content":{"rendered":"<div id=\"fws_69f0023ae28fd\"  data-column-margin=\"default\" data-midnight=\"dark\"  class=\"wpb_row vc_row-fluid vc_row\"  style=\"padding-top: 0px; padding-bottom: 0px; \"><div class=\"row-bg-wrap\" data-bg-animation=\"none\" data-bg-animation-delay=\"\" data-bg-overlay=\"false\"><div class=\"inner-wrap row-bg-layer\" ><div class=\"row-bg viewport-desktop\"  style=\"\"><\/div><\/div><\/div><div class=\"row_col_wrap_12 col span_12 dark left\">\n\t<div  class=\"vc_col-sm-4 wpb_column column_container vc_column_container col no-extra-padding inherit_tablet inherit_phone\"  data-padding-pos=\"all\" data-has-bg-color=\"false\" data-bg-color=\"\" data-bg-opacity=\"1\" data-animation=\"\" data-delay=\"0\" >\n\t\t<div class=\"vc_column-inner\" >\n\t\t\t<div class=\"wpb_wrapper\">\n\t\t\t\t\n\t\t\t<\/div> \n\t\t<\/div>\n\t<\/div> \n\n\t<div  class=\"vc_col-sm-4 wpb_column column_container vc_column_container col no-extra-padding inherit_tablet inherit_phone\"  data-padding-pos=\"all\" data-has-bg-color=\"false\" data-bg-color=\"\" data-bg-opacity=\"1\" data-animation=\"\" data-delay=\"0\" >\n\t\t<div class=\"vc_column-inner\" >\n\t\t\t<div class=\"wpb_wrapper\">\n\t\t\t\t<div class=\"nectar-fancy-ul\" data-list-icon=\"linecon-icon-settings\" data-animation=\"false\" data-animation-delay=\"0\" data-color=\"accent-color\" data-spacing=\"default\" data-alignment=\"left\"> \n<p style=\"text-align: center;\"><strong>TOUR CNC<\/strong><\/p>\n<p style=\"text-align: center;\"><strong>Marque : Graziano<\/strong><\/p>\n<p style=\"text-align: center;\"><strong>Mod\u00e8le : SAG 24<\/strong><\/p>\n<ul>\n<li style=\"text-align: center;\"><strong>Max. Longueur de tournage\u00a0:<\/strong> 3000 millim\u00e8tres<\/li>\n<li style=\"text-align: center;\"><strong>Hauteur centrale\u00a0: <\/strong>500 millim\u00e8tres<\/li>\n<li style=\"text-align: center;\"><strong>Al\u00e9sage de broche\u00a0:<\/strong> 130 millim\u00e8tres<\/li>\n<li style=\"text-align: center;\"><strong>Diam\u00e8tre de braquage sous chariot :<\/strong> 800 millim\u00e8tres<\/li>\n<li style=\"text-align: center;\"><strong>Tourelle 4 positions<\/strong><\/li>\n<\/ul>\n<p style=\"text-align: center;\"><strong>Autres informations:<\/strong><\/p>\n<p style=\"text-align: center;\">La machine est en excellent \u00e9tat et elle est compl\u00e8te dans toutes ses pi\u00e8ces et accessoires.<\/p>\n<p style=\"text-align: center;\"><strong>Il a \u00e9t\u00e9 R\u00c9NOV\u00c9 avec la NOUVELLE CNC FAGOR.<\/strong><\/p>\n <\/div>\n\t\t\t<\/div> \n\t\t<\/div>\n\t<\/div> \n\n\t<div  class=\"vc_col-sm-4 wpb_column column_container vc_column_container col no-extra-padding inherit_tablet inherit_phone\"  data-padding-pos=\"all\" data-has-bg-color=\"false\" data-bg-color=\"\" data-bg-opacity=\"1\" data-animation=\"\" data-delay=\"0\" >\n\t\t<div class=\"vc_column-inner\" >\n\t\t\t<div class=\"wpb_wrapper\">\n\t\t\t\t\n\t\t\t<\/div> \n\t\t<\/div>\n\t<\/div> \n<\/div><\/div>","protected":false},"excerpt":{"rendered":"<p>Voici notre\u00a0<strong>TOUR CNC,\u00a0<\/strong><\/p>\n<p>Il est en excellent \u00e9tat. Pour toute information compl\u00e9mentaire, nous sommes \u00e0 votre enti\u00e8re disposition !<\/p>","protected":false},"featured_media":6434,"comment_status":"closed","ping_status":"closed","template":"","meta":[],"product_brand":[],"product_cat":[24],"product_tag":[153,520],"class_list":{"0":"post-6428","1":"product","2":"type-product","3":"status-publish","4":"has-post-thumbnail","6":"product_cat-cnc-lathe-machines","7":"product_tag-cnc-lathe","8":"product_tag-graziano","9":"pa_luogo-italia","11":"first","12":"instock","13":"shipping-taxable","14":"product-type-simple"},"_links":{"self":[{"href":"https:\/\/www.laxmiusedmachine.com\/fr\/wp-json\/wp\/v2\/product\/6428","targetHints":{"allow":["GET"]}}],"collection":[{"href":"https:\/\/www.laxmiusedmachine.com\/fr\/wp-json\/wp\/v2\/product"}],"about":[{"href":"https:\/\/www.laxmiusedmachine.com\/fr\/wp-json\/wp\/v2\/types\/product"}],"replies":[{"embeddable":true,"href":"https:\/\/www.laxmiusedmachine.com\/fr\/wp-json\/wp\/v2\/comments?post=6428"}],"wp:featuredmedia":[{"embeddable":true,"href":"https:\/\/www.laxmiusedmachine.com\/fr\/wp-json\/wp\/v2\/media\/6434"}],"wp:attachment":[{"href":"https:\/\/www.laxmiusedmachine.com\/fr\/wp-json\/wp\/v2\/media?parent=6428"}],"wp:term":[{"taxonomy":"product_brand","embeddable":true,"href":"https:\/\/www.laxmiusedmachine.com\/fr\/wp-json\/wp\/v2\/product_brand?post=6428"},{"taxonomy":"product_cat","embeddable":true,"href":"https:\/\/www.laxmiusedmachine.com\/fr\/wp-json\/wp\/v2\/product_cat?post=6428"},{"taxonomy":"product_tag","embeddable":true,"href":"https:\/\/www.laxmiusedmachine.com\/fr\/wp-json\/wp\/v2\/product_tag?post=6428"}],"curies":[{"name":"wp","href":"https:\/\/api.w.org\/{rel}","templated":true}]}}