{"id":6303,"date":"2023-06-06T10:44:11","date_gmt":"2023-06-06T10:44:11","guid":{"rendered":"https:\/\/www.laxmiusedmachine.com\/?post_type=product&#038;p=6303"},"modified":"2023-12-01T15:55:15","modified_gmt":"2023-12-01T15:55:15","slug":"vertical-machining-center-lagun-mv14","status":"publish","type":"product","link":"https:\/\/www.laxmiusedmachine.com\/fr\/prodotto\/vertical-machining-center-lagun-mv14\/","title":{"rendered":"CENTRE D&#039;USINAGE VERTICAL, LAGUN \u2013 MV14"},"content":{"rendered":"<div id=\"fws_69f3888ae1bc2\"  data-column-margin=\"default\" data-midnight=\"dark\"  class=\"wpb_row vc_row-fluid vc_row\"  style=\"padding-top: 0px; padding-bottom: 0px; \"><div class=\"row-bg-wrap\" data-bg-animation=\"none\" data-bg-animation-delay=\"\" data-bg-overlay=\"false\"><div class=\"inner-wrap row-bg-layer\" ><div class=\"row-bg viewport-desktop\"  style=\"\"><\/div><\/div><\/div><div class=\"row_col_wrap_12 col span_12 dark left\">\n\t<div  class=\"vc_col-sm-4 wpb_column column_container vc_column_container col no-extra-padding inherit_tablet inherit_phone\"  data-padding-pos=\"all\" data-has-bg-color=\"false\" data-bg-color=\"\" data-bg-opacity=\"1\" data-animation=\"\" data-delay=\"0\" >\n\t\t<div class=\"vc_column-inner\" >\n\t\t\t<div class=\"wpb_wrapper\">\n\t\t\t\t\n\t\t\t<\/div> \n\t\t<\/div>\n\t<\/div> \n\n\t<div  class=\"vc_col-sm-4 wpb_column column_container vc_column_container col no-extra-padding inherit_tablet inherit_phone\"  data-padding-pos=\"all\" data-has-bg-color=\"false\" data-bg-color=\"\" data-bg-opacity=\"1\" data-animation=\"\" data-delay=\"0\" >\n\t\t<div class=\"vc_column-inner\" >\n\t\t\t<div class=\"wpb_wrapper\">\n\t\t\t\t<div class=\"nectar-fancy-ul\" data-list-icon=\"linecon-icon-settings\" data-animation=\"false\" data-animation-delay=\"0\" data-color=\"accent-color\" data-spacing=\"default\" data-alignment=\"left\"> \n<p class=\"p1\" style=\"text-align: center;\"><b>CENTRE D&#039;USINAGE VERTICAL<\/b><\/p>\n<p class=\"p1\" style=\"text-align: center;\"><b>Fabricant:<\/b> Lagun<\/p>\n<p class=\"p1\" style=\"text-align: center;\"><b>Mod\u00e8le:<\/b> MV 14<\/p>\n<p class=\"p1\" style=\"text-align: center;\"><b>CNC\u00a0:<\/b> Fanuc 21i-MB<\/p>\n<p class=\"p1\" style=\"text-align: center;\"><b>YOM\u00a0:<\/b> 2005<\/p>\n<ul style=\"text-align: center;\">\n<li class=\"p1\"><b>X\/Y\/Z \u2013 course de l&#039;axe :<\/b> 1430\/670\/640mm<\/li>\n<li class=\"p1\"><b>Dimensions du tableau\u00a0:<\/b> 1500\u00d7620 millim\u00e8tres<\/li>\n<li class=\"p1\"><b>Magasin d&#039;outils\u00a0:<\/b> 24<\/li>\n<li class=\"p1\"><b>Distance entre nez de broche et table\u00a0:<\/b> 100mm<\/li>\n<li class=\"p1\"><b>Distance entre nez de broche et colonne\u00a0:<\/b> 750mm<\/li>\n<li class=\"p1\"><b>Vitesse de broche max\u00a0:<\/b> 8000 tr\/min<\/li>\n<\/ul>\n<p style=\"text-align: center;\"><b>Autre info:<\/b><\/p>\n<p class=\"p2\" style=\"text-align: center;\">La machine est en excellent \u00e9tat et elle est compl\u00e8te dans toutes ses pi\u00e8ces et accessoires.<\/p>\n <\/div>\n\t\t\t<\/div> \n\t\t<\/div>\n\t<\/div> \n\n\t<div  class=\"vc_col-sm-4 wpb_column column_container vc_column_container col no-extra-padding inherit_tablet inherit_phone\"  data-padding-pos=\"all\" data-has-bg-color=\"false\" data-bg-color=\"\" data-bg-opacity=\"1\" data-animation=\"\" data-delay=\"0\" >\n\t\t<div class=\"vc_column-inner\" >\n\t\t\t<div class=\"wpb_wrapper\">\n\t\t\t\t\n\t\t\t<\/div> \n\t\t<\/div>\n\t<\/div> \n<\/div><\/div>","protected":false},"excerpt":{"rendered":"<p>Voici notre <strong>CENTRE D&#039;USINAGE VERTICAL, COMPLET dans toutes ses parties et de nombreux accessoires.<\/strong><\/p>\n<p>Il est en excellent \u00e9tat, pour tout renseignement compl\u00e9mentaire nous sommes \u00e0 votre disposition.<\/p>","protected":false},"featured_media":6304,"comment_status":"closed","ping_status":"closed","template":"","meta":[],"product_brand":[],"product_cat":[42],"product_tag":[858,857,860,859,158],"class_list":{"0":"post-6303","1":"product","2":"type-product","3":"status-publish","4":"has-post-thumbnail","6":"product_cat-vertical-horizontal-machining-centers","7":"product_tag-lagun","8":"product_tag-machining-center","9":"product_tag-mv-14","10":"product_tag-mv14","11":"product_tag-vmc","12":"pa_luogo-italia","14":"first","15":"instock","16":"shipping-taxable","17":"product-type-simple"},"_links":{"self":[{"href":"https:\/\/www.laxmiusedmachine.com\/fr\/wp-json\/wp\/v2\/product\/6303","targetHints":{"allow":["GET"]}}],"collection":[{"href":"https:\/\/www.laxmiusedmachine.com\/fr\/wp-json\/wp\/v2\/product"}],"about":[{"href":"https:\/\/www.laxmiusedmachine.com\/fr\/wp-json\/wp\/v2\/types\/product"}],"replies":[{"embeddable":true,"href":"https:\/\/www.laxmiusedmachine.com\/fr\/wp-json\/wp\/v2\/comments?post=6303"}],"wp:featuredmedia":[{"embeddable":true,"href":"https:\/\/www.laxmiusedmachine.com\/fr\/wp-json\/wp\/v2\/media\/6304"}],"wp:attachment":[{"href":"https:\/\/www.laxmiusedmachine.com\/fr\/wp-json\/wp\/v2\/media?parent=6303"}],"wp:term":[{"taxonomy":"product_brand","embeddable":true,"href":"https:\/\/www.laxmiusedmachine.com\/fr\/wp-json\/wp\/v2\/product_brand?post=6303"},{"taxonomy":"product_cat","embeddable":true,"href":"https:\/\/www.laxmiusedmachine.com\/fr\/wp-json\/wp\/v2\/product_cat?post=6303"},{"taxonomy":"product_tag","embeddable":true,"href":"https:\/\/www.laxmiusedmachine.com\/fr\/wp-json\/wp\/v2\/product_tag?post=6303"}],"curies":[{"name":"wp","href":"https:\/\/api.w.org\/{rel}","templated":true}]}}