{"id":6159,"date":"2023-05-31T07:33:22","date_gmt":"2023-05-31T07:33:22","guid":{"rendered":"https:\/\/www.laxmiusedmachine.com\/?post_type=product&#038;p=6159"},"modified":"2023-07-31T17:06:27","modified_gmt":"2023-07-31T17:06:27","slug":"key-way-milling-machine-hurth-lf4","status":"publish","type":"product","link":"https:\/\/www.laxmiusedmachine.com\/fr\/prodotto\/key-way-milling-machine-hurth-lf4\/","title":{"rendered":"FRAISEUSE \u00c0 CLAVETTES, HURTH \u2013 LF4"},"content":{"rendered":"<div id=\"fws_69f9fbe272d15\"  data-column-margin=\"default\" data-midnight=\"dark\"  class=\"wpb_row vc_row-fluid vc_row\"  style=\"padding-top: 0px; padding-bottom: 0px; \"><div class=\"row-bg-wrap\" data-bg-animation=\"none\" data-bg-animation-delay=\"\" data-bg-overlay=\"false\"><div class=\"inner-wrap row-bg-layer\" ><div class=\"row-bg viewport-desktop\"  style=\"\"><\/div><\/div><\/div><div class=\"row_col_wrap_12 col span_12 dark left\">\n\t<div  class=\"vc_col-sm-4 wpb_column column_container vc_column_container col no-extra-padding inherit_tablet inherit_phone\"  data-padding-pos=\"all\" data-has-bg-color=\"false\" data-bg-color=\"\" data-bg-opacity=\"1\" data-animation=\"\" data-delay=\"0\" >\n\t\t<div class=\"vc_column-inner\" >\n\t\t\t<div class=\"wpb_wrapper\">\n\t\t\t\t\n\t\t\t<\/div> \n\t\t<\/div>\n\t<\/div> \n\n\t<div  class=\"vc_col-sm-4 wpb_column column_container vc_column_container col no-extra-padding inherit_tablet inherit_phone\"  data-padding-pos=\"all\" data-has-bg-color=\"false\" data-bg-color=\"\" data-bg-opacity=\"1\" data-animation=\"\" data-delay=\"0\" >\n\t\t<div class=\"vc_column-inner\" >\n\t\t\t<div class=\"wpb_wrapper\">\n\t\t\t\t<div class=\"nectar-fancy-ul\" data-list-icon=\"linecon-icon-settings\" data-animation=\"false\" data-animation-delay=\"0\" data-color=\"accent-color\" data-spacing=\"default\" data-alignment=\"left\"> \n<p style=\"text-align: center;\"><strong>FRAISEUSE \u00c0 CLAVETTES<\/strong><\/p>\n<p style=\"text-align: center;\"><strong>Marque : HURTH<\/strong><\/p>\n<p style=\"text-align: center;\"><strong>Mod\u00e8le : LF 4<\/strong><\/p>\n<ul>\n<li style=\"text-align: center;\"><i class=\"icon-default-style linecon-icon-settings accent-color\"><\/i><strong>Taille du tableau\u00a0:<\/strong> 1240 \u00d7 300 mm<\/li>\n<li style=\"text-align: center;\"><i class=\"icon-default-style linecon-icon-settings accent-color\"><\/i><strong>Ajustement longitudinal manuel :<\/strong> 400 millim\u00e8tres<\/li>\n<li style=\"text-align: center;\"><i class=\"icon-default-style linecon-icon-settings accent-color\"><\/i><strong>Mouvement longitudinal automatique :<\/strong> 400 millim\u00e8tres<\/li>\n<li style=\"text-align: center;\"><i class=\"icon-default-style linecon-icon-settings accent-color\"><\/i><strong>R\u00e9glage manuel transversal :<\/strong> 260 millim\u00e8tres<\/li>\n<li style=\"text-align: center;\"><i class=\"icon-default-style linecon-icon-settings accent-color\"><\/i><strong>Manuel de r\u00e9glage vertical\u00a0:<\/strong> 400 millim\u00e8tres<\/li>\n<li style=\"text-align: center;\"><i class=\"icon-default-style linecon-icon-settings accent-color\"><\/i><strong>Ajustement vertical automatique :<\/strong> 400 millim\u00e8tres<\/li>\n<li style=\"text-align: center;\"><i class=\"icon-default-style linecon-icon-settings accent-color\"><\/i><strong>Projection:<\/strong> 305 millim\u00e8tres<\/li>\n<li style=\"text-align: center;\"><i class=\"icon-default-style linecon-icon-settings accent-color\"><\/i><strong>Profondeur de per\u00e7age (coup de fourreau):<\/strong> 100 millim\u00e8tres<\/li>\n<li style=\"text-align: center;\"><i class=\"icon-default-style linecon-icon-settings accent-color\"><\/i><strong>Vitesses de coupe :<\/strong><\/li>\n<li style=\"text-align: center;\"><i class=\"icon-default-style linecon-icon-settings accent-color\"><\/i>Nombre (9 paliers) de 180 tr\/min \u00e0 2800 tr\/min \u2013 ISO 40<\/li>\n<li style=\"text-align: center;\"><i class=\"icon-default-style linecon-icon-settings accent-color\"><\/i><strong>Alimentation longitudinale\u00a0:<\/strong><br \/>\nNombre (60 pas) de 9 mm\/min \u00e0 760 mm\/min.<\/li>\n<li style=\"text-align: center;\"><i class=\"icon-default-style linecon-icon-settings accent-color\"><\/i><strong>Alimentation verticale :<\/strong><br \/>\nNombre (60 pas) de 60 mm\/min \u00e0 920 mm\/min<\/li>\n<li style=\"text-align: center;\"><i class=\"icon-default-style linecon-icon-settings accent-color\"><\/i><strong>Poids de la machine env.<\/strong> 1800 kilogrammes<\/li>\n<\/ul>\n<p style=\"text-align: center;\"><strong>Autres informations:<\/strong><\/p>\n<p style=\"text-align: center;\">La machine est compl\u00e8te dans toutes ses pi\u00e8ces et accessoires et elle est en excellent \u00e9tat de fonctionnement.<\/p>\n <\/div>\n\t\t\t<\/div> \n\t\t<\/div>\n\t<\/div> \n\n\t<div  class=\"vc_col-sm-4 wpb_column column_container vc_column_container col no-extra-padding inherit_tablet inherit_phone\"  data-padding-pos=\"all\" data-has-bg-color=\"false\" data-bg-color=\"\" data-bg-opacity=\"1\" data-animation=\"\" data-delay=\"0\" >\n\t\t<div class=\"vc_column-inner\" >\n\t\t\t<div class=\"wpb_wrapper\">\n\t\t\t\t\n\t\t\t<\/div> \n\t\t<\/div>\n\t<\/div> \n<\/div><\/div>","protected":false},"excerpt":{"rendered":"<p>Voici notre\u00a0<strong>FRAISEUSE \u00c0 CL\u00c9, <\/strong><\/p>\n<p>Pour toute information nous sommes \u00e0 votre disposition.<\/p>","protected":false},"featured_media":6162,"comment_status":"closed","ping_status":"closed","template":"","meta":[],"product_brand":[],"product_cat":[447],"product_tag":[281,346,414,852,98],"class_list":{"0":"post-6159","1":"product","2":"type-product","3":"status-publish","4":"has-post-thumbnail","6":"product_cat-key-way-milling-machines","7":"product_tag-hurth","8":"product_tag-keyway","9":"product_tag-lf-4","10":"product_tag-lf4","11":"product_tag-milling","12":"pa_luogo-india","14":"first","15":"instock","16":"shipping-taxable","17":"product-type-simple"},"_links":{"self":[{"href":"https:\/\/www.laxmiusedmachine.com\/fr\/wp-json\/wp\/v2\/product\/6159","targetHints":{"allow":["GET"]}}],"collection":[{"href":"https:\/\/www.laxmiusedmachine.com\/fr\/wp-json\/wp\/v2\/product"}],"about":[{"href":"https:\/\/www.laxmiusedmachine.com\/fr\/wp-json\/wp\/v2\/types\/product"}],"replies":[{"embeddable":true,"href":"https:\/\/www.laxmiusedmachine.com\/fr\/wp-json\/wp\/v2\/comments?post=6159"}],"wp:featuredmedia":[{"embeddable":true,"href":"https:\/\/www.laxmiusedmachine.com\/fr\/wp-json\/wp\/v2\/media\/6162"}],"wp:attachment":[{"href":"https:\/\/www.laxmiusedmachine.com\/fr\/wp-json\/wp\/v2\/media?parent=6159"}],"wp:term":[{"taxonomy":"product_brand","embeddable":true,"href":"https:\/\/www.laxmiusedmachine.com\/fr\/wp-json\/wp\/v2\/product_brand?post=6159"},{"taxonomy":"product_cat","embeddable":true,"href":"https:\/\/www.laxmiusedmachine.com\/fr\/wp-json\/wp\/v2\/product_cat?post=6159"},{"taxonomy":"product_tag","embeddable":true,"href":"https:\/\/www.laxmiusedmachine.com\/fr\/wp-json\/wp\/v2\/product_tag?post=6159"}],"curies":[{"name":"wp","href":"https:\/\/api.w.org\/{rel}","templated":true}]}}