{"id":6143,"date":"2023-05-31T07:30:32","date_gmt":"2023-05-31T07:30:32","guid":{"rendered":"https:\/\/www.laxmiusedmachine.com\/?post_type=product&#038;p=6143"},"modified":"2023-08-24T08:07:59","modified_gmt":"2023-08-24T08:07:59","slug":"cnc-internal-grinder-voumard-150-cnc","status":"publish","type":"product","link":"https:\/\/www.laxmiusedmachine.com\/fr\/prodotto\/cnc-internal-grinder-voumard-150-cnc\/","title":{"rendered":"RECTIFIEUSE INT\u00c9RIEURE CNC, VOUMARD \u2013 150 CNC"},"content":{"rendered":"<div id=\"fws_69e237066f082\"  data-column-margin=\"default\" data-midnight=\"dark\"  class=\"wpb_row vc_row-fluid vc_row\"  style=\"padding-top: 0px; padding-bottom: 0px; \"><div class=\"row-bg-wrap\" data-bg-animation=\"none\" data-bg-animation-delay=\"\" data-bg-overlay=\"false\"><div class=\"inner-wrap row-bg-layer\" ><div class=\"row-bg viewport-desktop\"  style=\"\"><\/div><\/div><\/div><div class=\"row_col_wrap_12 col span_12 dark left\">\n\t<div  class=\"vc_col-sm-4 wpb_column column_container vc_column_container col no-extra-padding inherit_tablet inherit_phone\"  data-padding-pos=\"all\" data-has-bg-color=\"false\" data-bg-color=\"\" data-bg-opacity=\"1\" data-animation=\"\" data-delay=\"0\" >\n\t\t<div class=\"vc_column-inner\" >\n\t\t\t<div class=\"wpb_wrapper\">\n\t\t\t\t\n\t\t\t<\/div> \n\t\t<\/div>\n\t<\/div> \n\n\t<div  class=\"vc_col-sm-4 wpb_column column_container vc_column_container col no-extra-padding inherit_tablet inherit_phone\"  data-padding-pos=\"all\" data-has-bg-color=\"false\" data-bg-color=\"\" data-bg-opacity=\"1\" data-animation=\"\" data-delay=\"0\" >\n\t\t<div class=\"vc_column-inner\" >\n\t\t\t<div class=\"wpb_wrapper\">\n\t\t\t\t<div class=\"nectar-fancy-ul\" data-list-icon=\"linecon-icon-settings\" data-animation=\"false\" data-animation-delay=\"0\" data-color=\"accent-color\" data-spacing=\"default\" data-alignment=\"left\"> \n<p class=\"p1\" style=\"text-align: center;\"><b>MEULEUSE INTERNE CNC<\/b><\/p>\n<p class=\"p1\" style=\"text-align: center;\"><b>Fabricant:<\/b> Voumard<\/p>\n<p class=\"p1\" style=\"text-align: center;\"><b>Mod\u00e8le:<\/b> 150 CNC<\/p>\n<p class=\"p1\" style=\"text-align: center;\"><b>CNC\u00a0:<\/b> GE Fanuc s\u00e9rie 18i-T<\/p>\n<ul>\n<li class=\"p1\" style=\"text-align: center;\"><b>YOM\u00a0:<\/b> 2002<\/li>\n<li class=\"p1\" style=\"text-align: center;\"><b>Diam\u00e8tre de meulage maximum\u00a0:<\/b> 300 millim\u00e8tres<\/li>\n<li class=\"p1\" style=\"text-align: center;\"><b>Profondeur de meulage max\u00a0:<\/b> 500 millim\u00e8tres<\/li>\n<li class=\"p1\" style=\"text-align: center;\"><b>Longueur maximale de la pi\u00e8ce\u00a0:<\/b> 1300 millim\u00e8tres<\/li>\n<li class=\"p1\" style=\"text-align: center;\"><b>Trait longitudinal (axe Z)\u00a0: <\/b>500 millim\u00e8tres<\/li>\n<li class=\"p1\" style=\"text-align: center;\"><b> D\u00e9placement transversal (axe X) : <\/b>230 millim\u00e8tres<\/li>\n<\/ul>\n<p class=\"p2\" style=\"text-align: center;\"><b>Autre info: <\/b><\/p>\n<p class=\"p2\" style=\"text-align: center;\">La machine est en excellent \u00e9tat et elle est compl\u00e8te dans toutes ses pi\u00e8ces et accessoires.<\/p>\n <\/div>\n\t\t\t<\/div> \n\t\t<\/div>\n\t<\/div> \n\n\t<div  class=\"vc_col-sm-4 wpb_column column_container vc_column_container col no-extra-padding inherit_tablet inherit_phone\"  data-padding-pos=\"all\" data-has-bg-color=\"false\" data-bg-color=\"\" data-bg-opacity=\"1\" data-animation=\"\" data-delay=\"0\" >\n\t\t<div class=\"vc_column-inner\" >\n\t\t\t<div class=\"wpb_wrapper\">\n\t\t\t\t\n\t\t\t<\/div> \n\t\t<\/div>\n\t<\/div> \n<\/div><\/div>","protected":false},"excerpt":{"rendered":"<p>Voici notre <strong>RECTIFIEUSE INTERNE CNC.<\/strong><\/p>\n<p>Il est en excellent \u00e9tat ; pour toute information compl\u00e9mentaire, nous restons \u00e0 votre enti\u00e8re disposition.<\/p>","protected":false},"featured_media":7536,"comment_status":"closed","ping_status":"closed","template":"","meta":[],"product_brand":[],"product_cat":[36],"product_tag":[851,52,104,788,849,850],"class_list":{"0":"post-6143","1":"product","2":"type-product","3":"status-publish","4":"has-post-thumbnail","6":"product_cat-internal-grinding-machines","7":"product_tag-851","8":"product_tag-cnc","9":"product_tag-grinder","10":"product_tag-grinding","11":"product_tag-internal","12":"product_tag-voumard","13":"pa_luogo-india","15":"first","16":"instock","17":"shipping-taxable","18":"product-type-simple"},"_links":{"self":[{"href":"https:\/\/www.laxmiusedmachine.com\/fr\/wp-json\/wp\/v2\/product\/6143","targetHints":{"allow":["GET"]}}],"collection":[{"href":"https:\/\/www.laxmiusedmachine.com\/fr\/wp-json\/wp\/v2\/product"}],"about":[{"href":"https:\/\/www.laxmiusedmachine.com\/fr\/wp-json\/wp\/v2\/types\/product"}],"replies":[{"embeddable":true,"href":"https:\/\/www.laxmiusedmachine.com\/fr\/wp-json\/wp\/v2\/comments?post=6143"}],"wp:featuredmedia":[{"embeddable":true,"href":"https:\/\/www.laxmiusedmachine.com\/fr\/wp-json\/wp\/v2\/media\/7536"}],"wp:attachment":[{"href":"https:\/\/www.laxmiusedmachine.com\/fr\/wp-json\/wp\/v2\/media?parent=6143"}],"wp:term":[{"taxonomy":"product_brand","embeddable":true,"href":"https:\/\/www.laxmiusedmachine.com\/fr\/wp-json\/wp\/v2\/product_brand?post=6143"},{"taxonomy":"product_cat","embeddable":true,"href":"https:\/\/www.laxmiusedmachine.com\/fr\/wp-json\/wp\/v2\/product_cat?post=6143"},{"taxonomy":"product_tag","embeddable":true,"href":"https:\/\/www.laxmiusedmachine.com\/fr\/wp-json\/wp\/v2\/product_tag?post=6143"}],"curies":[{"name":"wp","href":"https:\/\/api.w.org\/{rel}","templated":true}]}}