{"id":5812,"date":"2023-05-12T13:39:50","date_gmt":"2023-05-12T13:39:50","guid":{"rendered":"https:\/\/www.laxmiusedmachine.com\/?post_type=product&#038;p=5812"},"modified":"2023-12-11T07:24:02","modified_gmt":"2023-12-11T07:24:02","slug":"jig-grinding-machine-hauser-3-sm","status":"publish","type":"product","link":"https:\/\/www.laxmiusedmachine.com\/fr\/prodotto\/jig-grinding-machine-hauser-3-sm\/","title":{"rendered":"RECTIFIEUSE DE GABARIT, HAUSER \u2013 3 SM"},"content":{"rendered":"<div id=\"fws_69f571940f0e6\"  data-column-margin=\"default\" data-midnight=\"dark\"  class=\"wpb_row vc_row-fluid vc_row\"  style=\"padding-top: 0px; padding-bottom: 0px; \"><div class=\"row-bg-wrap\" data-bg-animation=\"none\" data-bg-animation-delay=\"\" data-bg-overlay=\"false\"><div class=\"inner-wrap row-bg-layer\" ><div class=\"row-bg viewport-desktop\"  style=\"\"><\/div><\/div><\/div><div class=\"row_col_wrap_12 col span_12 dark left\">\n\t<div  class=\"vc_col-sm-4 wpb_column column_container vc_column_container col no-extra-padding inherit_tablet inherit_phone\"  data-padding-pos=\"all\" data-has-bg-color=\"false\" data-bg-color=\"\" data-bg-opacity=\"1\" data-animation=\"\" data-delay=\"0\" >\n\t\t<div class=\"vc_column-inner\" >\n\t\t\t<div class=\"wpb_wrapper\">\n\t\t\t\t\n\t\t\t<\/div> \n\t\t<\/div>\n\t<\/div> \n\n\t<div  class=\"vc_col-sm-4 wpb_column column_container vc_column_container col no-extra-padding inherit_tablet inherit_phone\"  data-padding-pos=\"all\" data-has-bg-color=\"false\" data-bg-color=\"\" data-bg-opacity=\"1\" data-animation=\"\" data-delay=\"0\" >\n\t\t<div class=\"vc_column-inner\" >\n\t\t\t<div class=\"wpb_wrapper\">\n\t\t\t\t<div class=\"nectar-fancy-ul\" data-list-icon=\"linecon-icon-settings\" data-animation=\"false\" data-animation-delay=\"0\" data-color=\"accent-color\" data-spacing=\"default\" data-alignment=\"left\"> \n<p style=\"text-align: center;\"><strong>MACHINE \u00c0 RECTIFIER \u00c0 GABARIT \u2013 HAUSER \u2013 3 SM<\/strong><\/p>\n<p style=\"text-align: center;\"><strong>Fabricant: <\/strong>Hauser<\/p>\n<p style=\"text-align: center;\"><strong>Mod\u00e8le: <\/strong>3 SM<\/p>\n<ul>\n<li style=\"text-align: center;\"><strong>Taille du tableau\u00a0:<\/strong> 550\u00d7320 mm<\/li>\n<li style=\"text-align: center;\"><strong>XY Voyages :<\/strong> 400\u00d7250 mm<\/li>\n<li style=\"text-align: center;\"><strong>Distance maximale entre la table et la broche\u00a0:<\/strong> 675 mm<\/li>\n<li style=\"text-align: center;\"><strong>Diam\u00e8tre maximal du trou rectifi\u00e9\u00a0:<\/strong> 280 millim\u00e8tres<\/li>\n<li style=\"text-align: center;\"><strong>Charge maximale de la table (r\u00e9partie uniform\u00e9ment)\u00a0:<\/strong> 2000 kg<\/li>\n<li style=\"text-align: center;\"><strong>Vitesse de rotation minimale de la broche\u00a0:<\/strong> 9000 min-1<\/li>\n<li style=\"text-align: center;\"><strong>Vitesse de rotation maximale de la broche\u00a0:<\/strong> 80000 min-1<\/li>\n<li style=\"text-align: center;\"><strong>Vitesse d&#039;avance longitudinale maximale (axe X)\u00a0:<\/strong> 500 millim\u00e8tres<\/li>\n<li style=\"text-align: center;\"><strong>Rectification de biseau maximale :<\/strong> 12\u00b0<\/li>\n<li style=\"text-align: center;\"><strong>Trait vertical :<\/strong> 110 millim\u00e8tres<\/li>\n<\/ul>\n<p style=\"text-align: center;\"><strong>LA MACHINE EST COMPL\u00c8TE AVEC TOUTES SES PI\u00c8CES ET ACCESSOIRES (GRINSTONES INCLUSES) ET ELLE EST EN EXCELLENT \u00c9TAT DE FONCTIONNEMENT<\/strong><\/p>\n <\/div>\n\t\t\t<\/div> \n\t\t<\/div>\n\t<\/div> \n\n\t<div  class=\"vc_col-sm-4 wpb_column column_container vc_column_container col no-extra-padding inherit_tablet inherit_phone\"  data-padding-pos=\"all\" data-has-bg-color=\"false\" data-bg-color=\"\" data-bg-opacity=\"1\" data-animation=\"\" data-delay=\"0\" >\n\t\t<div class=\"vc_column-inner\" >\n\t\t\t<div class=\"wpb_wrapper\">\n\t\t\t\t\n\t\t\t<\/div> \n\t\t<\/div>\n\t<\/div> \n<\/div><\/div>","protected":false},"excerpt":{"rendered":"<p>Voici notre<strong> MACHINE \u00c0 RECTIFIER \u00c0 GABARIT,<\/strong><\/p>\n<p>Il est en excellent \u00e9tat de fonctionnement, pour tout renseignement nous sommes \u00e0 votre disposition.<\/p>","protected":false},"featured_media":5813,"comment_status":"closed","ping_status":"closed","template":"","meta":[],"product_brand":[],"product_cat":[34],"product_tag":[838,839,104,788,837,835,836,834],"class_list":{"0":"post-5812","1":"product","2":"type-product","3":"status-publish","4":"has-post-thumbnail","6":"product_cat-surface-grinding-machines","7":"product_tag-3-sm","8":"product_tag-3sm","9":"product_tag-grinder","10":"product_tag-grinding","11":"product_tag-hauser","12":"product_tag-jig-grinder","13":"product_tag-jig-grinding","14":"product_tag-jig-grinding-machine","15":"pa_luogo-india","17":"first","18":"instock","19":"shipping-taxable","20":"product-type-simple"},"_links":{"self":[{"href":"https:\/\/www.laxmiusedmachine.com\/fr\/wp-json\/wp\/v2\/product\/5812","targetHints":{"allow":["GET"]}}],"collection":[{"href":"https:\/\/www.laxmiusedmachine.com\/fr\/wp-json\/wp\/v2\/product"}],"about":[{"href":"https:\/\/www.laxmiusedmachine.com\/fr\/wp-json\/wp\/v2\/types\/product"}],"replies":[{"embeddable":true,"href":"https:\/\/www.laxmiusedmachine.com\/fr\/wp-json\/wp\/v2\/comments?post=5812"}],"wp:featuredmedia":[{"embeddable":true,"href":"https:\/\/www.laxmiusedmachine.com\/fr\/wp-json\/wp\/v2\/media\/5813"}],"wp:attachment":[{"href":"https:\/\/www.laxmiusedmachine.com\/fr\/wp-json\/wp\/v2\/media?parent=5812"}],"wp:term":[{"taxonomy":"product_brand","embeddable":true,"href":"https:\/\/www.laxmiusedmachine.com\/fr\/wp-json\/wp\/v2\/product_brand?post=5812"},{"taxonomy":"product_cat","embeddable":true,"href":"https:\/\/www.laxmiusedmachine.com\/fr\/wp-json\/wp\/v2\/product_cat?post=5812"},{"taxonomy":"product_tag","embeddable":true,"href":"https:\/\/www.laxmiusedmachine.com\/fr\/wp-json\/wp\/v2\/product_tag?post=5812"}],"curies":[{"name":"wp","href":"https:\/\/api.w.org\/{rel}","templated":true}]}}