{"id":5720,"date":"2023-05-08T07:32:10","date_gmt":"2023-05-08T07:32:10","guid":{"rendered":"https:\/\/www.laxmiusedmachine.com\/?post_type=product&#038;p=5720"},"modified":"2024-06-07T06:50:58","modified_gmt":"2024-06-07T06:50:58","slug":"surface-grrinder-athena-t1500","status":"publish","type":"product","link":"https:\/\/www.laxmiusedmachine.com\/fr\/prodotto\/surface-grrinder-athena-t1500\/","title":{"rendered":"MEULEUSE SURFACE, ATHENA \u2013 T1500"},"content":{"rendered":"<div id=\"fws_69d2ddd428af7\"  data-column-margin=\"default\" data-midnight=\"dark\"  class=\"wpb_row vc_row-fluid vc_row\"  style=\"padding-top: 0px; padding-bottom: 0px; \"><div class=\"row-bg-wrap\" data-bg-animation=\"none\" data-bg-animation-delay=\"\" data-bg-overlay=\"false\"><div class=\"inner-wrap row-bg-layer\" ><div class=\"row-bg viewport-desktop\"  style=\"\"><\/div><\/div><\/div><div class=\"row_col_wrap_12 col span_12 dark left\">\n\t<div  class=\"vc_col-sm-4 wpb_column column_container vc_column_container col no-extra-padding inherit_tablet inherit_phone\"  data-padding-pos=\"all\" data-has-bg-color=\"false\" data-bg-color=\"\" data-bg-opacity=\"1\" data-animation=\"\" data-delay=\"0\" >\n\t\t<div class=\"vc_column-inner\" >\n\t\t\t<div class=\"wpb_wrapper\">\n\t\t\t\t\n\t\t\t<\/div> \n\t\t<\/div>\n\t<\/div> \n\n\t<div  class=\"vc_col-sm-4 wpb_column column_container vc_column_container col no-extra-padding inherit_tablet inherit_phone\"  data-padding-pos=\"all\" data-has-bg-color=\"false\" data-bg-color=\"\" data-bg-opacity=\"1\" data-animation=\"\" data-delay=\"0\" >\n\t\t<div class=\"vc_column-inner\" >\n\t\t\t<div class=\"wpb_wrapper\">\n\t\t\t\t<div class=\"nectar-fancy-ul\" data-list-icon=\"linecon-icon-settings\" data-animation=\"false\" data-animation-delay=\"0\" data-color=\"accent-color\" data-spacing=\"default\" data-alignment=\"left\"> \n<p style=\"text-align: center;\"><strong>RECTIFIEUSE PLANE<\/strong><\/p>\n<ul>\n<li style=\"text-align: center;\"><strong>Fabricant: <\/strong>Ath\u00e9na<\/li>\n<li style=\"text-align: center;\"><strong>Mod\u00e8le: <\/strong>T1500<\/li>\n<li style=\"text-align: center;\"><strong>Dimensions de la table magn\u00e9tique\u00a0:<\/strong> 1200 x 350 mm<\/li>\n<li style=\"text-align: center;\"><strong>Dimensions du tableau\u00a0:<\/strong> 1650 x 350 mm<\/li>\n<li style=\"text-align: center;\"><strong>Diam\u00e8tre maximal de la meule :<\/strong> 400 millim\u00e8tres<\/li>\n<li style=\"text-align: center;\"><strong>\u00c9paisseur maximale de la meule :<\/strong> 55 millim\u00e8tres<\/li>\n<li style=\"text-align: center;\"><strong>Course sur l&#039;axe X\u00a0:<\/strong> 2220 mm<\/li>\n<li style=\"text-align: center;\"><strong>Hauteur maximale de la pi\u00e8ce :<\/strong> 370 mm<\/li>\n<li style=\"text-align: center;\"><strong>Coup de meule :<\/strong> 600 millim\u00e8tres<\/li>\n<\/ul>\n<p style=\"text-align: center;\"><strong>Autre info:<\/strong><br \/>\nLa machine est en excellent \u00e9tat de fonctionnement et est compl\u00e8te en toutes ses pi\u00e8ces et accessoires.<br \/>\n<strong>(comprend plusieurs meules).<\/strong><\/p>\n <\/div>\n\t\t\t<\/div> \n\t\t<\/div>\n\t<\/div> \n\n\t<div  class=\"vc_col-sm-4 wpb_column column_container vc_column_container col no-extra-padding inherit_tablet inherit_phone\"  data-padding-pos=\"all\" data-has-bg-color=\"false\" data-bg-color=\"\" data-bg-opacity=\"1\" data-animation=\"\" data-delay=\"0\" >\n\t\t<div class=\"vc_column-inner\" >\n\t\t\t<div class=\"wpb_wrapper\">\n\t\t\t\t\n\t\t\t<\/div> \n\t\t<\/div>\n\t<\/div> \n<\/div><\/div>","protected":false},"excerpt":{"rendered":"<p>Voici notre<strong>\u00a0MEULEUSE DE SURFACE,<\/strong><\/p>\n<p>Il est en excellent \u00e9tat de fonctionnement, pour tout renseignement nous sommes \u00e0 votre disposition.<\/p>","protected":false},"featured_media":7104,"comment_status":"closed","ping_status":"closed","template":"","meta":[],"product_brand":[],"product_cat":[34],"product_tag":[814,104,788,276,813,816,815],"class_list":{"0":"post-5720","1":"product","2":"type-product","3":"status-publish","4":"has-post-thumbnail","6":"product_cat-surface-grinding-machines","7":"product_tag-athena","8":"product_tag-grinder","9":"product_tag-grinding","10":"product_tag-surface-grinder","11":"product_tag-surface-grinding","12":"product_tag-t-1500","13":"product_tag-t1500","14":"pa_luogo-india","16":"first","17":"instock","18":"shipping-taxable","19":"product-type-simple"},"_links":{"self":[{"href":"https:\/\/www.laxmiusedmachine.com\/fr\/wp-json\/wp\/v2\/product\/5720","targetHints":{"allow":["GET"]}}],"collection":[{"href":"https:\/\/www.laxmiusedmachine.com\/fr\/wp-json\/wp\/v2\/product"}],"about":[{"href":"https:\/\/www.laxmiusedmachine.com\/fr\/wp-json\/wp\/v2\/types\/product"}],"replies":[{"embeddable":true,"href":"https:\/\/www.laxmiusedmachine.com\/fr\/wp-json\/wp\/v2\/comments?post=5720"}],"wp:featuredmedia":[{"embeddable":true,"href":"https:\/\/www.laxmiusedmachine.com\/fr\/wp-json\/wp\/v2\/media\/7104"}],"wp:attachment":[{"href":"https:\/\/www.laxmiusedmachine.com\/fr\/wp-json\/wp\/v2\/media?parent=5720"}],"wp:term":[{"taxonomy":"product_brand","embeddable":true,"href":"https:\/\/www.laxmiusedmachine.com\/fr\/wp-json\/wp\/v2\/product_brand?post=5720"},{"taxonomy":"product_cat","embeddable":true,"href":"https:\/\/www.laxmiusedmachine.com\/fr\/wp-json\/wp\/v2\/product_cat?post=5720"},{"taxonomy":"product_tag","embeddable":true,"href":"https:\/\/www.laxmiusedmachine.com\/fr\/wp-json\/wp\/v2\/product_tag?post=5720"}],"curies":[{"name":"wp","href":"https:\/\/api.w.org\/{rel}","templated":true}]}}