{"id":4945,"date":"2023-02-07T15:49:06","date_gmt":"2023-02-07T15:49:06","guid":{"rendered":"https:\/\/www.laxmiusedmachine.com\/?post_type=product&#038;p=4945"},"modified":"2023-07-12T09:53:56","modified_gmt":"2023-07-12T09:53:56","slug":"complete-set-of-3-straight-bevel-gear-generator-r-f-gleason-12-2","status":"publish","type":"product","link":"https:\/\/www.laxmiusedmachine.com\/fr\/prodotto\/complete-set-of-3-straight-bevel-gear-generator-r-f-gleason-12-2\/","title":{"rendered":"ENSEMBLE COMPLET DE 3 G\u00c9N\u00c9RATEURS \u00c0 ENGRENAGES CONIQUES DROITS (R + F), GLEASON \u2013 12"},"content":{"rendered":"<div id=\"fws_69f2f0e50c677\"  data-column-margin=\"default\" data-midnight=\"dark\"  class=\"wpb_row vc_row-fluid vc_row\"  style=\"padding-top: 0px; padding-bottom: 0px; \"><div class=\"row-bg-wrap\" data-bg-animation=\"none\" data-bg-animation-delay=\"\" data-bg-overlay=\"false\"><div class=\"inner-wrap row-bg-layer\" ><div class=\"row-bg viewport-desktop\"  style=\"\"><\/div><\/div><\/div><div class=\"row_col_wrap_12 col span_12 dark left\">\n\t<div  class=\"vc_col-sm-4 wpb_column column_container vc_column_container col no-extra-padding inherit_tablet inherit_phone\"  data-padding-pos=\"all\" data-has-bg-color=\"false\" data-bg-color=\"\" data-bg-opacity=\"1\" data-animation=\"\" data-delay=\"0\" >\n\t\t<div class=\"vc_column-inner\" >\n\t\t\t<div class=\"wpb_wrapper\">\n\t\t\t\t\n\t\t\t<\/div> \n\t\t<\/div>\n\t<\/div> \n\n\t<div  class=\"vc_col-sm-4 wpb_column column_container vc_column_container col no-extra-padding inherit_tablet inherit_phone\"  data-padding-pos=\"all\" data-has-bg-color=\"false\" data-bg-color=\"\" data-bg-opacity=\"1\" data-animation=\"\" data-delay=\"0\" >\n\t\t<div class=\"vc_column-inner\" >\n\t\t\t<div class=\"wpb_wrapper\">\n\t\t\t\t<div class=\"nectar-fancy-ul\" data-list-icon=\"linecon-icon-settings\" data-animation=\"false\" data-animation-delay=\"0\" data-color=\"accent-color\" data-spacing=\"default\" data-alignment=\"left\"> \n<p style=\"text-align: center;\"><em><strong>G\u00c9N\u00c9RATEURS \u00c0 ENGRENAGE CONIQUE DROIT<\/strong><\/em><br \/>\n<em><strong>G\u00c9N\u00c9RATEUR (R + F) \u2013 R\u00c9NOV\u00c9<\/strong><\/em><\/p>\n<ul>\n<li style=\"text-align: center;\"><i class=\"icon-default-style linecon-icon-settings accent-color\"><\/i><strong>Fabricant:<\/strong> Gleason<\/li>\n<li style=\"text-align: center;\"><i class=\"icon-default-style linecon-icon-settings accent-color\"><\/i><strong>Mod\u00e8le:<\/strong> 12<\/li>\n<li style=\"text-align: center;\"><i class=\"icon-default-style linecon-icon-settings accent-color\"><\/i><strong>Diam\u00e8tre de travail maximal :<\/strong> 433 mm<\/li>\n<li style=\"text-align: center;\"><i class=\"icon-default-style linecon-icon-settings accent-color\"><\/i><strong>Module maximum\u00a0:<\/strong> 8,5 mm<\/li>\n<li style=\"text-align: center;\"><i class=\"icon-default-style linecon-icon-settings accent-color\"><\/i><strong>Bague dentaire maximale\u00a0:<\/strong> 90 mm<\/li>\n<li style=\"text-align: center;\"><i class=\"icon-default-style linecon-icon-settings accent-color\"><\/i><strong>Poids approximatif des machines\u00a0:<\/strong> 4,250 kg<\/li>\n<\/ul>\n <\/div>\n\t\t\t<\/div> \n\t\t<\/div>\n\t<\/div> \n\n\t<div  class=\"vc_col-sm-4 wpb_column column_container vc_column_container col no-extra-padding inherit_tablet inherit_phone\"  data-padding-pos=\"all\" data-has-bg-color=\"false\" data-bg-color=\"\" data-bg-opacity=\"1\" data-animation=\"\" data-delay=\"0\" >\n\t\t<div class=\"vc_column-inner\" >\n\t\t\t<div class=\"wpb_wrapper\">\n\t\t\t\t\n\t\t\t<\/div> \n\t\t<\/div>\n\t<\/div> \n<\/div><\/div>","protected":false},"excerpt":{"rendered":"<p>Voici notre\u00a0<strong>G\u00c9N\u00c9RATEUR \u00c0 3 ENGRENAGES CONIQUES DROITS (R + F)<\/strong><\/p>","protected":false},"featured_media":5278,"comment_status":"closed","ping_status":"closed","template":"","meta":[],"product_brand":[],"product_cat":[31],"product_tag":[206,778],"class_list":{"0":"post-4945","1":"product","2":"type-product","3":"status-publish","4":"has-post-thumbnail","6":"product_cat-straight-bevel-gear-generator","7":"product_tag-gleason","8":"product_tag-straight-bevel-gear","9":"pa_luogo-india","11":"first","12":"instock","13":"shipping-taxable","14":"product-type-simple"},"_links":{"self":[{"href":"https:\/\/www.laxmiusedmachine.com\/fr\/wp-json\/wp\/v2\/product\/4945","targetHints":{"allow":["GET"]}}],"collection":[{"href":"https:\/\/www.laxmiusedmachine.com\/fr\/wp-json\/wp\/v2\/product"}],"about":[{"href":"https:\/\/www.laxmiusedmachine.com\/fr\/wp-json\/wp\/v2\/types\/product"}],"replies":[{"embeddable":true,"href":"https:\/\/www.laxmiusedmachine.com\/fr\/wp-json\/wp\/v2\/comments?post=4945"}],"wp:featuredmedia":[{"embeddable":true,"href":"https:\/\/www.laxmiusedmachine.com\/fr\/wp-json\/wp\/v2\/media\/5278"}],"wp:attachment":[{"href":"https:\/\/www.laxmiusedmachine.com\/fr\/wp-json\/wp\/v2\/media?parent=4945"}],"wp:term":[{"taxonomy":"product_brand","embeddable":true,"href":"https:\/\/www.laxmiusedmachine.com\/fr\/wp-json\/wp\/v2\/product_brand?post=4945"},{"taxonomy":"product_cat","embeddable":true,"href":"https:\/\/www.laxmiusedmachine.com\/fr\/wp-json\/wp\/v2\/product_cat?post=4945"},{"taxonomy":"product_tag","embeddable":true,"href":"https:\/\/www.laxmiusedmachine.com\/fr\/wp-json\/wp\/v2\/product_tag?post=4945"}],"curies":[{"name":"wp","href":"https:\/\/api.w.org\/{rel}","templated":true}]}}