{"id":469,"date":"2020-08-07T19:00:07","date_gmt":"2020-08-07T19:00:07","guid":{"rendered":"https:\/\/www.laxmiusedmachine.com\/?post_type=product&#038;p=469"},"modified":"2024-01-12T06:39:00","modified_gmt":"2024-01-12T06:39:00","slug":"horizontal-cnc-milling-huron-gxb-411f","status":"publish","type":"product","link":"https:\/\/www.laxmiusedmachine.com\/fr\/prodotto\/horizontal-cnc-milling-huron-gxb-411f\/","title":{"rendered":"Fraiseuse horizontale CNC, Huron \u2013 GXB 411F"},"content":{"rendered":"<div id=\"fws_69f49285d938b\"  data-column-margin=\"default\" data-midnight=\"dark\"  class=\"wpb_row vc_row-fluid vc_row\"  style=\"padding-top: 0px; padding-bottom: 0px; \"><div class=\"row-bg-wrap\" data-bg-animation=\"none\" data-bg-animation-delay=\"\" data-bg-overlay=\"false\"><div class=\"inner-wrap row-bg-layer\" ><div class=\"row-bg viewport-desktop\"  style=\"\"><\/div><\/div><\/div><div class=\"row_col_wrap_12 col span_12 dark left\">\n\t<div  class=\"vc_col-sm-4 wpb_column column_container vc_column_container col no-extra-padding inherit_tablet inherit_phone\"  data-padding-pos=\"all\" data-has-bg-color=\"false\" data-bg-color=\"\" data-bg-opacity=\"1\" data-animation=\"\" data-delay=\"0\" >\n\t\t<div class=\"vc_column-inner\" >\n\t\t\t<div class=\"wpb_wrapper\">\n\t\t\t\t\n<div class=\"wpb_text_column wpb_content_element\" >\n\t<div class=\"wpb_wrapper\">\n\t\t<p style=\"text-align: center;\"><span style=\"color: #008000;\"><em><strong>\u00a0 \u00a0 \u00a0<\/strong><\/em><\/span><\/p>\n\t<\/div>\n<\/div>\n\n\n\n\n\t\t\t<\/div> \n\t\t<\/div>\n\t<\/div> \n\n\t<div  class=\"vc_col-sm-4 wpb_column column_container vc_column_container col no-extra-padding inherit_tablet inherit_phone\"  data-padding-pos=\"all\" data-has-bg-color=\"false\" data-bg-color=\"\" data-bg-opacity=\"1\" data-animation=\"\" data-delay=\"0\" >\n\t\t<div class=\"vc_column-inner\" >\n\t\t\t<div class=\"wpb_wrapper\">\n\t\t\t\t<div class=\"nectar-fancy-ul\" data-list-icon=\"linecon-icon-settings\" data-animation=\"false\" data-animation-delay=\"0\" data-color=\"accent-color\" data-spacing=\"default\" data-alignment=\"left\"> \n<p style=\"text-align: center;\"><span style=\"color: #000000;\"><strong>\u00a0 MACHINE DE FRAISAGE HORIZONTALE CNC<\/strong><\/span><\/p>\n<ul>\n<li style=\"text-align: center;\"><span style=\"color: #000000;\"><strong>Fabricant: <\/strong>HURON<\/span><\/li>\n<li style=\"text-align: center;\"><span style=\"color: #000000;\"><strong>Mod\u00e8le:<\/strong> GXB 411 F<\/span><\/li>\n<li style=\"text-align: center;\"><span style=\"color: #000000;\"><strong>CNC\u00a0:<\/strong> NUM\u00c9RO 760<\/span><\/li>\n<li style=\"text-align: center;\"><span style=\"color: #000000;\"><strong>Taille du tableau\u00a0:<\/strong> 700 x 1300 mm<\/span><\/li>\n<li style=\"text-align: center;\"><span style=\"color: #000000;\"><strong>D\u00e9placement sur l&#039;axe X :<\/strong> 1200 millim\u00e8tres<\/span><\/li>\n<li style=\"text-align: center;\"><span style=\"color: #000000;\"><strong>D\u00e9placement sur l&#039;axe Y\u00a0:<\/strong> 600 millim\u00e8tres<\/span><\/li>\n<li style=\"text-align: center;\"><span style=\"color: #000000;\"><strong>D\u00e9placement sur l&#039;axe Z :<\/strong> 600 millim\u00e8tres<\/span><\/li>\n<li style=\"text-align: center;\"><span style=\"color: #000000;\"><strong>Vitesse de broche:<\/strong> 20 \u2013 3150 tr\/min<\/span><\/li>\n<li style=\"text-align: center;\"><span style=\"color: #000000;\"><strong>C\u00f4ne de broche\u00a0:<\/strong> SK 40<\/span><\/li>\n<li style=\"text-align: center;\"><span style=\"color: #000000;\"><strong>Puissance du moteur de broche :<\/strong> 11,2 kW<\/span><\/li>\n<li style=\"text-align: center;\"><span style=\"color: #000000;\"><strong>Poids de la machine:<\/strong> 9000 kg<\/span><\/li>\n<\/ul>\n<p style=\"text-align: center;\"><strong>Autres informations:<\/strong><br \/>\nLa machine est en excellent \u00e9tat et est compl\u00e8te en toutes ses pi\u00e8ces et accessoires.<\/p>\n <\/div>\n\t\t\t<\/div> \n\t\t<\/div>\n\t<\/div> \n\n\t<div  class=\"vc_col-sm-4 wpb_column column_container vc_column_container col no-extra-padding inherit_tablet inherit_phone\"  data-padding-pos=\"all\" data-has-bg-color=\"false\" data-bg-color=\"\" data-bg-opacity=\"1\" data-animation=\"\" data-delay=\"0\" >\n\t\t<div class=\"vc_column-inner\" >\n\t\t\t<div class=\"wpb_wrapper\">\n\t\t\t\t\n\t\t\t<\/div> \n\t\t<\/div>\n\t<\/div> \n<\/div><\/div>\n\t\t<div id=\"fws_69f49285da62f\"  data-column-margin=\"default\" data-midnight=\"dark\"  class=\"wpb_row vc_row-fluid vc_row\"  style=\"padding-top: 0px; padding-bottom: 0px; \"><div class=\"row-bg-wrap\" data-bg-animation=\"none\" data-bg-animation-delay=\"\" data-bg-overlay=\"false\"><div class=\"inner-wrap row-bg-layer\" ><div class=\"row-bg viewport-desktop\"  style=\"\"><\/div><\/div><\/div><div class=\"row_col_wrap_12 col span_12 dark left\">\n\t<div  class=\"vc_col-sm-12 wpb_column column_container vc_column_container col no-extra-padding inherit_tablet inherit_phone\"  data-padding-pos=\"all\" data-has-bg-color=\"false\" data-bg-color=\"\" data-bg-opacity=\"1\" data-animation=\"\" data-delay=\"0\" >\n\t\t<div class=\"vc_column-inner\" >\n\t\t\t<div class=\"wpb_wrapper\">\n\t\t\t\t\n\t\t\t<\/div> \n\t\t<\/div>\n\t<\/div> \n<\/div><\/div>","protected":false},"excerpt":{"rendered":"<p>Voici notre <strong>FRAISEUR HORIZONTAL CNC.<\/strong><\/p>\n<p>Il est en excellent \u00e9tat de fonctionnement, pour tout renseignement nous sommes \u00e0 votre disposition.<\/p>","protected":false},"featured_media":483,"comment_status":"closed","ping_status":"closed","template":"","meta":[],"product_brand":[],"product_cat":[23],"product_tag":[52,97,96,99,98],"class_list":{"0":"post-469","1":"product","2":"type-product","3":"status-publish","4":"has-post-thumbnail","6":"product_cat-cnc-milling-machines","7":"product_tag-cnc","8":"product_tag-horizontal","9":"product_tag-horizontal-cnc-milling-huron-gxb-411f","10":"product_tag-huron","11":"product_tag-milling","12":"pa_luogo-italia","14":"first","15":"instock","16":"shipping-taxable","17":"product-type-simple"},"_links":{"self":[{"href":"https:\/\/www.laxmiusedmachine.com\/fr\/wp-json\/wp\/v2\/product\/469","targetHints":{"allow":["GET"]}}],"collection":[{"href":"https:\/\/www.laxmiusedmachine.com\/fr\/wp-json\/wp\/v2\/product"}],"about":[{"href":"https:\/\/www.laxmiusedmachine.com\/fr\/wp-json\/wp\/v2\/types\/product"}],"replies":[{"embeddable":true,"href":"https:\/\/www.laxmiusedmachine.com\/fr\/wp-json\/wp\/v2\/comments?post=469"}],"wp:featuredmedia":[{"embeddable":true,"href":"https:\/\/www.laxmiusedmachine.com\/fr\/wp-json\/wp\/v2\/media\/483"}],"wp:attachment":[{"href":"https:\/\/www.laxmiusedmachine.com\/fr\/wp-json\/wp\/v2\/media?parent=469"}],"wp:term":[{"taxonomy":"product_brand","embeddable":true,"href":"https:\/\/www.laxmiusedmachine.com\/fr\/wp-json\/wp\/v2\/product_brand?post=469"},{"taxonomy":"product_cat","embeddable":true,"href":"https:\/\/www.laxmiusedmachine.com\/fr\/wp-json\/wp\/v2\/product_cat?post=469"},{"taxonomy":"product_tag","embeddable":true,"href":"https:\/\/www.laxmiusedmachine.com\/fr\/wp-json\/wp\/v2\/product_tag?post=469"}],"curies":[{"name":"wp","href":"https:\/\/api.w.org\/{rel}","templated":true}]}}