{"id":4555,"date":"2022-12-05T15:32:59","date_gmt":"2022-12-05T15:32:59","guid":{"rendered":"https:\/\/www.laxmiusedmachine.com\/?post_type=product&#038;p=4555"},"modified":"2023-09-25T10:30:51","modified_gmt":"2023-09-25T10:30:51","slug":"bending-machine-omag-1000","status":"publish","type":"product","link":"https:\/\/www.laxmiusedmachine.com\/fr\/prodotto\/bending-machine-omag-1000\/","title":{"rendered":"MACHINE \u00c0 CINTRER, OMAG \u2013 1500"},"content":{"rendered":"<div id=\"fws_69f27ab1e118a\"  data-column-margin=\"default\" data-midnight=\"dark\"  class=\"wpb_row vc_row-fluid vc_row\"  style=\"padding-top: 0px; padding-bottom: 0px; \"><div class=\"row-bg-wrap\" data-bg-animation=\"none\" data-bg-animation-delay=\"\" data-bg-overlay=\"false\"><div class=\"inner-wrap row-bg-layer\" ><div class=\"row-bg viewport-desktop\"  style=\"\"><\/div><\/div><\/div><div class=\"row_col_wrap_12 col span_12 dark left\">\n\t<div  class=\"vc_col-sm-4 wpb_column column_container vc_column_container col no-extra-padding inherit_tablet inherit_phone\"  data-padding-pos=\"all\" data-has-bg-color=\"false\" data-bg-color=\"\" data-bg-opacity=\"1\" data-animation=\"\" data-delay=\"0\" >\n\t\t<div class=\"vc_column-inner\" >\n\t\t\t<div class=\"wpb_wrapper\">\n\t\t\t\t\n\t\t\t<\/div> \n\t\t<\/div>\n\t<\/div> \n\n\t<div  class=\"vc_col-sm-4 wpb_column column_container vc_column_container col no-extra-padding inherit_tablet inherit_phone\"  data-padding-pos=\"all\" data-has-bg-color=\"false\" data-bg-color=\"\" data-bg-opacity=\"1\" data-animation=\"\" data-delay=\"0\" >\n\t\t<div class=\"vc_column-inner\" >\n\t\t\t<div class=\"wpb_wrapper\">\n\t\t\t\t<div class=\"nectar-fancy-ul\" data-list-icon=\"linecon-icon-settings\" data-animation=\"false\" data-animation-delay=\"0\" data-color=\"accent-color\" data-spacing=\"default\" data-alignment=\"left\"> \n<p style=\"text-align: center;\"><strong>MACHINE DE PLIAGE<\/strong><\/p>\n<p style=\"text-align: center;\"><b>Fabricant:<\/b> Omag<br \/>\n<b>Mod\u00e8le:<\/b> 1500<\/p>\n<ul>\n<li class=\"p2\" style=\"text-align: center;\"><b>Capacit\u00e9 de flexion :<\/b> 4 mm<\/li>\n<li class=\"p2\" style=\"text-align: center;\"><b>Longueur de flexion :<\/b> 1500 millim\u00e8tres<\/li>\n<\/ul>\n<p class=\"p3\" style=\"text-align: center;\"><b>Autre info:<br \/>\n<\/b>La machine est en excellent \u00e9tat et compl\u00e8te, avec toutes ses pi\u00e8ces et accessoires.<\/p>\n <\/div>\n\t\t\t<\/div> \n\t\t<\/div>\n\t<\/div> \n\n\t<div  class=\"vc_col-sm-4 wpb_column column_container vc_column_container col no-extra-padding inherit_tablet inherit_phone\"  data-padding-pos=\"all\" data-has-bg-color=\"false\" data-bg-color=\"\" data-bg-opacity=\"1\" data-animation=\"\" data-delay=\"0\" >\n\t\t<div class=\"vc_column-inner\" >\n\t\t\t<div class=\"wpb_wrapper\">\n\t\t\t\t\n\t\t\t<\/div> \n\t\t<\/div>\n\t<\/div> \n<\/div><\/div>","protected":false},"excerpt":{"rendered":"<p>Voici notre <strong>MACHINE \u00c0 CINTRER,<\/strong><\/p>\n<p>Il est en excellent \u00e9tat de fonctionnement, pour toute information compl\u00e9mentaire, nous sommes \u00e0 votre disposition !<\/p>","protected":false},"featured_media":7753,"comment_status":"closed","ping_status":"closed","template":"","meta":[],"product_brand":[],"product_cat":[765],"product_tag":[723],"class_list":{"0":"post-4555","1":"product","2":"type-product","3":"status-publish","4":"has-post-thumbnail","6":"product_cat-bending-machines","7":"product_tag-bending-machine","8":"pa_luogo-india","10":"first","11":"instock","12":"shipping-taxable","13":"product-type-simple"},"_links":{"self":[{"href":"https:\/\/www.laxmiusedmachine.com\/fr\/wp-json\/wp\/v2\/product\/4555","targetHints":{"allow":["GET"]}}],"collection":[{"href":"https:\/\/www.laxmiusedmachine.com\/fr\/wp-json\/wp\/v2\/product"}],"about":[{"href":"https:\/\/www.laxmiusedmachine.com\/fr\/wp-json\/wp\/v2\/types\/product"}],"replies":[{"embeddable":true,"href":"https:\/\/www.laxmiusedmachine.com\/fr\/wp-json\/wp\/v2\/comments?post=4555"}],"wp:featuredmedia":[{"embeddable":true,"href":"https:\/\/www.laxmiusedmachine.com\/fr\/wp-json\/wp\/v2\/media\/7753"}],"wp:attachment":[{"href":"https:\/\/www.laxmiusedmachine.com\/fr\/wp-json\/wp\/v2\/media?parent=4555"}],"wp:term":[{"taxonomy":"product_brand","embeddable":true,"href":"https:\/\/www.laxmiusedmachine.com\/fr\/wp-json\/wp\/v2\/product_brand?post=4555"},{"taxonomy":"product_cat","embeddable":true,"href":"https:\/\/www.laxmiusedmachine.com\/fr\/wp-json\/wp\/v2\/product_cat?post=4555"},{"taxonomy":"product_tag","embeddable":true,"href":"https:\/\/www.laxmiusedmachine.com\/fr\/wp-json\/wp\/v2\/product_tag?post=4555"}],"curies":[{"name":"wp","href":"https:\/\/api.w.org\/{rel}","templated":true}]}}