{"id":4286,"date":"2022-10-06T15:38:34","date_gmt":"2022-10-06T15:38:34","guid":{"rendered":"https:\/\/www.laxmiusedmachine.com\/?post_type=product&#038;p=4286"},"modified":"2023-07-12T09:45:03","modified_gmt":"2023-07-12T09:45:03","slug":"7-axis-cnc-gear-and-profile-grinder-niles-zp12","status":"publish","type":"product","link":"https:\/\/www.laxmiusedmachine.com\/fr\/prodotto\/7-axis-cnc-gear-and-profile-grinder-niles-zp12\/","title":{"rendered":"Rectifieuse CNC 7 axes pour engrenages et profils, Niles \u2013 ZP12"},"content":{"rendered":"<div id=\"fws_69f5147541601\"  data-column-margin=\"default\" data-midnight=\"dark\"  class=\"wpb_row vc_row-fluid vc_row\"  style=\"padding-top: 0px; padding-bottom: 0px; \"><div class=\"row-bg-wrap\" data-bg-animation=\"none\" data-bg-animation-delay=\"\" data-bg-overlay=\"false\"><div class=\"inner-wrap row-bg-layer\" ><div class=\"row-bg viewport-desktop\"  style=\"\"><\/div><\/div><\/div><div class=\"row_col_wrap_12 col span_12 dark left\">\n\t<div  class=\"vc_col-sm-4 wpb_column column_container vc_column_container col no-extra-padding inherit_tablet inherit_phone\"  data-padding-pos=\"all\" data-has-bg-color=\"false\" data-bg-color=\"\" data-bg-opacity=\"1\" data-animation=\"\" data-delay=\"0\" >\n\t\t<div class=\"vc_column-inner\" >\n\t\t\t<div class=\"wpb_wrapper\">\n\t\t\t\t\n\t\t\t<\/div> \n\t\t<\/div>\n\t<\/div> \n\n\t<div  class=\"vc_col-sm-4 wpb_column column_container vc_column_container col no-extra-padding inherit_tablet inherit_phone\"  data-padding-pos=\"all\" data-has-bg-color=\"false\" data-bg-color=\"\" data-bg-opacity=\"1\" data-animation=\"\" data-delay=\"0\" >\n\t\t<div class=\"vc_column-inner\" >\n\t\t\t<div class=\"wpb_wrapper\">\n\t\t\t\t<div class=\"nectar-fancy-ul\" data-list-icon=\"linecon-icon-settings\" data-animation=\"false\" data-animation-delay=\"0\" data-color=\"accent-color\" data-spacing=\"default\" data-alignment=\"left\"> \n<p style=\"text-align: center;\"><strong>Rectifieuse CNC 7 axes pour engrenages et profils<\/strong><\/p>\n<p style=\"text-align: center;\"><strong>Marque : NILES<\/strong><\/p>\n<p style=\"text-align: center;\"><strong>Mod\u00e8le : ZP 12<\/strong><\/p>\n<p style=\"text-align: center;\"><strong>Ann\u00e9e\u00a0: 2000<\/strong><\/p>\n<p style=\"text-align: center;\"><strong>CNC : KAPP D200<\/strong><\/p>\n<ul>\n<li style=\"text-align: center;\"><b>Diam\u00e8tre du tableau<\/b>: 910 millim\u00e8tres<\/li>\n<li style=\"text-align: center;\"><b>Diam\u00e8tre max.<\/b>: 1000 millim\u00e8tres<span class=\"Apple-converted-space\">\u00a0<\/span>\u2013 (1250 mm sans contre-pointe)<\/li>\n<li style=\"text-align: center;\"><b>Module Max<\/b>: 25<\/li>\n<li style=\"text-align: center;\"><b>Accident vasculaire c\u00e9r\u00e9bral<\/b>: 740 millim\u00e8tres<\/li>\n<li style=\"text-align: center;\"><b>Hauteur maximale du profil<\/b>: 56 millim\u00e8tres<\/li>\n<li style=\"text-align: center;\"><b>Charge maximale de la table rotative<\/b>: 6000kg<\/li>\n<li style=\"text-align: center;\"><b>Diam\u00e8tre du tableau<\/b>: 910 millim\u00e8tres<\/li>\n<li style=\"text-align: center;\"><b>Meule diam.<\/b>: 250-350mm<\/li>\n<\/ul>\n<p style=\"text-align: center;\">La machine est en excellent \u00e9tat et compl\u00e8te en toutes ses pi\u00e8ces.<\/p>\n <\/div>\n\t\t\t<\/div> \n\t\t<\/div>\n\t<\/div> \n\n\t<div  class=\"vc_col-sm-4 wpb_column column_container vc_column_container col no-extra-padding inherit_tablet inherit_phone\"  data-padding-pos=\"all\" data-has-bg-color=\"false\" data-bg-color=\"\" data-bg-opacity=\"1\" data-animation=\"\" data-delay=\"0\" >\n\t\t<div class=\"vc_column-inner\" >\n\t\t\t<div class=\"wpb_wrapper\">\n\t\t\t\t\n\t\t\t<\/div> \n\t\t<\/div>\n\t<\/div> \n<\/div><\/div>","protected":false},"excerpt":{"rendered":"<p>Voici notre \u00a0<strong>RECTIFIEUSE D&#039;ENGRENAGES ET DE PROFILS CNC<\/strong><b>,<\/b><\/p>\n<p>Il est en excellent \u00e9tat, pour tout renseignement nous sommes \u00e0 votre disposition.<\/p>\n<p>&nbsp;<\/p>\n<p>https:\/\/www.youtube.com\/watch?v=VwOD4bJwYvo<\/p>","protected":false},"featured_media":4279,"comment_status":"closed","ping_status":"closed","template":"","meta":[],"product_brand":[],"product_cat":[444],"product_tag":[162,749,706],"class_list":{"0":"post-4286","1":"product","2":"type-product","3":"status-publish","4":"has-post-thumbnail","6":"product_cat-cnc-gear-grinding-machines","7":"product_tag-cnc-gear-grinder","8":"product_tag-niles-zp12","9":"product_tag-rettifica-per-ingranaggi","11":"first","12":"instock","13":"shipping-taxable","14":"product-type-simple"},"_links":{"self":[{"href":"https:\/\/www.laxmiusedmachine.com\/fr\/wp-json\/wp\/v2\/product\/4286","targetHints":{"allow":["GET"]}}],"collection":[{"href":"https:\/\/www.laxmiusedmachine.com\/fr\/wp-json\/wp\/v2\/product"}],"about":[{"href":"https:\/\/www.laxmiusedmachine.com\/fr\/wp-json\/wp\/v2\/types\/product"}],"replies":[{"embeddable":true,"href":"https:\/\/www.laxmiusedmachine.com\/fr\/wp-json\/wp\/v2\/comments?post=4286"}],"wp:featuredmedia":[{"embeddable":true,"href":"https:\/\/www.laxmiusedmachine.com\/fr\/wp-json\/wp\/v2\/media\/4279"}],"wp:attachment":[{"href":"https:\/\/www.laxmiusedmachine.com\/fr\/wp-json\/wp\/v2\/media?parent=4286"}],"wp:term":[{"taxonomy":"product_brand","embeddable":true,"href":"https:\/\/www.laxmiusedmachine.com\/fr\/wp-json\/wp\/v2\/product_brand?post=4286"},{"taxonomy":"product_cat","embeddable":true,"href":"https:\/\/www.laxmiusedmachine.com\/fr\/wp-json\/wp\/v2\/product_cat?post=4286"},{"taxonomy":"product_tag","embeddable":true,"href":"https:\/\/www.laxmiusedmachine.com\/fr\/wp-json\/wp\/v2\/product_tag?post=4286"}],"curies":[{"name":"wp","href":"https:\/\/api.w.org\/{rel}","templated":true}]}}