{"id":3923,"date":"2022-06-28T09:30:35","date_gmt":"2022-06-28T09:30:35","guid":{"rendered":"https:\/\/www.laxmiusedmachine.com\/?post_type=product&#038;p=3923"},"modified":"2024-01-02T08:27:08","modified_gmt":"2024-01-02T08:27:08","slug":"vmc-eikon-mv3","status":"publish","type":"product","link":"https:\/\/www.laxmiusedmachine.com\/fr\/prodotto\/vmc-eikon-mv3\/","title":{"rendered":"CENTRE D&#039;USINAGE VERTICAL, EIKON \u2013 MV3"},"content":{"rendered":"<div id=\"fws_69f331d85c519\"  data-column-margin=\"default\" data-midnight=\"dark\"  class=\"wpb_row vc_row-fluid vc_row\"  style=\"padding-top: 0px; padding-bottom: 0px; \"><div class=\"row-bg-wrap\" data-bg-animation=\"none\" data-bg-animation-delay=\"\" data-bg-overlay=\"false\"><div class=\"inner-wrap row-bg-layer\" ><div class=\"row-bg viewport-desktop\"  style=\"\"><\/div><\/div><\/div><div class=\"row_col_wrap_12 col span_12 dark left\">\n\t<div  class=\"vc_col-sm-4 wpb_column column_container vc_column_container col no-extra-padding inherit_tablet inherit_phone\"  data-padding-pos=\"all\" data-has-bg-color=\"false\" data-bg-color=\"\" data-bg-opacity=\"1\" data-animation=\"\" data-delay=\"0\" >\n\t\t<div class=\"vc_column-inner\" >\n\t\t\t<div class=\"wpb_wrapper\">\n\t\t\t\t\n\t\t\t<\/div> \n\t\t<\/div>\n\t<\/div> \n\n\t<div  class=\"vc_col-sm-4 wpb_column column_container vc_column_container col no-extra-padding inherit_tablet inherit_phone\"  data-padding-pos=\"all\" data-has-bg-color=\"false\" data-bg-color=\"\" data-bg-opacity=\"1\" data-animation=\"\" data-delay=\"0\" >\n\t\t<div class=\"vc_column-inner\" >\n\t\t\t<div class=\"wpb_wrapper\">\n\t\t\t\t<div class=\"nectar-fancy-ul\" data-list-icon=\"linecon-icon-settings\" data-animation=\"false\" data-animation-delay=\"0\" data-color=\"accent-color\" data-spacing=\"default\" data-alignment=\"left\"> \n<p style=\"text-align: center;\"><b>CENTRE D&#039;USINAGE VERTICAL<\/b><\/p>\n<p style=\"text-align: center;\"><b>Fabricant: <\/b>Eikon<\/p>\n<p style=\"text-align: center;\"><b>Mod\u00e8le: <\/b>MV3<\/p>\n<p style=\"text-align: center;\"><b>Ann\u00e9e de naissance : <\/b>2003<\/p>\n<ul>\n<li style=\"text-align: center;\"><strong>Taille du tableau\u00a0:<\/strong> 2000 x 500<\/li>\n<li style=\"text-align: center;\"><strong>Voyages de l&#039;axe :<\/strong> 1800\/500\/500<\/li>\n<li style=\"text-align: center;\"><strong>C\u00f4ne de broche\u00a0:<\/strong> ISO 40<\/li>\n<li style=\"text-align: center;\"><strong>Vitesse de broche:<\/strong> 12\u00a0000 tr\/min<\/li>\n<li style=\"text-align: center;\"><strong>Changeur d&#039;outils 20 positions<\/strong><\/li>\n<li style=\"text-align: center;\"><strong>HAUTE PRESSION<span class=\"Apple-converted-space\">\u00a0<\/span><\/strong><\/li>\n<\/ul>\n<p style=\"text-align: center;\"><strong>Autres informations:<\/strong><br \/>\nLa machine est en excellent \u00e9tat et compl\u00e8te, avec toutes ses pi\u00e8ces et accessoires.<br \/>\n<strong>Il est notamment \u00e9quip\u00e9 de :<\/strong><\/p>\n<ul>\n<li style=\"text-align: center;\"><strong>Convoyeur \u00e0 copeaux<\/strong><\/li>\n<li style=\"text-align: center;\"><strong>S\u00e9parateur pour travailler avec une table divis\u00e9e en deux parties<\/strong><\/li>\n<\/ul>\n <\/div>\n\t\t\t<\/div> \n\t\t<\/div>\n\t<\/div> \n\n\t<div  class=\"vc_col-sm-4 wpb_column column_container vc_column_container col no-extra-padding inherit_tablet inherit_phone\"  data-padding-pos=\"all\" data-has-bg-color=\"false\" data-bg-color=\"\" data-bg-opacity=\"1\" data-animation=\"\" data-delay=\"0\" >\n\t\t<div class=\"vc_column-inner\" >\n\t\t\t<div class=\"wpb_wrapper\">\n\t\t\t\t\n\t\t\t<\/div> \n\t\t<\/div>\n\t<\/div> \n<\/div><\/div>","protected":false},"excerpt":{"rendered":"<p>Voici notre <strong>CENTRE D&#039;USINAGE VERTICAL<\/strong><b>,<\/b><\/p>\n<p>Il est en excellent \u00e9tat de fonctionnement, pour tout renseignement nous sommes \u00e0 votre disposition.<\/p>\n<p>&nbsp;<\/p>\n<p>https:\/\/www.youtube.com\/watch?v=lrqQc4Ft0Z8<\/p>","protected":false},"featured_media":3924,"comment_status":"closed","ping_status":"closed","template":"","meta":[],"product_brand":[],"product_cat":[42],"product_tag":[719,720,158],"class_list":{"0":"post-3923","1":"product","2":"type-product","3":"status-publish","4":"has-post-thumbnail","6":"product_cat-vertical-horizontal-machining-centers","7":"product_tag-eikon","8":"product_tag-mv3","9":"product_tag-vmc","10":"pa_luogo-india","12":"first","13":"instock","14":"shipping-taxable","15":"product-type-simple"},"_links":{"self":[{"href":"https:\/\/www.laxmiusedmachine.com\/fr\/wp-json\/wp\/v2\/product\/3923","targetHints":{"allow":["GET"]}}],"collection":[{"href":"https:\/\/www.laxmiusedmachine.com\/fr\/wp-json\/wp\/v2\/product"}],"about":[{"href":"https:\/\/www.laxmiusedmachine.com\/fr\/wp-json\/wp\/v2\/types\/product"}],"replies":[{"embeddable":true,"href":"https:\/\/www.laxmiusedmachine.com\/fr\/wp-json\/wp\/v2\/comments?post=3923"}],"wp:featuredmedia":[{"embeddable":true,"href":"https:\/\/www.laxmiusedmachine.com\/fr\/wp-json\/wp\/v2\/media\/3924"}],"wp:attachment":[{"href":"https:\/\/www.laxmiusedmachine.com\/fr\/wp-json\/wp\/v2\/media?parent=3923"}],"wp:term":[{"taxonomy":"product_brand","embeddable":true,"href":"https:\/\/www.laxmiusedmachine.com\/fr\/wp-json\/wp\/v2\/product_brand?post=3923"},{"taxonomy":"product_cat","embeddable":true,"href":"https:\/\/www.laxmiusedmachine.com\/fr\/wp-json\/wp\/v2\/product_cat?post=3923"},{"taxonomy":"product_tag","embeddable":true,"href":"https:\/\/www.laxmiusedmachine.com\/fr\/wp-json\/wp\/v2\/product_tag?post=3923"}],"curies":[{"name":"wp","href":"https:\/\/api.w.org\/{rel}","templated":true}]}}