{"id":3887,"date":"2022-06-20T14:41:34","date_gmt":"2022-06-20T14:41:34","guid":{"rendered":"https:\/\/www.laxmiusedmachine.com\/?post_type=product&#038;p=3887"},"modified":"2023-07-12T09:56:02","modified_gmt":"2023-07-12T09:56:02","slug":"horizontal-boring-machine-san-rocco-italy-al-55","status":"publish","type":"product","link":"https:\/\/www.laxmiusedmachine.com\/fr\/prodotto\/horizontal-boring-machine-san-rocco-italy-al-55\/","title":{"rendered":"AL\u00c8SEUSE HORIZONTALE, SAN ROCCO (Italie) \u2013 AL 55"},"content":{"rendered":"<div id=\"fws_69debe3e0e002\"  data-column-margin=\"default\" data-midnight=\"dark\"  class=\"wpb_row vc_row-fluid vc_row\"  style=\"padding-top: 0px; padding-bottom: 0px; \"><div class=\"row-bg-wrap\" data-bg-animation=\"none\" data-bg-animation-delay=\"\" data-bg-overlay=\"false\"><div class=\"inner-wrap row-bg-layer\" ><div class=\"row-bg viewport-desktop\"  style=\"\"><\/div><\/div><\/div><div class=\"row_col_wrap_12 col span_12 dark left\">\n\t<div  class=\"vc_col-sm-4 wpb_column column_container vc_column_container col no-extra-padding inherit_tablet inherit_phone\"  data-padding-pos=\"all\" data-has-bg-color=\"false\" data-bg-color=\"\" data-bg-opacity=\"1\" data-animation=\"\" data-delay=\"0\" >\n\t\t<div class=\"vc_column-inner\" >\n\t\t\t<div class=\"wpb_wrapper\">\n\t\t\t\t\n\t\t\t<\/div> \n\t\t<\/div>\n\t<\/div> \n\n\t<div  class=\"vc_col-sm-4 wpb_column column_container vc_column_container col no-extra-padding inherit_tablet inherit_phone\"  data-padding-pos=\"all\" data-has-bg-color=\"false\" data-bg-color=\"\" data-bg-opacity=\"1\" data-animation=\"\" data-delay=\"0\" >\n\t\t<div class=\"vc_column-inner\" >\n\t\t\t<div class=\"wpb_wrapper\">\n\t\t\t\t<div class=\"nectar-fancy-ul\" data-list-icon=\"linecon-icon-settings\" data-animation=\"false\" data-animation-delay=\"0\" data-color=\"accent-color\" data-spacing=\"default\" data-alignment=\"left\"> \n<p style=\"text-align: center;\"><strong>AL\u00c8SEUSE HORIZONTALE, SAN ROCCO \u2013 AL 55<\/strong><\/p>\n<p style=\"text-align: center;\"><strong>Marque : SAN ROCCO (Italie)<\/strong><\/p>\n<p style=\"text-align: center;\"><strong>Mod\u00e8le : AL 55<\/strong><\/p>\n<ul>\n<li style=\"text-align: center;\"><strong>Diam\u00e8tre de broche\u00a0:<\/strong> 55 millim\u00e8tres<\/li>\n<li style=\"text-align: center;\"><strong>Vitesse de broche:<\/strong> 1375 tr\/min<\/li>\n<li style=\"text-align: center;\"><strong>Axe X (d\u00e9placement longitudinal)\u00a0:<\/strong> 1100 millim\u00e8tres<\/li>\n<li style=\"text-align: center;\"><strong>Axe Y (d\u00e9placement vertical)\u00a0:<\/strong> 600 millim\u00e8tres<\/li>\n<li style=\"text-align: center;\"><strong>Axe Z (d\u00e9placement transversal)\u00a0:<\/strong> 860 millim\u00e8tres<\/li>\n<li style=\"text-align: center;\"><strong>Voyage de broche (Quill):<\/strong> 400 millim\u00e8tres<\/li>\n<\/ul>\n<p style=\"text-align: center;\"><strong>LA MACHINE EST \u00c9QUIP\u00c9E D&#039;UNE T\u00caTE DE SURFACE<\/strong><\/p>\n <\/div>\n\t\t\t<\/div> \n\t\t<\/div>\n\t<\/div> \n\n\t<div  class=\"vc_col-sm-4 wpb_column column_container vc_column_container col no-extra-padding inherit_tablet inherit_phone\"  data-padding-pos=\"all\" data-has-bg-color=\"false\" data-bg-color=\"\" data-bg-opacity=\"1\" data-animation=\"\" data-delay=\"0\" >\n\t\t<div class=\"vc_column-inner\" >\n\t\t\t<div class=\"wpb_wrapper\">\n\t\t\t\t\n\t\t\t<\/div> \n\t\t<\/div>\n\t<\/div> \n<\/div><\/div>","protected":false},"excerpt":{"rendered":"<p>Voici notre<strong>\u00a0AL\u00c8SEUSE HORIZONTALE,<\/strong><\/p>\n<p>Il est en excellent \u00e9tat de fonctionnement, pour tout renseignement nous sommes \u00e0 votre disposition.<\/p>","protected":false},"featured_media":3890,"comment_status":"closed","ping_status":"closed","template":"","meta":[],"product_brand":[],"product_cat":[49],"product_tag":[352,718,717],"class_list":{"0":"post-3887","1":"product","2":"type-product","3":"status-publish","4":"has-post-thumbnail","6":"product_cat-horizontal-boring","7":"product_tag-boring","8":"product_tag-boring-machine","9":"product_tag-horizontal-boring-machine","10":"pa_luogo-india","12":"first","13":"instock","14":"shipping-taxable","15":"product-type-simple"},"_links":{"self":[{"href":"https:\/\/www.laxmiusedmachine.com\/fr\/wp-json\/wp\/v2\/product\/3887","targetHints":{"allow":["GET"]}}],"collection":[{"href":"https:\/\/www.laxmiusedmachine.com\/fr\/wp-json\/wp\/v2\/product"}],"about":[{"href":"https:\/\/www.laxmiusedmachine.com\/fr\/wp-json\/wp\/v2\/types\/product"}],"replies":[{"embeddable":true,"href":"https:\/\/www.laxmiusedmachine.com\/fr\/wp-json\/wp\/v2\/comments?post=3887"}],"wp:featuredmedia":[{"embeddable":true,"href":"https:\/\/www.laxmiusedmachine.com\/fr\/wp-json\/wp\/v2\/media\/3890"}],"wp:attachment":[{"href":"https:\/\/www.laxmiusedmachine.com\/fr\/wp-json\/wp\/v2\/media?parent=3887"}],"wp:term":[{"taxonomy":"product_brand","embeddable":true,"href":"https:\/\/www.laxmiusedmachine.com\/fr\/wp-json\/wp\/v2\/product_brand?post=3887"},{"taxonomy":"product_cat","embeddable":true,"href":"https:\/\/www.laxmiusedmachine.com\/fr\/wp-json\/wp\/v2\/product_cat?post=3887"},{"taxonomy":"product_tag","embeddable":true,"href":"https:\/\/www.laxmiusedmachine.com\/fr\/wp-json\/wp\/v2\/product_tag?post=3887"}],"curies":[{"name":"wp","href":"https:\/\/api.w.org\/{rel}","templated":true}]}}