{"id":3728,"date":"2022-05-26T08:03:35","date_gmt":"2022-05-26T08:03:35","guid":{"rendered":"https:\/\/www.laxmiusedmachine.com\/?post_type=product&#038;p=3728"},"modified":"2024-10-28T11:36:09","modified_gmt":"2024-10-28T11:36:09","slug":"4-axis-cnc-vertical-turning-center-emag-vl5","status":"publish","type":"product","link":"https:\/\/www.laxmiusedmachine.com\/fr\/prodotto\/4-axis-cnc-vertical-turning-center-emag-vl5\/","title":{"rendered":"CENTRE DE TOURNAGE VERTICAL CNC 4 AXES, EMAG \u2013 VL5"},"content":{"rendered":"<div id=\"fws_69e0028c6f523\"  data-column-margin=\"default\" data-midnight=\"dark\"  class=\"wpb_row vc_row-fluid vc_row\"  style=\"padding-top: 0px; padding-bottom: 0px; \"><div class=\"row-bg-wrap\" data-bg-animation=\"none\" data-bg-animation-delay=\"\" data-bg-overlay=\"false\"><div class=\"inner-wrap row-bg-layer\" ><div class=\"row-bg viewport-desktop\"  style=\"\"><\/div><\/div><\/div><div class=\"row_col_wrap_12 col span_12 dark left\">\n\t<div  class=\"vc_col-sm-4 wpb_column column_container vc_column_container col no-extra-padding inherit_tablet inherit_phone\"  data-padding-pos=\"all\" data-has-bg-color=\"false\" data-bg-color=\"\" data-bg-opacity=\"1\" data-animation=\"\" data-delay=\"0\" >\n\t\t<div class=\"vc_column-inner\" >\n\t\t\t<div class=\"wpb_wrapper\">\n\t\t\t\t\n\t\t\t<\/div> \n\t\t<\/div>\n\t<\/div> \n\n\t<div  class=\"vc_col-sm-4 wpb_column column_container vc_column_container col no-extra-padding inherit_tablet inherit_phone\"  data-padding-pos=\"all\" data-has-bg-color=\"false\" data-bg-color=\"\" data-bg-opacity=\"1\" data-animation=\"\" data-delay=\"0\" >\n\t\t<div class=\"vc_column-inner\" >\n\t\t\t<div class=\"wpb_wrapper\">\n\t\t\t\t<div class=\"nectar-fancy-ul\" data-list-icon=\"linecon-icon-settings\" data-animation=\"false\" data-animation-delay=\"0\" data-color=\"accent-color\" data-spacing=\"default\" data-alignment=\"left\"> \n<p style=\"text-align: center;\"><strong>Tour vertical CNC 4 axes<\/strong><\/p>\n<ul>\n<li style=\"text-align: center;\"><strong>Fabricant: <\/strong>EMAG<\/li>\n<li style=\"text-align: center;\"><strong>Mod\u00e8le: <\/strong>VL5<\/li>\n<li style=\"text-align: center;\"><strong>CNC\u00a0: <\/strong>GE Fanuc S\u00e9rie 18i TB<\/li>\n<li style=\"text-align: center;\"><strong>YOM\u00a0: 2001<\/strong><\/li>\n<li style=\"text-align: center;\"><strong>Max. Diam\u00e8tre de braquage\u00a0:<\/strong> 300 millim\u00e8tres<\/li>\n<li style=\"text-align: center;\"><strong>Longueur de tournage\u00a0:<\/strong> 110 millim\u00e8tres<\/li>\n<li style=\"text-align: center;\"><strong>Max. Vitesse de broche:<\/strong> 4500 tr\/min<\/li>\n<li style=\"text-align: center;\"><strong>C\u00f4ne de broche\u00a0:<\/strong> VDI 40<\/li>\n<li style=\"text-align: center;\"><strong>Diam\u00e8tre de broche\u00a0:<\/strong> 260 millim\u00e8tres<\/li>\n<\/ul>\n<p style=\"text-align: center;\"><strong>Autres informations:<br \/>\n<\/strong>La machine est en excellent \u00e9tat et est compl\u00e8te en toutes ses pi\u00e8ces et accessoires.<\/p>\n <\/div>\n\t\t\t<\/div> \n\t\t<\/div>\n\t<\/div> \n\n\t<div  class=\"vc_col-sm-4 wpb_column column_container vc_column_container col no-extra-padding inherit_tablet inherit_phone\"  data-padding-pos=\"all\" data-has-bg-color=\"false\" data-bg-color=\"\" data-bg-opacity=\"1\" data-animation=\"\" data-delay=\"0\" >\n\t\t<div class=\"vc_column-inner\" >\n\t\t\t<div class=\"wpb_wrapper\">\n\t\t\t\t\n\t\t\t<\/div> \n\t\t<\/div>\n\t<\/div> \n<\/div><\/div>","protected":false},"excerpt":{"rendered":"<p>Voici notre <b>CENTRE DE TOURNAGE VERTICAL CNC,\u00a0<\/b><\/p>\n<p>Il est en excellent \u00e9tat, pour tout renseignement compl\u00e9mentaire nous sommes \u00e0 votre disposition.<\/p>","protected":false},"featured_media":5635,"comment_status":"closed","ping_status":"closed","template":"","meta":[],"product_brand":[],"product_cat":[24],"product_tag":[1298,707,156],"class_list":{"0":"post-3728","1":"product","2":"type-product","3":"status-publish","4":"has-post-thumbnail","6":"product_cat-cnc-lathe-machines","7":"product_tag-cnc-vertical-turning-center","8":"product_tag-emag","9":"product_tag-tornio-cnc","10":"pa_luogo-india","12":"first","13":"instock","14":"shipping-taxable","15":"product-type-simple"},"_links":{"self":[{"href":"https:\/\/www.laxmiusedmachine.com\/fr\/wp-json\/wp\/v2\/product\/3728","targetHints":{"allow":["GET"]}}],"collection":[{"href":"https:\/\/www.laxmiusedmachine.com\/fr\/wp-json\/wp\/v2\/product"}],"about":[{"href":"https:\/\/www.laxmiusedmachine.com\/fr\/wp-json\/wp\/v2\/types\/product"}],"replies":[{"embeddable":true,"href":"https:\/\/www.laxmiusedmachine.com\/fr\/wp-json\/wp\/v2\/comments?post=3728"}],"wp:featuredmedia":[{"embeddable":true,"href":"https:\/\/www.laxmiusedmachine.com\/fr\/wp-json\/wp\/v2\/media\/5635"}],"wp:attachment":[{"href":"https:\/\/www.laxmiusedmachine.com\/fr\/wp-json\/wp\/v2\/media?parent=3728"}],"wp:term":[{"taxonomy":"product_brand","embeddable":true,"href":"https:\/\/www.laxmiusedmachine.com\/fr\/wp-json\/wp\/v2\/product_brand?post=3728"},{"taxonomy":"product_cat","embeddable":true,"href":"https:\/\/www.laxmiusedmachine.com\/fr\/wp-json\/wp\/v2\/product_cat?post=3728"},{"taxonomy":"product_tag","embeddable":true,"href":"https:\/\/www.laxmiusedmachine.com\/fr\/wp-json\/wp\/v2\/product_tag?post=3728"}],"curies":[{"name":"wp","href":"https:\/\/api.w.org\/{rel}","templated":true}]}}