{"id":3582,"date":"2022-05-11T09:23:22","date_gmt":"2022-05-11T09:23:22","guid":{"rendered":"https:\/\/www.laxmiusedmachine.com\/?post_type=product&#038;p=3582"},"modified":"2024-04-08T02:49:38","modified_gmt":"2024-04-08T02:49:38","slug":"vertical-machining-center-quaser-mk60iis-ii","status":"publish","type":"product","link":"https:\/\/www.laxmiusedmachine.com\/fr\/prodotto\/vertical-machining-center-quaser-mk60iis-ii\/","title":{"rendered":"CENTRE D'USINAGE VERTICAL, QUASER - MK60IIS\/II"},"content":{"rendered":"<div id=\"fws_69deab78f2fce\"  data-column-margin=\"default\" data-midnight=\"dark\"  class=\"wpb_row vc_row-fluid vc_row\"  style=\"padding-top: 0px; padding-bottom: 0px; \"><div class=\"row-bg-wrap\" data-bg-animation=\"none\" data-bg-animation-delay=\"\" data-bg-overlay=\"false\"><div class=\"inner-wrap row-bg-layer\" ><div class=\"row-bg viewport-desktop\"  style=\"\"><\/div><\/div><\/div><div class=\"row_col_wrap_12 col span_12 dark left\">\n\t<div  class=\"vc_col-sm-4 wpb_column column_container vc_column_container col no-extra-padding inherit_tablet inherit_phone\"  data-padding-pos=\"all\" data-has-bg-color=\"false\" data-bg-color=\"\" data-bg-opacity=\"1\" data-animation=\"\" data-delay=\"0\" >\n\t\t<div class=\"vc_column-inner\" >\n\t\t\t<div class=\"wpb_wrapper\">\n\t\t\t\t\n\t\t\t<\/div> \n\t\t<\/div>\n\t<\/div> \n\n\t<div  class=\"vc_col-sm-4 wpb_column column_container vc_column_container col no-extra-padding inherit_tablet inherit_phone\"  data-padding-pos=\"all\" data-has-bg-color=\"false\" data-bg-color=\"\" data-bg-opacity=\"1\" data-animation=\"\" data-delay=\"0\" >\n\t\t<div class=\"vc_column-inner\" >\n\t\t\t<div class=\"wpb_wrapper\">\n\t\t\t\t<div class=\"nectar-fancy-ul\" data-list-icon=\"linecon-icon-settings\" data-animation=\"false\" data-animation-delay=\"0\" data-color=\"accent-color\" data-spacing=\"default\" data-alignment=\"left\"> \n<p style=\"text-align: center;\"><strong>CENTRE D'USINAGE VERTICAL<\/strong><\/p>\n<ul>\n<li style=\"text-align: center;\"><strong>Fabricant: <\/strong>QUASER<\/li>\n<li style=\"text-align: center;\"><strong>Mod\u00e8le: <\/strong>MK60IIS<\/li>\n<li style=\"text-align: center;\"><strong>CNC : Fanuc s\u00e9rie 18MC<\/strong><\/li>\n<\/ul>\n<p style=\"text-align: center;\"><strong>Voyages Axis :<\/strong><\/p>\n<ul>\n<li style=\"text-align: center;\"><strong>X (Mouvement longitudinal de la colonne) :<\/strong>\u00a01020 mm<\/li>\n<li style=\"text-align: center;\"><strong>Y (colonne de mouvement transversal) :<\/strong>\u00a0610 millim\u00e8tres<\/li>\n<li style=\"text-align: center;\"><strong>Z (Mouvement vertical de la t\u00eate de broche) :<\/strong>\u00a0560 mm<\/li>\n<\/ul>\n<p style=\"text-align: center;\"><strong>Table:<\/strong><\/p>\n<ul>\n<li style=\"text-align: center;\"><strong>Taille du tableau\u00a0:<\/strong>1050\u00d7550 x2<\/li>\n<li style=\"text-align: center;\"><strong>Capacit\u00e9 de charge de la table :<\/strong> 300 kg x2<\/li>\n<\/ul>\n<p style=\"text-align: center;\"><strong>Broche:<\/strong><\/p>\n<ul>\n<li style=\"text-align: center;\"><strong>Max. Vitesse de broche:<\/strong> 10000 min^-1<\/li>\n<li style=\"text-align: center;\"><strong>Type de trou conique de broche\u00a0:<\/strong> ISO 40\/BT40<\/li>\n<li style=\"text-align: center;\"><strong>Capacit\u00e9 de stockage des outils :<\/strong> 40 [80]<\/li>\n<\/ul>\n<p style=\"text-align: center;\"><strong>Taille de l&#039;appareil\u00a0:<\/strong><\/p>\n<ul>\n<li style=\"text-align: center;\"><strong>Hauteur de la machine :<\/strong> 3080 mm<\/li>\n<li style=\"text-align: center;\"><strong>Surface au sol (avec convoyeur \u00e0 copeaux et r\u00e9servoir de 20 bars) :<\/strong> 2660 x 4380 mm<\/li>\n<li style=\"text-align: center;\"><strong>Masse de la machine :<\/strong> 11500 kg<\/li>\n<\/ul>\n<p style=\"text-align: center;\"><strong>Autres informations:<\/strong><br \/>\nLa machine a \u00e9t\u00e9 v\u00e9rifi\u00e9e et est en excellent \u00e9tat de fonctionnement ; elle est compl\u00e8te, avec toutes ses pi\u00e8ces et accessoires.<br \/>\n<strong>\u00c9quip\u00e9 d&#039;un convoyeur \u00e0 double palette et \u00e0 copeaux.<\/strong><\/p>\n <\/div>\n\t\t\t<\/div> \n\t\t<\/div>\n\t<\/div> \n\n\t<div  class=\"vc_col-sm-4 wpb_column column_container vc_column_container col no-extra-padding inherit_tablet inherit_phone\"  data-padding-pos=\"all\" data-has-bg-color=\"false\" data-bg-color=\"\" data-bg-opacity=\"1\" data-animation=\"\" data-delay=\"0\" >\n\t\t<div class=\"vc_column-inner\" >\n\t\t\t<div class=\"wpb_wrapper\">\n\t\t\t\t\n\t\t\t<\/div> \n\t\t<\/div>\n\t<\/div> \n<\/div><\/div>","protected":false},"excerpt":{"rendered":"<p>Voici notre <strong>CENTRE D&#039;USINAGE VERTICAL,<\/strong><\/p>\n<p>Il est en excellent \u00e9tat de fonctionnement, pour tout renseignement nous sommes \u00e0 votre disposition.<\/p>\n<p>&nbsp;<\/p>\n<p>https:\/\/youtu.be\/rKQ2UF_Qp-4<\/p>\n<p>&nbsp;<\/p>","protected":false},"featured_media":3584,"comment_status":"closed","ping_status":"closed","template":"","meta":[],"product_brand":[],"product_cat":[42],"product_tag":[561,158],"class_list":{"0":"post-3582","1":"product","2":"type-product","3":"status-publish","4":"has-post-thumbnail","6":"product_cat-vertical-horizontal-machining-centers","7":"product_tag-quaser","8":"product_tag-vmc","9":"pa_luogo-india","11":"first","12":"instock","13":"shipping-taxable","14":"product-type-simple"},"_links":{"self":[{"href":"https:\/\/www.laxmiusedmachine.com\/fr\/wp-json\/wp\/v2\/product\/3582","targetHints":{"allow":["GET"]}}],"collection":[{"href":"https:\/\/www.laxmiusedmachine.com\/fr\/wp-json\/wp\/v2\/product"}],"about":[{"href":"https:\/\/www.laxmiusedmachine.com\/fr\/wp-json\/wp\/v2\/types\/product"}],"replies":[{"embeddable":true,"href":"https:\/\/www.laxmiusedmachine.com\/fr\/wp-json\/wp\/v2\/comments?post=3582"}],"wp:featuredmedia":[{"embeddable":true,"href":"https:\/\/www.laxmiusedmachine.com\/fr\/wp-json\/wp\/v2\/media\/3584"}],"wp:attachment":[{"href":"https:\/\/www.laxmiusedmachine.com\/fr\/wp-json\/wp\/v2\/media?parent=3582"}],"wp:term":[{"taxonomy":"product_brand","embeddable":true,"href":"https:\/\/www.laxmiusedmachine.com\/fr\/wp-json\/wp\/v2\/product_brand?post=3582"},{"taxonomy":"product_cat","embeddable":true,"href":"https:\/\/www.laxmiusedmachine.com\/fr\/wp-json\/wp\/v2\/product_cat?post=3582"},{"taxonomy":"product_tag","embeddable":true,"href":"https:\/\/www.laxmiusedmachine.com\/fr\/wp-json\/wp\/v2\/product_tag?post=3582"}],"curies":[{"name":"wp","href":"https:\/\/api.w.org\/{rel}","templated":true}]}}