{"id":27,"date":"2020-05-07T14:51:05","date_gmt":"2020-05-07T14:51:05","guid":{"rendered":"http:\/\/www.laxmiusedmachine.com\/?page_id=27"},"modified":"2023-08-11T11:58:21","modified_gmt":"2023-08-11T11:58:21","slug":"cnc-gear-hobbing-wmw-zfwz-1250-siemens-840","status":"publish","type":"product","link":"https:\/\/www.laxmiusedmachine.com\/fr\/prodotto\/cnc-gear-hobbing-wmw-zfwz-1250-siemens-840\/","title":{"rendered":"Fraise-m\u00e8re CNC, MODULE WMW \u2013 ZFWZ 1250 (SIEMENS 840)"},"content":{"rendered":"<div id=\"fws_69e7356a6021c\"  data-column-margin=\"default\" data-midnight=\"dark\"  class=\"wpb_row vc_row-fluid vc_row\"  style=\"padding-top: 0px; padding-bottom: 0px; \"><div class=\"row-bg-wrap\" data-bg-animation=\"none\" data-bg-animation-delay=\"\" data-bg-overlay=\"false\"><div class=\"inner-wrap row-bg-layer\" ><div class=\"row-bg viewport-desktop using-bg-color\"  style=\"background-color: #ffffff; \"><\/div><\/div><\/div><div class=\"row_col_wrap_12 col span_12 dark left\">\n\t<div  class=\"vc_col-sm-4 vc_hidden-sm vc_hidden-xs wpb_column column_container vc_column_container col no-extra-padding inherit_tablet inherit_phone\"  data-padding-pos=\"all\" data-has-bg-color=\"false\" data-bg-color=\"\" data-bg-opacity=\"1\" data-animation=\"\" data-delay=\"0\" >\n\t\t<div class=\"vc_column-inner\" >\n\t\t\t<div class=\"wpb_wrapper\">\n\t\t\t\t\n\t\t\t<\/div> \n\t\t<\/div>\n\t<\/div> \n\n\t<div  class=\"vc_col-sm-4 wpb_column column_container vc_column_container col no-extra-padding inherit_tablet inherit_phone\"  data-padding-pos=\"all\" data-has-bg-color=\"false\" data-bg-color=\"\" data-bg-opacity=\"1\" data-animation=\"\" data-delay=\"0\" >\n\t\t<div class=\"vc_column-inner\" >\n\t\t\t<div class=\"wpb_wrapper\">\n\t\t\t\t<div class=\"nectar-fancy-ul\" data-list-icon=\"linecon-icon-settings\" data-animation=\"false\" data-animation-delay=\"0\" data-color=\"accent-color\" data-spacing=\"default\" data-alignment=\"left\"> \n<p style=\"text-align: center; padding-left: 40px;\"><span style=\"color: #008000;\"><strong>MACHINE \u00c0 TAILLER LES ENGRENAGES CNC<\/strong><\/span><\/p>\n<ul>\n<li style=\"text-align: center;\"><span style=\"color: #008000;\"><strong>Marque : WMW<\/strong><\/span><\/li>\n<li style=\"text-align: center;\"><span style=\"color: #008000;\"><strong>Mod\u00e8le : ZFWZ 1250<\/strong><\/span><\/li>\n<li style=\"text-align: center;\"><span style=\"color: #008000;\"><strong>Commande : SIEMENS 840<\/strong><\/span><\/li>\n<li style=\"text-align: center;\">Diam\u00e8tre maximal de la roue : 1250 mm<\/li>\n<li style=\"text-align: center;\">Module maximum\u00a0:\u00a016<\/li>\n<li style=\"text-align: center;\">Longueur maximale de la pi\u00e8ce : 1700 mm<\/li>\n<li style=\"text-align: center;\">Poids approximatif de la machine: 20 TON<\/li>\n<\/ul>\n <\/div>\n\t\t\t<\/div> \n\t\t<\/div>\n\t<\/div> \n\n\t<div  class=\"vc_col-sm-4 vc_hidden-sm vc_hidden-xs wpb_column column_container vc_column_container col no-extra-padding inherit_tablet inherit_phone\"  data-padding-pos=\"all\" data-has-bg-color=\"false\" data-bg-color=\"\" data-bg-opacity=\"1\" data-animation=\"\" data-delay=\"0\" >\n\t\t<div class=\"vc_column-inner\" >\n\t\t\t<div class=\"wpb_wrapper\">\n\t\t\t\t\n\t\t\t<\/div> \n\t\t<\/div>\n\t<\/div> \n<\/div><\/div>","protected":false},"excerpt":{"rendered":"<p>Voici notre <strong>MACHINE \u00c0 TAILLER \u00c0 ENGRENAGE CNC. R\u00c9NOV\u00c9.<\/strong><\/p>\n<p>Il est en excellent \u00e9tat de fonctionnement, pour tout renseignement nous sommes \u00e0 votre disposition.<\/p>","protected":false},"featured_media":107,"comment_status":"closed","ping_status":"closed","template":"","meta":[],"product_brand":[],"product_cat":[19],"product_tag":[175,178,222],"class_list":{"0":"post-27","1":"product","2":"type-product","3":"status-publish","4":"has-post-thumbnail","6":"product_cat-cnc-gear-hobbing-machines","7":"product_tag-cnc-gear-hobbing","8":"product_tag-dentatrice-cnc","9":"product_tag-wmw","10":"pa_luogo-italia","12":"first","13":"instock","14":"shipping-taxable","15":"product-type-simple"},"_links":{"self":[{"href":"https:\/\/www.laxmiusedmachine.com\/fr\/wp-json\/wp\/v2\/product\/27","targetHints":{"allow":["GET"]}}],"collection":[{"href":"https:\/\/www.laxmiusedmachine.com\/fr\/wp-json\/wp\/v2\/product"}],"about":[{"href":"https:\/\/www.laxmiusedmachine.com\/fr\/wp-json\/wp\/v2\/types\/product"}],"replies":[{"embeddable":true,"href":"https:\/\/www.laxmiusedmachine.com\/fr\/wp-json\/wp\/v2\/comments?post=27"}],"wp:featuredmedia":[{"embeddable":true,"href":"https:\/\/www.laxmiusedmachine.com\/fr\/wp-json\/wp\/v2\/media\/107"}],"wp:attachment":[{"href":"https:\/\/www.laxmiusedmachine.com\/fr\/wp-json\/wp\/v2\/media?parent=27"}],"wp:term":[{"taxonomy":"product_brand","embeddable":true,"href":"https:\/\/www.laxmiusedmachine.com\/fr\/wp-json\/wp\/v2\/product_brand?post=27"},{"taxonomy":"product_cat","embeddable":true,"href":"https:\/\/www.laxmiusedmachine.com\/fr\/wp-json\/wp\/v2\/product_cat?post=27"},{"taxonomy":"product_tag","embeddable":true,"href":"https:\/\/www.laxmiusedmachine.com\/fr\/wp-json\/wp\/v2\/product_tag?post=27"}],"curies":[{"name":"wp","href":"https:\/\/api.w.org\/{rel}","templated":true}]}}