{"id":2473,"date":"2021-09-03T16:39:46","date_gmt":"2021-09-03T16:39:46","guid":{"rendered":"https:\/\/www.laxmiusedmachine.com\/?post_type=product&#038;p=2473"},"modified":"2023-07-11T15:05:46","modified_gmt":"2023-07-11T15:05:46","slug":"vmc-quaser-mk60iil-with-fanuc-18m","status":"publish","type":"product","link":"https:\/\/www.laxmiusedmachine.com\/fr\/prodotto\/vmc-quaser-mk60iil-with-fanuc-18m\/","title":{"rendered":"CENTRE D'USINAGE VERTICAL, QUASER \u2013 MK60IIL avec FANUC 18M"},"content":{"rendered":"<div id=\"fws_69deda51c815e\"  data-column-margin=\"default\" data-midnight=\"dark\"  class=\"wpb_row vc_row-fluid vc_row\"  style=\"padding-top: 0px; padding-bottom: 0px; \"><div class=\"row-bg-wrap\" data-bg-animation=\"none\" data-bg-animation-delay=\"\" data-bg-overlay=\"false\"><div class=\"inner-wrap row-bg-layer\" ><div class=\"row-bg viewport-desktop\"  style=\"\"><\/div><\/div><\/div><div class=\"row_col_wrap_12 col span_12 dark left\">\n\t<div  class=\"vc_col-sm-4 wpb_column column_container vc_column_container col no-extra-padding inherit_tablet inherit_phone\"  data-padding-pos=\"all\" data-has-bg-color=\"false\" data-bg-color=\"\" data-bg-opacity=\"1\" data-animation=\"\" data-delay=\"0\" >\n\t\t<div class=\"vc_column-inner\" >\n\t\t\t<div class=\"wpb_wrapper\">\n\t\t\t\t\n\t\t\t<\/div> \n\t\t<\/div>\n\t<\/div> \n\n\t<div  class=\"vc_col-sm-4 wpb_column column_container vc_column_container col no-extra-padding inherit_tablet inherit_phone\"  data-padding-pos=\"all\" data-has-bg-color=\"false\" data-bg-color=\"\" data-bg-opacity=\"1\" data-animation=\"\" data-delay=\"0\" >\n\t\t<div class=\"vc_column-inner\" >\n\t\t\t<div class=\"wpb_wrapper\">\n\t\t\t\t<div class=\"nectar-fancy-ul\" data-list-icon=\"linecon-icon-settings\" data-animation=\"false\" data-animation-delay=\"0\" data-color=\"accent-color\" data-spacing=\"default\" data-alignment=\"left\"> \n<p style=\"text-align: center;\"><em><strong>CENTRE D&#039;USINAGE VERTICAL<\/strong><\/em><\/p>\n<p style=\"text-align: center;\"><em><strong>Marque : QUASER<\/strong><\/em><\/p>\n<p style=\"text-align: center;\"><em><strong>Mod\u00e8le : MK60 II L<\/strong><\/em><\/p>\n<p style=\"text-align: center;\"><em><strong>Unit\u00e9 CNC : FANUC 18M.<\/strong><\/em><\/p>\n<p style=\"text-align: center;\"><em><strong>ANN\u00c9E : 2000.<\/strong><\/em><\/p>\n<ul>\n<li style=\"text-align: center;\">Dimensions de la table : 1400 x 650 mm.<\/li>\n<li style=\"text-align: center;\">Axe X : 1020 mm.<\/li>\n<li style=\"text-align: center;\">Axe Y : 600 mm.<\/li>\n<li style=\"text-align: center;\">Axe Z : 610 mm.<\/li>\n<li style=\"text-align: center;\">C\u00f4ne de broche : ISO 40.<\/li>\n<li style=\"text-align: center;\">Magasin d&#039;outils : 40 pos. AL\u00c9ATOIRE.<\/li>\n<\/ul>\n<p style=\"text-align: center;\">LA MACHINE EST COMPL\u00c8TE DANS TOUTES SES PI\u00c8CES, STD. ACCESSOIRES, MANUELS ET UNIT\u00c9 CNC SAUVEGARDE COMPL\u00c8TE.<\/p>\n<p>\u00a0 <\/div>\n\t\t\t<\/div> \n\t\t<\/div>\n\t<\/div> \n\n\t<div  class=\"vc_col-sm-4 wpb_column column_container vc_column_container col no-extra-padding inherit_tablet inherit_phone\"  data-padding-pos=\"all\" data-has-bg-color=\"false\" data-bg-color=\"\" data-bg-opacity=\"1\" data-animation=\"\" data-delay=\"0\" >\n\t\t<div class=\"vc_column-inner\" >\n\t\t\t<div class=\"wpb_wrapper\">\n\t\t\t\t\n\t\t\t<\/div> \n\t\t<\/div>\n\t<\/div> \n<\/div><\/div>","protected":false},"excerpt":{"rendered":"<p class=\"translation-block\">Voici notre <b>CENTRE D'USINAGE VERTICAL,<\/b><\/p>\n<p>Il est en excellent \u00e9tat de fonctionnement, pour tout renseignement nous sommes \u00e0 votre disposition.<\/p>","protected":false},"featured_media":2474,"comment_status":"closed","ping_status":"closed","template":"","meta":[],"product_brand":[],"product_cat":[42],"product_tag":[161,561,158],"class_list":{"0":"post-2473","1":"product","2":"type-product","3":"status-publish","4":"has-post-thumbnail","6":"product_cat-vertical-horizontal-machining-centers","7":"product_tag-centro-di-lavoro","8":"product_tag-quaser","9":"product_tag-vmc","10":"pa_luogo-italia","12":"first","13":"instock","14":"shipping-taxable","15":"product-type-simple"},"_links":{"self":[{"href":"https:\/\/www.laxmiusedmachine.com\/fr\/wp-json\/wp\/v2\/product\/2473","targetHints":{"allow":["GET"]}}],"collection":[{"href":"https:\/\/www.laxmiusedmachine.com\/fr\/wp-json\/wp\/v2\/product"}],"about":[{"href":"https:\/\/www.laxmiusedmachine.com\/fr\/wp-json\/wp\/v2\/types\/product"}],"replies":[{"embeddable":true,"href":"https:\/\/www.laxmiusedmachine.com\/fr\/wp-json\/wp\/v2\/comments?post=2473"}],"wp:featuredmedia":[{"embeddable":true,"href":"https:\/\/www.laxmiusedmachine.com\/fr\/wp-json\/wp\/v2\/media\/2474"}],"wp:attachment":[{"href":"https:\/\/www.laxmiusedmachine.com\/fr\/wp-json\/wp\/v2\/media?parent=2473"}],"wp:term":[{"taxonomy":"product_brand","embeddable":true,"href":"https:\/\/www.laxmiusedmachine.com\/fr\/wp-json\/wp\/v2\/product_brand?post=2473"},{"taxonomy":"product_cat","embeddable":true,"href":"https:\/\/www.laxmiusedmachine.com\/fr\/wp-json\/wp\/v2\/product_cat?post=2473"},{"taxonomy":"product_tag","embeddable":true,"href":"https:\/\/www.laxmiusedmachine.com\/fr\/wp-json\/wp\/v2\/product_tag?post=2473"}],"curies":[{"name":"wp","href":"https:\/\/api.w.org\/{rel}","templated":true}]}}