{"id":222,"date":"2020-05-28T14:32:37","date_gmt":"2020-05-28T14:32:37","guid":{"rendered":"http:\/\/www.laxmiusedmachine.com\/?post_type=product&#038;p=222"},"modified":"2023-07-11T15:08:08","modified_gmt":"2023-07-11T15:08:08","slug":"hob-sharpener-klingelnberg-agw-231-with-plc","status":"publish","type":"product","link":"https:\/\/www.laxmiusedmachine.com\/fr\/prodotto\/hob-sharpener-klingelnberg-agw-231-with-plc\/","title":{"rendered":"AFFUTEUSE DE FRAISE M\u00c8RE, KLINGELNBERG \u2013 AGW 231 \u2013 Avec PLC."},"content":{"rendered":"<div id=\"fws_6a08fe44ae821\"  data-column-margin=\"default\" data-midnight=\"dark\"  class=\"wpb_row vc_row-fluid vc_row\"  style=\"padding-top: 0px; padding-bottom: 0px; \"><div class=\"row-bg-wrap\" data-bg-animation=\"none\" data-bg-animation-delay=\"\" data-bg-overlay=\"false\"><div class=\"inner-wrap row-bg-layer\" ><div class=\"row-bg viewport-desktop using-bg-color\"  style=\"background-color: #ffffff; \"><\/div><\/div><\/div><div class=\"row_col_wrap_12 col span_12 dark left\">\n\t<div  class=\"vc_col-sm-4 vc_hidden-sm vc_hidden-xs wpb_column column_container vc_column_container col no-extra-padding inherit_tablet inherit_phone\"  data-padding-pos=\"all\" data-has-bg-color=\"false\" data-bg-color=\"\" data-bg-opacity=\"1\" data-animation=\"\" data-delay=\"0\" >\n\t\t<div class=\"vc_column-inner\" >\n\t\t\t<div class=\"wpb_wrapper\">\n\t\t\t\t\n\t\t\t<\/div> \n\t\t<\/div>\n\t<\/div> \n\n\t<div  class=\"vc_col-sm-4 wpb_column column_container vc_column_container col no-extra-padding inherit_tablet inherit_phone\"  data-padding-pos=\"all\" data-has-bg-color=\"false\" data-bg-color=\"\" data-bg-opacity=\"1\" data-animation=\"\" data-delay=\"0\" >\n\t\t<div class=\"vc_column-inner\" >\n\t\t\t<div class=\"wpb_wrapper\">\n\t\t\t\t<div class=\"nectar-fancy-ul\" data-list-icon=\"linecon-icon-settings\" data-animation=\"false\" data-animation-delay=\"0\" data-color=\"accent-color\" data-spacing=\"default\" data-alignment=\"left\"> \n<p style=\"text-align: center;\"><span style=\"color: #008000;\"><strong>AFFTEUR DE PLANS DE CUISSON avec PLC<\/strong><\/span><\/p>\n<ul>\n<li style=\"text-align: center;\"><span style=\"color: #008000;\"><strong>Marque : KLINGELNBERG<\/strong><\/span><\/li>\n<li style=\"text-align: center;\"><span style=\"color: #008000;\"><strong>Mod\u00e8le : AGW 231<\/strong><\/span><\/li>\n<li style=\"text-align: center;\">Diam\u00e8tre de meulage : 250 mm<\/li>\n<li style=\"text-align: center;\">Diam\u00e8tre de meulage des goujures h\u00e9lico\u00efdales : 230 mm<\/li>\n<li style=\"text-align: center;\">Longueur de meulage : 350 mm<\/li>\n<li style=\"text-align: center;\">Module maximum : 22<\/li>\n<li style=\"text-align: center;\">Module minimum\u00a0:\u00a01,5<\/li>\n<li style=\"text-align: center;\">Diam\u00e8tre maximum de pi\u00e8ce de travail: 250 mm<\/li>\n<li style=\"text-align: center;\">Course de la glissi\u00e8re de meulage : 475 mm<\/li>\n<li style=\"text-align: center;\">Diam\u00e8tre max de la meule : 250 mm<\/li>\n<li style=\"text-align: center;\">Vitesse de la meule : 1500-2700 tr\/min<\/li>\n<li style=\"text-align: center;\">Angle d&#039;avance maximal\u00a0:\u00a045\u00a0degr\u00e9s<\/li>\n<li style=\"text-align: center;\">Distance entre les centres : 260-660 mm<\/li>\n<li style=\"text-align: center;\">Puissance totale requise : 10 Kw<\/li>\n<li style=\"text-align: center;\">Poids de la machine\u00a0: 4\u00a0300\u00a0kg<\/li>\n<\/ul>\n <\/div>\n\t\t\t<\/div> \n\t\t<\/div>\n\t<\/div> \n\n\t<div  class=\"vc_col-sm-4 vc_hidden-sm vc_hidden-xs wpb_column column_container vc_column_container col no-extra-padding inherit_tablet inherit_phone\"  data-padding-pos=\"all\" data-has-bg-color=\"false\" data-bg-color=\"\" data-bg-opacity=\"1\" data-animation=\"\" data-delay=\"0\" >\n\t\t<div class=\"vc_column-inner\" >\n\t\t\t<div class=\"wpb_wrapper\">\n\t\t\t\t\n\t\t\t<\/div> \n\t\t<\/div>\n\t<\/div> \n<\/div><\/div>","protected":false},"excerpt":{"rendered":"<p>Voici notre MACHINE \u00c0 AFFTER LES PLANS DE CUISSON.<\/p>\n<p>Il est en excellent \u00e9tat de fonctionnement, pour tout renseignement nous sommes \u00e0 votre disposition.<\/p>","protected":false},"featured_media":223,"comment_status":"closed","ping_status":"closed","template":"","meta":[],"product_brand":[],"product_cat":[27],"product_tag":[],"class_list":{"0":"post-222","1":"product","2":"type-product","3":"status-publish","4":"has-post-thumbnail","6":"product_cat-gear-hob-sharpening-machines","7":"pa_luogo-india","9":"first","10":"instock","11":"shipping-taxable","12":"product-type-simple"},"_links":{"self":[{"href":"https:\/\/www.laxmiusedmachine.com\/fr\/wp-json\/wp\/v2\/product\/222","targetHints":{"allow":["GET"]}}],"collection":[{"href":"https:\/\/www.laxmiusedmachine.com\/fr\/wp-json\/wp\/v2\/product"}],"about":[{"href":"https:\/\/www.laxmiusedmachine.com\/fr\/wp-json\/wp\/v2\/types\/product"}],"replies":[{"embeddable":true,"href":"https:\/\/www.laxmiusedmachine.com\/fr\/wp-json\/wp\/v2\/comments?post=222"}],"wp:featuredmedia":[{"embeddable":true,"href":"https:\/\/www.laxmiusedmachine.com\/fr\/wp-json\/wp\/v2\/media\/223"}],"wp:attachment":[{"href":"https:\/\/www.laxmiusedmachine.com\/fr\/wp-json\/wp\/v2\/media?parent=222"}],"wp:term":[{"taxonomy":"product_brand","embeddable":true,"href":"https:\/\/www.laxmiusedmachine.com\/fr\/wp-json\/wp\/v2\/product_brand?post=222"},{"taxonomy":"product_cat","embeddable":true,"href":"https:\/\/www.laxmiusedmachine.com\/fr\/wp-json\/wp\/v2\/product_cat?post=222"},{"taxonomy":"product_tag","embeddable":true,"href":"https:\/\/www.laxmiusedmachine.com\/fr\/wp-json\/wp\/v2\/product_tag?post=222"}],"curies":[{"name":"wp","href":"https:\/\/api.w.org\/{rel}","templated":true}]}}