{"id":1858,"date":"2020-12-22T19:23:37","date_gmt":"2020-12-22T19:23:37","guid":{"rendered":"https:\/\/www.laxmiusedmachine.com\/?post_type=product&#038;p=1858"},"modified":"2023-07-12T08:28:43","modified_gmt":"2023-07-12T08:28:43","slug":"twin-spindle-cnc-lathe-okuma-and-howa-2sp-35hg-with-fanuc-18m","status":"publish","type":"product","link":"https:\/\/www.laxmiusedmachine.com\/fr\/prodotto\/twin-spindle-cnc-lathe-okuma-and-howa-2sp-35hg-with-fanuc-18m\/","title":{"rendered":"TOUR CNC BIBROCHE, OKUMA et HOWA \u2013 2SP \/ 35HG avec FANUC 18T"},"content":{"rendered":"<div id=\"fws_69f9933592985\"  data-column-margin=\"default\" data-midnight=\"dark\"  class=\"wpb_row vc_row-fluid vc_row\"  style=\"padding-top: 0px; padding-bottom: 0px; \"><div class=\"row-bg-wrap\" data-bg-animation=\"none\" data-bg-animation-delay=\"\" data-bg-overlay=\"false\"><div class=\"inner-wrap row-bg-layer\" ><div class=\"row-bg viewport-desktop\"  style=\"\"><\/div><\/div><\/div><div class=\"row_col_wrap_12 col span_12 dark left\">\n\t<div  class=\"vc_col-sm-4 wpb_column column_container vc_column_container col no-extra-padding inherit_tablet inherit_phone\"  data-padding-pos=\"all\" data-has-bg-color=\"false\" data-bg-color=\"\" data-bg-opacity=\"1\" data-animation=\"\" data-delay=\"0\" >\n\t\t<div class=\"vc_column-inner\" >\n\t\t\t<div class=\"wpb_wrapper\">\n\t\t\t\t\n\t\t\t<\/div> \n\t\t<\/div>\n\t<\/div> \n\n\t<div  class=\"vc_col-sm-4 wpb_column column_container vc_column_container col no-extra-padding inherit_tablet inherit_phone\"  data-padding-pos=\"all\" data-has-bg-color=\"false\" data-bg-color=\"\" data-bg-opacity=\"1\" data-animation=\"\" data-delay=\"0\" >\n\t\t<div class=\"vc_column-inner\" >\n\t\t\t<div class=\"wpb_wrapper\">\n\t\t\t\t<div class=\"nectar-fancy-ul\" data-list-icon=\"linecon-icon-settings\" data-animation=\"false\" data-animation-delay=\"0\" data-color=\"accent-color\" data-spacing=\"default\" data-alignment=\"left\"> \n<div class=\"page\" title=\"Page 1\">\n<div class=\"section\">\n<div class=\"layoutArea\">\n<div class=\"column\">\n<p style=\"text-align: center;\">TOUR CNC BI-BROCHE avec <em><strong>NOUVELLES LIGNES DE BROCHE<\/strong><\/em><\/p>\n<p style=\"text-align: center;\"><strong>Marque : OKUMA &amp; HOWA<\/strong><\/p>\n<p style=\"text-align: center;\"><strong>Mod\u00e8le : 2SP \u2013 35 HG <\/strong><\/p>\n<p style=\"text-align: center;\"><strong>Commande : FANUC 18-T<\/strong><\/p>\n<p style=\"text-align: center;\"><em><strong>MACHINE 4 AXES \u2013 CHARGEUR ENTI\u00c8REMENT AUTOMATIQUE avec ROBOT<\/strong><\/em><\/p>\n<ul>\n<li style=\"text-align: center;\">Entraxe entre les broches : 450 mm<\/li>\n<li style=\"text-align: center;\">Max. Diam\u00e8tre de tournage : 380 mm \u2013 CHARGE MANUELLE ou avec ROBOT<\/li>\n<li style=\"text-align: center;\">Max. Diam\u00e8tre de braquage : 160 mm \u2013 avec OGL LOADER<\/li>\n<li style=\"text-align: center;\">Max. Longueur de tournage : 230 mm<\/li>\n<\/ul>\n<p style=\"text-align: center;\">BROCHE DROITE et GAUCHE\u00a0:<\/p>\n<ul>\n<li style=\"text-align: center;\">C\u00f4ne de broche: A 2-8<\/li>\n<li style=\"text-align: center;\">Al\u00e9sage de la broche : 82 mm.<\/li>\n<li style=\"text-align: center;\">Vitesse de broche : 35 \u2013 3500<\/li>\n<li style=\"text-align: center;\">Puissance max disponible : 18,5 KW.<\/li>\n<li style=\"text-align: center;\">Course longitudinale du coulisseau \u2013 Z : 230 mm.<\/li>\n<li style=\"text-align: center;\">Course de glissi\u00e8re transversale \u2013 X : 225 mm.<\/li>\n<li style=\"text-align: center;\">Avance rapide AXES X \u2013 Z : 24\/30 m\/min.<\/li>\n<li style=\"text-align: center;\">Postes d&#039;outils : 12 + 12<\/li>\n<li style=\"text-align: center;\">Poids de la machine : environ 9200 Kg.<\/li>\n<li style=\"text-align: center;\">Surface au sol : 3,8 x 5,5 m.<\/li>\n<\/ul>\n<p style=\"text-align: center;\">ACCESSOIRES:<\/p>\n<ul>\n<li style=\"text-align: center;\">\u00a0N.2 AUTO-CENTRANT DIA. 250 AUTOBLOC<\/li>\n<li style=\"text-align: center;\">\u00a0\u00c9VACUATEUR DE PUCE<\/li>\n<li style=\"text-align: center;\">\u00a0PORTES AUTOMATIQUES<\/li>\n<li style=\"text-align: center;\">\u00a0KIT PORTE-OUTILS<\/li>\n<li style=\"text-align: center;\">\u00a0COUP AUTOCENTRANT<\/li>\n<li style=\"text-align: center;\">\u00a0ORIENTATION DE LA BROCHE<\/li>\n<li style=\"text-align: center;\"><strong>CHARGEUR \u00c0 PORTAIL INT\u00c9GR\u00c9 AVEC BASCULEUR DE PI\u00c8CES<\/strong><\/li>\n<li style=\"text-align: center;\">\u00a0ENTREPT N.1 AVEC 16 STATIONS SUR LE CT\u00c9 DROIT<\/li>\n<\/ul>\n<\/div>\n<\/div>\n<\/div>\n<\/div>\n <\/div>\n\t\t\t<\/div> \n\t\t<\/div>\n\t<\/div> \n\n\t<div  class=\"vc_col-sm-4 wpb_column column_container vc_column_container col no-extra-padding inherit_tablet inherit_phone\"  data-padding-pos=\"all\" data-has-bg-color=\"false\" data-bg-color=\"\" data-bg-opacity=\"1\" data-animation=\"\" data-delay=\"0\" >\n\t\t<div class=\"vc_column-inner\" >\n\t\t\t<div class=\"wpb_wrapper\">\n\t\t\t\t\n\t\t\t<\/div> \n\t\t<\/div>\n\t<\/div> \n<\/div><\/div>","protected":false},"excerpt":{"rendered":"<p>Voici notre <strong>MACHINE DE TOUR CNC \u00c0 DOUBLE BROCHE avec <em>NOUVELLE LIGNE DE BROCHE<\/em>.<\/strong><\/p>\n<p>Il est en excellent \u00e9tat de fonctionnement, pour tout renseignement nous sommes \u00e0 votre disposition.<\/p>","protected":false},"featured_media":2958,"comment_status":"closed","ping_status":"closed","template":"","meta":[],"product_brand":[],"product_cat":[24],"product_tag":[500,153,498,156,499],"class_list":{"0":"post-1858","1":"product","2":"type-product","3":"status-publish","4":"has-post-thumbnail","6":"product_cat-cnc-lathe-machines","7":"product_tag-bi-mandrino","8":"product_tag-cnc-lathe","9":"product_tag-okuma","10":"product_tag-tornio-cnc","11":"product_tag-twin-spindle","12":"pa_luogo-italia","14":"first","15":"instock","16":"shipping-taxable","17":"product-type-simple"},"_links":{"self":[{"href":"https:\/\/www.laxmiusedmachine.com\/fr\/wp-json\/wp\/v2\/product\/1858","targetHints":{"allow":["GET"]}}],"collection":[{"href":"https:\/\/www.laxmiusedmachine.com\/fr\/wp-json\/wp\/v2\/product"}],"about":[{"href":"https:\/\/www.laxmiusedmachine.com\/fr\/wp-json\/wp\/v2\/types\/product"}],"replies":[{"embeddable":true,"href":"https:\/\/www.laxmiusedmachine.com\/fr\/wp-json\/wp\/v2\/comments?post=1858"}],"wp:featuredmedia":[{"embeddable":true,"href":"https:\/\/www.laxmiusedmachine.com\/fr\/wp-json\/wp\/v2\/media\/2958"}],"wp:attachment":[{"href":"https:\/\/www.laxmiusedmachine.com\/fr\/wp-json\/wp\/v2\/media?parent=1858"}],"wp:term":[{"taxonomy":"product_brand","embeddable":true,"href":"https:\/\/www.laxmiusedmachine.com\/fr\/wp-json\/wp\/v2\/product_brand?post=1858"},{"taxonomy":"product_cat","embeddable":true,"href":"https:\/\/www.laxmiusedmachine.com\/fr\/wp-json\/wp\/v2\/product_cat?post=1858"},{"taxonomy":"product_tag","embeddable":true,"href":"https:\/\/www.laxmiusedmachine.com\/fr\/wp-json\/wp\/v2\/product_tag?post=1858"}],"curies":[{"name":"wp","href":"https:\/\/api.w.org\/{rel}","templated":true}]}}