{"id":1539,"date":"2020-08-24T12:37:31","date_gmt":"2020-08-24T12:37:31","guid":{"rendered":"https:\/\/www.laxmiusedmachine.com\/?post_type=product&#038;p=1539"},"modified":"2023-07-11T15:06:04","modified_gmt":"2023-07-11T15:06:04","slug":"automatic-spiral-bevel-hypoid-gear-cutter-grinder-sharpener-gleason-12","status":"publish","type":"product","link":"https:\/\/www.laxmiusedmachine.com\/fr\/prodotto\/automatic-spiral-bevel-hypoid-gear-cutter-grinder-sharpener-gleason-12\/","title":{"rendered":"MACHINE \u00c0 TAILLER LES ENGRENAGES\nCONIQUES \u00c0 SPIRALE + MACHINE A AFFUTER LES COUTEAUX - GLEASON - 12\""},"content":{"rendered":"<div id=\"fws_69ff08d31d7ff\"  data-column-margin=\"default\" data-midnight=\"dark\"  class=\"wpb_row vc_row-fluid vc_row\"  style=\"padding-top: 0px; padding-bottom: 0px; \"><div class=\"row-bg-wrap\" data-bg-animation=\"none\" data-bg-animation-delay=\"\" data-bg-overlay=\"false\"><div class=\"inner-wrap row-bg-layer\" ><div class=\"row-bg viewport-desktop\"  style=\"\"><\/div><\/div><\/div><div class=\"row_col_wrap_12 col span_12 dark left\">\n\t<div  class=\"vc_col-sm-4 wpb_column column_container vc_column_container col no-extra-padding inherit_tablet inherit_phone\"  data-padding-pos=\"all\" data-has-bg-color=\"false\" data-bg-color=\"\" data-bg-opacity=\"1\" data-animation=\"\" data-delay=\"0\" >\n\t\t<div class=\"vc_column-inner\" >\n\t\t\t<div class=\"wpb_wrapper\">\n\t\t\t\t\n\t\t\t<\/div> \n\t\t<\/div>\n\t<\/div> \n\n\t<div  class=\"vc_col-sm-4 wpb_column column_container vc_column_container col no-extra-padding inherit_tablet inherit_phone\"  data-padding-pos=\"all\" data-has-bg-color=\"false\" data-bg-color=\"\" data-bg-opacity=\"1\" data-animation=\"\" data-delay=\"0\" >\n\t\t<div class=\"vc_column-inner\" >\n\t\t\t<div class=\"wpb_wrapper\">\n\t\t\t\t<div class=\"nectar-fancy-ul\" data-list-icon=\"linecon-icon-settings\" data-animation=\"false\" data-animation-delay=\"0\" data-color=\"accent-color\" data-spacing=\"default\" data-alignment=\"left\"> \n<p style=\"text-align: center;\"><span style=\"color: #008000;\"><em><strong>MACHINE \u00c0 TAILLER LES ENGRENAGES\nCONIQUES \u00c0 SPIRALE + MACHINE A AFFUTER LES COUTEAUX\u00a0<\/strong><\/em><\/span><\/p>\n<ul>\n<li style=\"text-align: center;\">Faire: Gleason<\/li>\n<li style=\"text-align: center;\">Mod\u00e8le : 12&quot;<\/li>\n<li style=\"text-align: center;\">Capacit\u00e9 : fraises de 6&quot; \u00e0 12&quot; de diam\u00e8tre (les fraises jusqu&#039;\u00e0 15&quot; de diam\u00e8tre peuvent facilement \u00eatre aff\u00fbt\u00e9es)<\/li>\n<li style=\"text-align: center;\">Vitesse de la meule : 1450 tr\/min<\/li>\n<li style=\"text-align: center;\">Diam\u00e8tre de la meule : 14&quot;<\/li>\n<li style=\"text-align: center;\">\u00c9paisseur de la meule : 3\/4&quot;<\/li>\n<li style=\"text-align: center;\">Trou de meule : 7&quot; de diam\u00e8tre<\/li>\n<li style=\"text-align: center;\">Machine env. poids : 2200kg.<\/li>\n<\/ul>\n<p style=\"text-align: center;\"><strong>LA MACHINE EST COMPL\u00c8TE DE TOUS LES MANUELS etc.<\/strong><\/p>\n <\/div>\n\t\t\t<\/div> \n\t\t<\/div>\n\t<\/div> \n\n\t<div  class=\"vc_col-sm-4 wpb_column column_container vc_column_container col no-extra-padding inherit_tablet inherit_phone\"  data-padding-pos=\"all\" data-has-bg-color=\"false\" data-bg-color=\"\" data-bg-opacity=\"1\" data-animation=\"\" data-delay=\"0\" >\n\t\t<div class=\"vc_column-inner\" >\n\t\t\t<div class=\"wpb_wrapper\">\n\t\t\t\t\n\t\t\t<\/div> \n\t\t<\/div>\n\t<\/div> \n<\/div><\/div>","protected":false},"excerpt":{"rendered":"<p>Voici notre <strong>MACHINE \u00c0 TAILLER LES ENGRENAGES\nCONIQUES \u00c0 SPIRALE + MACHINE A AFFUTER LES COUTEAUX<\/strong><\/p>\n<p>Il est dans d&#039;excellentes conditions de travail, pour tout renseignement nous sommes \u00e0 votre disposition.<\/p>","protected":false},"featured_media":1595,"comment_status":"closed","ping_status":"closed","template":"","meta":[],"product_brand":[],"product_cat":[27,443],"product_tag":[371,449,450,451,206,104,437],"class_list":{"0":"post-1539","1":"product","2":"type-product","3":"status-publish","4":"has-post-thumbnail","6":"product_cat-gear-hob-sharpening-machines","7":"product_cat-sharpening-machines","8":"product_tag-371","9":"product_tag-automatic-spiral-bevel-hypoid-gear-cutter-grinder-sharpener-gleason-12","10":"product_tag-automatic-spiral-bevel-gear","11":"product_tag-gear-cutter","12":"product_tag-gleason","13":"product_tag-grinder","14":"product_tag-hypoid","15":"pa_luogo-india","17":"first","18":"instock","19":"shipping-taxable","20":"product-type-simple"},"_links":{"self":[{"href":"https:\/\/www.laxmiusedmachine.com\/fr\/wp-json\/wp\/v2\/product\/1539","targetHints":{"allow":["GET"]}}],"collection":[{"href":"https:\/\/www.laxmiusedmachine.com\/fr\/wp-json\/wp\/v2\/product"}],"about":[{"href":"https:\/\/www.laxmiusedmachine.com\/fr\/wp-json\/wp\/v2\/types\/product"}],"replies":[{"embeddable":true,"href":"https:\/\/www.laxmiusedmachine.com\/fr\/wp-json\/wp\/v2\/comments?post=1539"}],"wp:featuredmedia":[{"embeddable":true,"href":"https:\/\/www.laxmiusedmachine.com\/fr\/wp-json\/wp\/v2\/media\/1595"}],"wp:attachment":[{"href":"https:\/\/www.laxmiusedmachine.com\/fr\/wp-json\/wp\/v2\/media?parent=1539"}],"wp:term":[{"taxonomy":"product_brand","embeddable":true,"href":"https:\/\/www.laxmiusedmachine.com\/fr\/wp-json\/wp\/v2\/product_brand?post=1539"},{"taxonomy":"product_cat","embeddable":true,"href":"https:\/\/www.laxmiusedmachine.com\/fr\/wp-json\/wp\/v2\/product_cat?post=1539"},{"taxonomy":"product_tag","embeddable":true,"href":"https:\/\/www.laxmiusedmachine.com\/fr\/wp-json\/wp\/v2\/product_tag?post=1539"}],"curies":[{"name":"wp","href":"https:\/\/api.w.org\/{rel}","templated":true}]}}