{"id":1503,"date":"2020-08-22T16:31:50","date_gmt":"2020-08-22T16:31:50","guid":{"rendered":"https:\/\/www.laxmiusedmachine.com\/?post_type=product&#038;p=1503"},"modified":"2023-07-11T15:06:05","modified_gmt":"2023-07-11T15:06:05","slug":"spiral-bevel-gear-generator-gleason-116","status":"publish","type":"product","link":"https:\/\/www.laxmiusedmachine.com\/fr\/prodotto\/spiral-bevel-gear-generator-gleason-116\/","title":{"rendered":"MACHINE \u00c0 TAILLER LES ENGRENAGES\nCONIQUES \u00c0 SPIRALE, GLEASON \u2013 116"},"content":{"rendered":"<div id=\"fws_69e1416b53a7f\"  data-column-margin=\"default\" data-midnight=\"dark\"  class=\"wpb_row vc_row-fluid vc_row\"  style=\"padding-top: 0px; padding-bottom: 0px; \"><div class=\"row-bg-wrap\" data-bg-animation=\"none\" data-bg-animation-delay=\"\" data-bg-overlay=\"false\"><div class=\"inner-wrap row-bg-layer\" ><div class=\"row-bg viewport-desktop\"  style=\"\"><\/div><\/div><\/div><div class=\"row_col_wrap_12 col span_12 dark left\">\n\t<div  class=\"vc_col-sm-4 wpb_column column_container vc_column_container col no-extra-padding inherit_tablet inherit_phone\"  data-padding-pos=\"all\" data-has-bg-color=\"false\" data-bg-color=\"\" data-bg-opacity=\"1\" data-animation=\"\" data-delay=\"0\" >\n\t\t<div class=\"vc_column-inner\" >\n\t\t\t<div class=\"wpb_wrapper\">\n\t\t\t\t\n\t\t\t<\/div> \n\t\t<\/div>\n\t<\/div> \n\n\t<div  class=\"vc_col-sm-4 wpb_column column_container vc_column_container col no-extra-padding inherit_tablet inherit_phone\"  data-padding-pos=\"all\" data-has-bg-color=\"false\" data-bg-color=\"\" data-bg-opacity=\"1\" data-animation=\"\" data-delay=\"0\" >\n\t\t<div class=\"vc_column-inner\" >\n\t\t\t<div class=\"wpb_wrapper\">\n\t\t\t\t<div class=\"nectar-fancy-ul\" data-list-icon=\"linecon-icon-settings\" data-animation=\"false\" data-animation-delay=\"0\" data-color=\"accent-color\" data-spacing=\"default\" data-alignment=\"left\"> \n<p style=\"text-align: center;\"><span style=\"color: #008000;\"><em><strong>MACHINE \u00c0 TAILLER LES ENGRENAGES\nCONIQUES \u00c0 SPIRALE<\/strong><\/em><\/span><\/p>\n<ul>\n<li style=\"text-align: center;\"><span style=\"color: #008000;\">Marque : Gleason<\/span><\/li>\n<li style=\"text-align: center;\"><span style=\"color: #008000;\">Mod\u00e8le : 116<\/span><\/li>\n<li style=\"text-align: center;\">Nombre de dents : 5 \u00e0 150<\/li>\n<li style=\"text-align: center;\">Distance maximale du c\u00f4ne : 228 m<\/li>\n<li style=\"text-align: center;\">Module Max et Min : 10 \u00e0 1<\/li>\n<li style=\"text-align: center;\">Diam\u00e8tre maxgearpitch: 30 degr\u00e9s<\/li>\n<li style=\"text-align: center;\">Angle de spirale : rapport 10 \u00e0 1 457 mm, rapport 2 \u00e0 1 406 mm, rapport 1 \u00e0 1 323 mm<\/li>\n<li style=\"text-align: center;\">Pas diam\u00e9tral 12,7 mod<\/li>\n<li style=\"text-align: center;\">Profondeur totale maximale 25,4 mm<\/li>\n<li style=\"text-align: center;\">Largeur de face max 69,9 mm<\/li>\n<\/ul>\n <\/div>\n\t\t\t<\/div> \n\t\t<\/div>\n\t<\/div> \n\n\t<div  class=\"vc_col-sm-4 wpb_column column_container vc_column_container col no-extra-padding inherit_tablet inherit_phone\"  data-padding-pos=\"all\" data-has-bg-color=\"false\" data-bg-color=\"\" data-bg-opacity=\"1\" data-animation=\"\" data-delay=\"0\" >\n\t\t<div class=\"vc_column-inner\" >\n\t\t\t<div class=\"wpb_wrapper\">\n\t\t\t\t\n\t\t\t<\/div> \n\t\t<\/div>\n\t<\/div> \n<\/div><\/div>","protected":false},"excerpt":{"rendered":"<p class=\"translation-block\">Voici notre deuxi\u00e8me <strong>MACHINE \u00c0 TAILLER LES ENGRENAGES\nCONIQUES \u00c0 SPIRALE<\/strong><\/p>\n<p>Il est en excellent \u00e9tat de fonctionnement, pour tout renseignement nous sommes \u00e0 votre disposition.<\/p>","protected":false},"featured_media":1507,"comment_status":"closed","ping_status":"closed","template":"","meta":[],"product_brand":[],"product_cat":[22],"product_tag":[207,436,206,434],"class_list":{"0":"post-1503","1":"product","2":"type-product","3":"status-publish","4":"has-post-thumbnail","6":"product_cat-spiral-bevel-gear-generator","7":"product_tag-207","8":"product_tag-generatore-di-ingranaggi-conici-a-spirale","9":"product_tag-gleason","10":"product_tag-spiral-bevel-gear-generator","11":"pa_luogo-india","13":"first","14":"instock","15":"shipping-taxable","16":"product-type-simple"},"_links":{"self":[{"href":"https:\/\/www.laxmiusedmachine.com\/fr\/wp-json\/wp\/v2\/product\/1503","targetHints":{"allow":["GET"]}}],"collection":[{"href":"https:\/\/www.laxmiusedmachine.com\/fr\/wp-json\/wp\/v2\/product"}],"about":[{"href":"https:\/\/www.laxmiusedmachine.com\/fr\/wp-json\/wp\/v2\/types\/product"}],"replies":[{"embeddable":true,"href":"https:\/\/www.laxmiusedmachine.com\/fr\/wp-json\/wp\/v2\/comments?post=1503"}],"wp:featuredmedia":[{"embeddable":true,"href":"https:\/\/www.laxmiusedmachine.com\/fr\/wp-json\/wp\/v2\/media\/1507"}],"wp:attachment":[{"href":"https:\/\/www.laxmiusedmachine.com\/fr\/wp-json\/wp\/v2\/media?parent=1503"}],"wp:term":[{"taxonomy":"product_brand","embeddable":true,"href":"https:\/\/www.laxmiusedmachine.com\/fr\/wp-json\/wp\/v2\/product_brand?post=1503"},{"taxonomy":"product_cat","embeddable":true,"href":"https:\/\/www.laxmiusedmachine.com\/fr\/wp-json\/wp\/v2\/product_cat?post=1503"},{"taxonomy":"product_tag","embeddable":true,"href":"https:\/\/www.laxmiusedmachine.com\/fr\/wp-json\/wp\/v2\/product_tag?post=1503"}],"curies":[{"name":"wp","href":"https:\/\/api.w.org\/{rel}","templated":true}]}}