{"id":12849,"date":"2026-04-27T07:55:15","date_gmt":"2026-04-27T07:55:15","guid":{"rendered":"https:\/\/www.laxmiusedmachine.com\/?post_type=product&#038;p=12849"},"modified":"2026-04-27T08:01:59","modified_gmt":"2026-04-27T08:01:59","slug":"cnc-gear-tooth-rounding-and-chamfering-hurth-zk-150-cnc","status":"publish","type":"product","link":"https:\/\/www.laxmiusedmachine.com\/fr\/prodotto\/cnc-gear-tooth-rounding-and-chamfering-hurth-zk-150-cnc\/","title":{"rendered":"Arrondi et chanfreinage des dents d&#039;engrenage CNC, HURTH \u2013 ZK 150 cnc"},"content":{"rendered":"<div id=\"fws_69f088be14007\"  data-column-margin=\"default\" data-midnight=\"dark\"  class=\"wpb_row vc_row-fluid vc_row\"  style=\"padding-top: 0px; padding-bottom: 0px; \"><div class=\"row-bg-wrap\" data-bg-animation=\"none\" data-bg-animation-delay=\"\" data-bg-overlay=\"false\"><div class=\"inner-wrap row-bg-layer\" ><div class=\"row-bg viewport-desktop\"  style=\"\"><\/div><\/div><\/div><div class=\"row_col_wrap_12 col span_12 dark left\">\n\t<div  class=\"vc_col-sm-4 wpb_column column_container vc_column_container col no-extra-padding inherit_tablet inherit_phone\"  data-padding-pos=\"all\" data-has-bg-color=\"false\" data-bg-color=\"\" data-bg-opacity=\"1\" data-animation=\"\" data-delay=\"0\" >\n\t\t<div class=\"vc_column-inner\" >\n\t\t\t<div class=\"wpb_wrapper\">\n\t\t\t\t\n\t\t\t<\/div> \n\t\t<\/div>\n\t<\/div> \n\n\t<div  class=\"vc_col-sm-4 wpb_column column_container vc_column_container col no-extra-padding inherit_tablet inherit_phone\"  data-padding-pos=\"all\" data-has-bg-color=\"false\" data-bg-color=\"\" data-bg-opacity=\"1\" data-animation=\"\" data-delay=\"0\" >\n\t\t<div class=\"vc_column-inner\" >\n\t\t\t<div class=\"wpb_wrapper\">\n\t\t\t\t<div class=\"nectar-fancy-ul\" data-list-icon=\"linecon-icon-settings\" data-animation=\"false\" data-animation-delay=\"0\" data-color=\"accent-color\" data-spacing=\"default\" data-alignment=\"left\"> \n<p style=\"text-align: center;\"><strong>CNC GEAR TOOTH ROUNDING &amp; CHAMFERING<\/strong><\/p>\n<ul>\n<li style=\"text-align: center;\"><i class=\"icon-default-style linecon-icon-settings accent-color\"><\/i><strong>Marque : HURTH<\/strong><\/li>\n<li style=\"text-align: center;\"><i class=\"icon-default-style linecon-icon-settings accent-color\"><\/i><strong>Model : ZK 150 CNC<\/strong><\/li>\n<li style=\"text-align: center;\"><em><strong>YOM : 2000<\/strong><\/em><\/li>\n<li style=\"text-align: center;\"><i class=\"icon-default-style linecon-icon-settings accent-color\"><\/i><strong>Niveau d&#039;automatisation :<\/strong> FULLY Automatic CNC<\/li>\n<li style=\"text-align: center;\"><i class=\"icon-default-style linecon-icon-settings accent-color\"><\/i><strong>Diam\u00e8tre maximal de la roue :<\/strong> 150\/180 mm<i class=\"icon-default-style linecon-icon-settings accent-color\"><\/i><\/li>\n<li style=\"text-align: center;\"><i class=\"icon-default-style linecon-icon-settings accent-color\"><\/i><strong>Module maximum\u00a0:<\/strong> 5<\/li>\n<\/ul>\n<p style=\"text-align: center;\"><strong>Machine is ideal and best one in AUTOMOTIVE line gear production.<\/strong><\/p>\n<p style=\"text-align: center;\"><strong>Autres informations:<\/strong><\/p>\n<p style=\"text-align: center;\">La machine est en excellent \u00e9tat et elle est compl\u00e8te dans toutes ses pi\u00e8ces et accessoires.<\/p>\n <\/div>\n\t\t\t<\/div> \n\t\t<\/div>\n\t<\/div> \n\n\t<div  class=\"vc_col-sm-4 wpb_column column_container vc_column_container col no-extra-padding inherit_tablet inherit_phone\"  data-padding-pos=\"all\" data-has-bg-color=\"false\" data-bg-color=\"\" data-bg-opacity=\"1\" data-animation=\"\" data-delay=\"0\" >\n\t\t<div class=\"vc_column-inner\" >\n\t\t\t<div class=\"wpb_wrapper\">\n\t\t\t\t\n\t\t\t<\/div> \n\t\t<\/div>\n\t<\/div> \n<\/div><\/div>","protected":false},"excerpt":{"rendered":"<p>Here&#8217;s our CNC <strong>GEAR TOOTH ROUNDING and CHAMFERING.<\/strong><\/p>\n<p>Il est en excellent \u00e9tat, pour tout renseignement nous sommes \u00e0 votre disposition.<\/p>","protected":false},"featured_media":12850,"comment_status":"closed","ping_status":"closed","template":"","meta":[],"product_brand":[],"product_cat":[43,17],"product_tag":[504,281,1365],"class_list":{"0":"post-12849","1":"product","2":"type-product","3":"status-publish","4":"has-post-thumbnail","6":"product_cat-gear-tooth-rounding-and-chamfering","7":"product_cat-new-arrivals","8":"product_tag-gear-tooth-rounding-and-chamfering","9":"product_tag-hurth","10":"product_tag-hurth-zk-150","11":"pa_luogo-india","13":"first","14":"instock","15":"shipping-taxable","16":"product-type-simple"},"_links":{"self":[{"href":"https:\/\/www.laxmiusedmachine.com\/fr\/wp-json\/wp\/v2\/product\/12849","targetHints":{"allow":["GET"]}}],"collection":[{"href":"https:\/\/www.laxmiusedmachine.com\/fr\/wp-json\/wp\/v2\/product"}],"about":[{"href":"https:\/\/www.laxmiusedmachine.com\/fr\/wp-json\/wp\/v2\/types\/product"}],"replies":[{"embeddable":true,"href":"https:\/\/www.laxmiusedmachine.com\/fr\/wp-json\/wp\/v2\/comments?post=12849"}],"wp:featuredmedia":[{"embeddable":true,"href":"https:\/\/www.laxmiusedmachine.com\/fr\/wp-json\/wp\/v2\/media\/12850"}],"wp:attachment":[{"href":"https:\/\/www.laxmiusedmachine.com\/fr\/wp-json\/wp\/v2\/media?parent=12849"}],"wp:term":[{"taxonomy":"product_brand","embeddable":true,"href":"https:\/\/www.laxmiusedmachine.com\/fr\/wp-json\/wp\/v2\/product_brand?post=12849"},{"taxonomy":"product_cat","embeddable":true,"href":"https:\/\/www.laxmiusedmachine.com\/fr\/wp-json\/wp\/v2\/product_cat?post=12849"},{"taxonomy":"product_tag","embeddable":true,"href":"https:\/\/www.laxmiusedmachine.com\/fr\/wp-json\/wp\/v2\/product_tag?post=12849"}],"curies":[{"name":"wp","href":"https:\/\/api.w.org\/{rel}","templated":true}]}}