{"id":12749,"date":"2026-01-28T09:59:49","date_gmt":"2026-01-28T09:59:49","guid":{"rendered":"https:\/\/www.laxmiusedmachine.com\/?post_type=product&#038;p=12749"},"modified":"2026-01-28T10:10:02","modified_gmt":"2026-01-28T10:10:02","slug":"horizontal-boring-machine-ceruti-italy-acp-85","status":"publish","type":"product","link":"https:\/\/www.laxmiusedmachine.com\/fr\/prodotto\/horizontal-boring-machine-ceruti-italy-acp-85\/","title":{"rendered":"ALTERNAURE HORIZONTALE, CERUTI (Italie) \u2013 ACP 85"},"content":{"rendered":"<div id=\"fws_69f1f63fa9aff\"  data-column-margin=\"default\" data-midnight=\"dark\"  class=\"wpb_row vc_row-fluid vc_row\"  style=\"padding-top: 0px; padding-bottom: 0px; \"><div class=\"row-bg-wrap\" data-bg-animation=\"none\" data-bg-animation-delay=\"\" data-bg-overlay=\"false\"><div class=\"inner-wrap row-bg-layer\" ><div class=\"row-bg viewport-desktop\"  style=\"\"><\/div><\/div><\/div><div class=\"row_col_wrap_12 col span_12 dark left\">\n\t<div  class=\"vc_col-sm-4 wpb_column column_container vc_column_container col no-extra-padding inherit_tablet inherit_phone\"  data-padding-pos=\"all\" data-has-bg-color=\"false\" data-bg-color=\"\" data-bg-opacity=\"1\" data-animation=\"\" data-delay=\"0\" >\n\t\t<div class=\"vc_column-inner\" >\n\t\t\t<div class=\"wpb_wrapper\">\n\t\t\t\t\n\t\t\t<\/div> \n\t\t<\/div>\n\t<\/div> \n\n\t<div  class=\"vc_col-sm-4 wpb_column column_container vc_column_container col no-extra-padding inherit_tablet inherit_phone\"  data-padding-pos=\"all\" data-has-bg-color=\"false\" data-bg-color=\"\" data-bg-opacity=\"1\" data-animation=\"\" data-delay=\"0\" >\n\t\t<div class=\"vc_column-inner\" >\n\t\t\t<div class=\"wpb_wrapper\">\n\t\t\t\t<div class=\"nectar-fancy-ul\" data-list-icon=\"linecon-icon-settings\" data-animation=\"false\" data-animation-delay=\"0\" data-color=\"accent-color\" data-spacing=\"default\" data-alignment=\"left\"> \n<p style=\"text-align: center;\"><strong>AL\u00c8SEUSE HORIZONTALE<\/strong><\/p>\n<p style=\"text-align: center;\"><strong>Marque : CERUTI (Italie)<\/strong><\/p>\n<p style=\"text-align: center;\"><strong>Mod\u00e8le : ACP 85<\/strong><\/p>\n<ul>\n<li style=\"text-align: center;\"><strong>Diam\u00e8tre de broche\u00a0:<\/strong> 85 mm<\/li>\n<li style=\"text-align: center;\"><strong>Taille du tableau<\/strong> : 1300 x 1000 mm<\/li>\n<li style=\"text-align: center;\"><strong>Axe X (d\u00e9placement longitudinal)\u00a0:<\/strong> 1500 millim\u00e8tres<\/li>\n<li style=\"text-align: center;\"><strong>Axe Y (d\u00e9placement vertical)\u00a0:<\/strong> 1200 millim\u00e8tres<\/li>\n<li style=\"text-align: center;\"><strong>Axe Z (d\u00e9placement transversal)\u00a0:<\/strong> 1500 millim\u00e8tres<\/li>\n<li style=\"text-align: center;\"><strong>Voyage de broche (Quill):<\/strong> 700 mm<\/li>\n<li style=\"text-align: center;\"><strong>Diam\u00e8tre du mandrin de dressage<\/strong> : 500 millim\u00e8tres<\/li>\n<li style=\"text-align: center;\"><strong>C\u00f4ne de broche<\/strong> : MT 5<\/li>\n<li style=\"text-align: center;\"><strong>Vitesses de broche<\/strong> : 15 tr\/min \u00e0 1500 tr\/min<\/li>\n<\/ul>\n<p style=\"text-align: center;\"><strong>LA MACHINE EST \u00c9QUIP\u00c9E D&#039;UN MANDRIN DE FRAISAGE, D&#039;UNE T\u00caTE DE FRAISAGE UNIVERSELLE, D&#039;UN AFFICHAGE DISTRIBUTIQUE \u00c0 4 AXES ET D&#039;UNE CONTRE-POINTE.<\/strong><\/p>\n <\/div>\n\t\t\t<\/div> \n\t\t<\/div>\n\t<\/div> \n\n\t<div  class=\"vc_col-sm-4 wpb_column column_container vc_column_container col no-extra-padding inherit_tablet inherit_phone\"  data-padding-pos=\"all\" data-has-bg-color=\"false\" data-bg-color=\"\" data-bg-opacity=\"1\" data-animation=\"\" data-delay=\"0\" >\n\t\t<div class=\"vc_column-inner\" >\n\t\t\t<div class=\"wpb_wrapper\">\n\t\t\t\t\n\t\t\t<\/div> \n\t\t<\/div>\n\t<\/div> \n<\/div><\/div>","protected":false},"excerpt":{"rendered":"<p>Voici notre<strong>\u00a0AL\u00c8SEUSE HORIZONTALE,<\/strong><\/p>\n<p>Il est en excellent \u00e9tat de fonctionnement, pour tout renseignement nous sommes \u00e0 votre disposition.<\/p>","protected":false},"featured_media":12752,"comment_status":"closed","ping_status":"closed","template":"","meta":[],"product_brand":[],"product_cat":[17,49],"product_tag":[628,1358,717],"class_list":{"0":"post-12749","1":"product","2":"type-product","3":"status-publish","4":"has-post-thumbnail","6":"product_cat-new-arrivals","7":"product_cat-horizontal-boring","8":"product_tag-alesatrice","9":"product_tag-ceruti","10":"product_tag-horizontal-boring-machine","11":"pa_luogo-india","13":"first","14":"instock","15":"shipping-taxable","16":"product-type-simple"},"_links":{"self":[{"href":"https:\/\/www.laxmiusedmachine.com\/fr\/wp-json\/wp\/v2\/product\/12749","targetHints":{"allow":["GET"]}}],"collection":[{"href":"https:\/\/www.laxmiusedmachine.com\/fr\/wp-json\/wp\/v2\/product"}],"about":[{"href":"https:\/\/www.laxmiusedmachine.com\/fr\/wp-json\/wp\/v2\/types\/product"}],"replies":[{"embeddable":true,"href":"https:\/\/www.laxmiusedmachine.com\/fr\/wp-json\/wp\/v2\/comments?post=12749"}],"wp:featuredmedia":[{"embeddable":true,"href":"https:\/\/www.laxmiusedmachine.com\/fr\/wp-json\/wp\/v2\/media\/12752"}],"wp:attachment":[{"href":"https:\/\/www.laxmiusedmachine.com\/fr\/wp-json\/wp\/v2\/media?parent=12749"}],"wp:term":[{"taxonomy":"product_brand","embeddable":true,"href":"https:\/\/www.laxmiusedmachine.com\/fr\/wp-json\/wp\/v2\/product_brand?post=12749"},{"taxonomy":"product_cat","embeddable":true,"href":"https:\/\/www.laxmiusedmachine.com\/fr\/wp-json\/wp\/v2\/product_cat?post=12749"},{"taxonomy":"product_tag","embeddable":true,"href":"https:\/\/www.laxmiusedmachine.com\/fr\/wp-json\/wp\/v2\/product_tag?post=12749"}],"curies":[{"name":"wp","href":"https:\/\/api.w.org\/{rel}","templated":true}]}}