{"id":12704,"date":"2026-01-27T05:16:35","date_gmt":"2026-01-27T05:16:35","guid":{"rendered":"https:\/\/www.laxmiusedmachine.com\/?post_type=product&#038;p=12704"},"modified":"2026-02-20T07:01:55","modified_gmt":"2026-02-20T07:01:55","slug":"6-axis-cnc-gear-shaper-lorenz-ls-256","status":"publish","type":"product","link":"https:\/\/www.laxmiusedmachine.com\/fr\/prodotto\/6-axis-cnc-gear-shaper-lorenz-ls-256\/","title":{"rendered":"Machine \u00e0 tailler les engrenages CNC 6 axes, LORENZ \u2013 LS 256"},"content":{"rendered":"<div id=\"fws_69f089650ef51\"  data-column-margin=\"default\" data-midnight=\"dark\"  class=\"wpb_row vc_row-fluid vc_row\"  style=\"padding-top: 0px; padding-bottom: 0px; \"><div class=\"row-bg-wrap\" data-bg-animation=\"none\" data-bg-animation-delay=\"\" data-bg-overlay=\"false\"><div class=\"inner-wrap row-bg-layer\" ><div class=\"row-bg viewport-desktop\"  style=\"\"><\/div><\/div><\/div><div class=\"row_col_wrap_12 col span_12 dark left\">\n\t<div  class=\"vc_col-sm-4 wpb_column column_container vc_column_container col no-extra-padding inherit_tablet inherit_phone\"  data-padding-pos=\"all\" data-has-bg-color=\"false\" data-bg-color=\"\" data-bg-opacity=\"1\" data-animation=\"\" data-delay=\"0\" >\n\t\t<div class=\"vc_column-inner\" >\n\t\t\t<div class=\"wpb_wrapper\">\n\t\t\t\t\n\t\t\t<\/div> \n\t\t<\/div>\n\t<\/div> \n\n\t<div  class=\"vc_col-sm-4 wpb_column column_container vc_column_container col no-extra-padding inherit_tablet inherit_phone\"  data-padding-pos=\"all\" data-has-bg-color=\"false\" data-bg-color=\"\" data-bg-opacity=\"1\" data-animation=\"\" data-delay=\"0\" >\n\t\t<div class=\"vc_column-inner\" >\n\t\t\t<div class=\"wpb_wrapper\">\n\t\t\t\t<div class=\"nectar-fancy-ul\" data-list-icon=\"linecon-icon-settings\" data-animation=\"false\" data-animation-delay=\"0\" data-color=\"accent-color\" data-spacing=\"default\" data-alignment=\"left\"> \n<p style=\"text-align: center;\"><strong>GRANDE VITESSE <\/strong><\/p>\n<p style=\"text-align: center;\"><strong>Machine \u00e0 tailler les engrenages CNC 6 axes avec t\u00eate inclinable !!<\/strong><\/p>\n<ul>\n<li style=\"text-align: center;\"><strong>Fabricant:<\/strong> Lorenz<\/li>\n<li style=\"text-align: center;\"><strong>Mod\u00e8le:<\/strong> LS 256 avec t\u00eate inclinable<\/li>\n<li style=\"text-align: center;\"><strong>Diam\u00e8tre maximal de l&#039;engrenage :<\/strong> 250 millim\u00e8tres<\/li>\n<li style=\"text-align: center;\"><strong>Diam\u00e8tre maximal de la pi\u00e8ce<\/strong> : 320 mm<\/li>\n<li style=\"text-align: center;\"><strong>Module maximum\u00a0:<\/strong> 6<\/li>\n<li style=\"text-align: center;\"><strong>Accident vasculaire c\u00e9r\u00e9bral: <\/strong>100 mm (plage de course de 80 mm)<\/li>\n<li style=\"text-align: center;\"><strong>CNC<\/strong> Siemens SINUMERIK 840 C<\/li>\n<li style=\"text-align: center;\"><strong>Trou de table<\/strong> : 150 mm<\/li>\n<li style=\"text-align: center;\"><strong>nombre de coups<\/strong> : 100-1200 Hubs\/min<\/li>\n<li style=\"text-align: center;\"><strong>poids<\/strong> de la machine env. : 8,0 t<br \/>\n<strong>Largeur maximale des dents (dents droites)<\/strong>: 60mm<\/li>\n<li style=\"text-align: center;\"><strong>R\u00e9glage de l&#039;angle de l&#039;h\u00e9lice<\/strong>: 45\u00b0 \u00e0 +0,5\u00b0<\/li>\n<li style=\"text-align: center;\"><strong>Angle de l&#039;axe<\/strong>: 0\u00b0 \u00e0 90\u00b0<\/li>\n<li style=\"text-align: center;\"><strong>Distance entre les centres de la pi\u00e8ce\/broche de gabarit\u00a0:<\/strong> \u201380 mm \u00e0 +320 mm<\/li>\n<li style=\"text-align: center;\">Plage de position de course maximale (en fonction de la longueur de course) : 0 mm \u00e0 80 mm<\/li>\n<li style=\"text-align: center;\">Entra\u00eenement par coups de b\u00e9lier. Cadence de coups de b\u00e9lier variable en continu. Standard\u00a0: 100 \u00e0 1200\u00a0coups de b\u00e9lier\/min.<\/li>\n<li style=\"text-align: center;\">Moteur pour entra\u00eenement par course : 9 kW<\/li>\n<li style=\"text-align: center;\">Vitesse de coupe maximale : 150 m\/min<\/li>\n<li style=\"text-align: center;\">Axes de rotation d&#039;avance (outil C1, pi\u00e8ce C2)\u00a0: Avance continue par paliers de 100\u00a0mm<\/li>\n<li style=\"text-align: center;\">Diam\u00e8tre du cercle primitif : 1,0 \u00e0 9420 mm\/min<\/li>\n<li style=\"text-align: center;\">Axe radial (axe X1 du coulisseau de colonne)\u00a0: avance variable en continu\u00a0: de 1,0 \u00e0 9\u00a0420\u00a0mm\/min, le d\u00e9placement rapide correspond aux vitesses d\u2019avance maximales.<\/li>\n<li style=\"text-align: center;\">Puissance absorb\u00e9e \/ poids total : 26 kVA<\/li>\n<li style=\"text-align: center;\"><strong>Poids total<\/strong> : env. 9 000 kg<\/li>\n<\/ul>\n<p style=\"text-align: center;\"><strong>Autres informations:<br \/>\n<\/strong>La machine est en excellent \u00e9tat et est compl\u00e8te en toutes ses pi\u00e8ces et accessoires.<\/p>\n <\/div>\n\t\t\t<\/div> \n\t\t<\/div>\n\t<\/div> \n\n\t<div  class=\"vc_col-sm-4 wpb_column column_container vc_column_container col no-extra-padding inherit_tablet inherit_phone\"  data-padding-pos=\"all\" data-has-bg-color=\"false\" data-bg-color=\"\" data-bg-opacity=\"1\" data-animation=\"\" data-delay=\"0\" >\n\t\t<div class=\"vc_column-inner\" >\n\t\t\t<div class=\"wpb_wrapper\">\n\t\t\t\t\n\t\t\t<\/div> \n\t\t<\/div>\n\t<\/div> \n<\/div><\/div>","protected":false},"excerpt":{"rendered":"<p>Voici notre<strong> Machine \u00e0 tailler les engrenages CNC 6 axes.<\/strong><\/p>\n<p>Il est en excellent \u00e9tat, pour toute information compl\u00e9mentaire, nous sommes \u00e0 votre disposition !<\/p>","protected":false},"featured_media":12725,"comment_status":"closed","ping_status":"closed","template":"","meta":[],"product_brand":[],"product_cat":[445,17],"product_tag":[169,167,482,250,1357],"class_list":{"0":"post-12704","1":"product","2":"type-product","3":"status-publish","4":"has-post-thumbnail","6":"product_cat-cnc-gear-shaping-machines","7":"product_cat-new-arrivals","8":"product_tag-dentatrice-a-coltello","9":"product_tag-gear-shaper","10":"product_tag-high-speed-gear-shaper","11":"product_tag-lorenz","12":"product_tag-lorenz-ls-256","13":"pa_luogo-india","15":"first","16":"instock","17":"shipping-taxable","18":"product-type-simple"},"_links":{"self":[{"href":"https:\/\/www.laxmiusedmachine.com\/fr\/wp-json\/wp\/v2\/product\/12704","targetHints":{"allow":["GET"]}}],"collection":[{"href":"https:\/\/www.laxmiusedmachine.com\/fr\/wp-json\/wp\/v2\/product"}],"about":[{"href":"https:\/\/www.laxmiusedmachine.com\/fr\/wp-json\/wp\/v2\/types\/product"}],"replies":[{"embeddable":true,"href":"https:\/\/www.laxmiusedmachine.com\/fr\/wp-json\/wp\/v2\/comments?post=12704"}],"wp:featuredmedia":[{"embeddable":true,"href":"https:\/\/www.laxmiusedmachine.com\/fr\/wp-json\/wp\/v2\/media\/12725"}],"wp:attachment":[{"href":"https:\/\/www.laxmiusedmachine.com\/fr\/wp-json\/wp\/v2\/media?parent=12704"}],"wp:term":[{"taxonomy":"product_brand","embeddable":true,"href":"https:\/\/www.laxmiusedmachine.com\/fr\/wp-json\/wp\/v2\/product_brand?post=12704"},{"taxonomy":"product_cat","embeddable":true,"href":"https:\/\/www.laxmiusedmachine.com\/fr\/wp-json\/wp\/v2\/product_cat?post=12704"},{"taxonomy":"product_tag","embeddable":true,"href":"https:\/\/www.laxmiusedmachine.com\/fr\/wp-json\/wp\/v2\/product_tag?post=12704"}],"curies":[{"name":"wp","href":"https:\/\/api.w.org\/{rel}","templated":true}]}}