{"id":12631,"date":"2025-12-11T14:21:53","date_gmt":"2025-12-11T14:21:53","guid":{"rendered":"https:\/\/www.laxmiusedmachine.com\/?post_type=product&#038;p=12631"},"modified":"2026-01-28T09:47:36","modified_gmt":"2026-01-28T09:47:36","slug":"cnc-multitasking-turning-and-milling-center-mazak-integrex-400iv-2","status":"publish","type":"product","link":"https:\/\/www.laxmiusedmachine.com\/fr\/prodotto\/cnc-multitasking-turning-and-milling-center-mazak-integrex-400iv-2\/","title":{"rendered":"CENTRE D&#039;USINAGE ET DE TOURNAGE MULTIT\u00c2CHES CNC, MAZAK \u2013 INTEGREX 400IV 2"},"content":{"rendered":"<div id=\"fws_69f089958e53d\"  data-column-margin=\"default\" data-midnight=\"dark\"  class=\"wpb_row vc_row-fluid vc_row\"  style=\"padding-top: 0px; padding-bottom: 0px; \"><div class=\"row-bg-wrap\" data-bg-animation=\"none\" data-bg-animation-delay=\"\" data-bg-overlay=\"false\"><div class=\"inner-wrap row-bg-layer\" ><div class=\"row-bg viewport-desktop\"  style=\"\"><\/div><\/div><\/div><div class=\"row_col_wrap_12 col span_12 dark left\">\n\t<div  class=\"vc_col-sm-4 wpb_column column_container vc_column_container col no-extra-padding inherit_tablet inherit_phone\"  data-padding-pos=\"all\" data-has-bg-color=\"false\" data-bg-color=\"\" data-bg-opacity=\"1\" data-animation=\"\" data-delay=\"0\" >\n\t\t<div class=\"vc_column-inner\" >\n\t\t\t<div class=\"wpb_wrapper\">\n\t\t\t\t\n\t\t\t<\/div> \n\t\t<\/div>\n\t<\/div> \n\n\t<div  class=\"vc_col-sm-4 wpb_column column_container vc_column_container col no-extra-padding inherit_tablet inherit_phone\"  data-padding-pos=\"all\" data-has-bg-color=\"false\" data-bg-color=\"\" data-bg-opacity=\"1\" data-animation=\"\" data-delay=\"0\" >\n\t\t<div class=\"vc_column-inner\" >\n\t\t\t<div class=\"wpb_wrapper\">\n\t\t\t\t<div class=\"nectar-fancy-ul\" data-list-icon=\"linecon-icon-settings\" data-animation=\"false\" data-animation-delay=\"0\" data-color=\"accent-color\" data-spacing=\"default\" data-alignment=\"left\"> \n<p style=\"text-align: center;\"><strong>CNC MULTIT\u00c2CHES <\/strong><\/p>\n<p style=\"text-align: center;\"><strong>CENTRE DE TOURNAGE ET DE FRAISAGE<\/strong><\/p>\n<ul>\n<li style=\"text-align: center;\"><strong>Marque : MAZAK<\/strong><\/li>\n<li style=\"text-align: center;\"><strong>Mod\u00e8le : INTEGREX 400IV<\/strong><\/li>\n<li style=\"text-align: center;\"><strong>Ann\u00e9e de fabrication : 2011-05<\/strong><\/li>\n<li style=\"text-align: center;\">Amplitude maximale : 762 mm<\/li>\n<li style=\"text-align: center;\">Course maximale sur l&#039;axe Y : 660 \u2013 762 mm<\/li>\n<li style=\"text-align: center;\">Nez fusel\u00e9 : A2-8<\/li>\n<li style=\"text-align: center;\">Al\u00e9sage de broche : 112 mm<\/li>\n<li style=\"text-align: center;\">Vitesse de broche : 3300 tr\/min<\/li>\n<li style=\"text-align: center;\">Type de tourelle : 1 position avec<\/li>\n<li style=\"text-align: center;\">ATC 40 postes<\/li>\n<li style=\"text-align: center;\">Hauteur de la tige de l&#039;outil : 2,54 mm<\/li>\n<li style=\"text-align: center;\">Taille de l&#039;outil : 38 mm<\/li>\n<li style=\"text-align: center;\">Temps de transfert d&#039;outil \u00e0 outil : 1,3 seconde<\/li>\n<li style=\"text-align: center;\">Tige d&#039;outil ATC : KM63<\/li>\n<li style=\"text-align: center;\">Vitesse de rotation de la broche de l&#039;outil rotatif : 12\u00a0000 tr\/min<\/li>\n<li style=\"text-align: center;\">D\u00e9placements de l&#039;axe : 225 degr\u00e9s<\/li>\n<li style=\"text-align: center;\">Axe B : +\/- 115 mm<\/li>\n<li style=\"text-align: center;\">Axe Y : 630 mm<\/li>\n<li style=\"text-align: center;\">Axe X : 1585 mm<\/li>\n<\/ul>\n<p style=\"text-align: center;\"><strong>Dimensions de la machine<\/strong><\/p>\n<ul>\n<li style=\"text-align: center;\">Largeur : 4912 mm<\/li>\n<li style=\"text-align: center;\">Profondeur : 2343 mm<\/li>\n<li style=\"text-align: center;\">Hauteur : 2911 mm<\/li>\n<li style=\"text-align: center;\">Poids de la machine (approximatif) : 17800 kg\n<div class=\"page\" title=\"Page 1\">\n<div class=\"layoutArea\">\n<div class=\"column\"><\/div>\n<\/div>\n<\/div>\n<\/li>\n<\/ul>\n <\/div>\n\t\t\t<\/div> \n\t\t<\/div>\n\t<\/div> \n\n\t<div  class=\"vc_col-sm-4 wpb_column column_container vc_column_container col no-extra-padding inherit_tablet inherit_phone\"  data-padding-pos=\"all\" data-has-bg-color=\"false\" data-bg-color=\"\" data-bg-opacity=\"1\" data-animation=\"\" data-delay=\"0\" >\n\t\t<div class=\"vc_column-inner\" >\n\t\t\t<div class=\"wpb_wrapper\">\n\t\t\t\t\n\t\t\t<\/div> \n\t\t<\/div>\n\t<\/div> \n<\/div><\/div>","protected":false},"excerpt":{"rendered":"<p>Voici notre <b>CENTRE DE TOURNAGE ET DE FRAISAGE MULTIT\u00c2CHES CNC,\u00a0<\/b><\/p>\n<p>Il est en excellent \u00e9tat, pour tout renseignement compl\u00e9mentaire nous sommes \u00e0 votre disposition.<\/p>","protected":false},"featured_media":12635,"comment_status":"closed","ping_status":"closed","template":"","meta":[],"product_brand":[],"product_cat":[24],"product_tag":[1324,1322,1323,1355],"class_list":{"0":"post-12631","1":"product","2":"type-product","3":"status-publish","4":"has-post-thumbnail","6":"product_cat-cnc-lathe-machines","7":"product_tag-centro-di-tornitura","8":"product_tag-cnc-tuning-center","9":"product_tag-mazak-integrex","10":"product_tag-multitasking-turning-center","11":"pa_luogo-italia","13":"first","14":"instock","15":"shipping-taxable","16":"product-type-simple"},"_links":{"self":[{"href":"https:\/\/www.laxmiusedmachine.com\/fr\/wp-json\/wp\/v2\/product\/12631","targetHints":{"allow":["GET"]}}],"collection":[{"href":"https:\/\/www.laxmiusedmachine.com\/fr\/wp-json\/wp\/v2\/product"}],"about":[{"href":"https:\/\/www.laxmiusedmachine.com\/fr\/wp-json\/wp\/v2\/types\/product"}],"replies":[{"embeddable":true,"href":"https:\/\/www.laxmiusedmachine.com\/fr\/wp-json\/wp\/v2\/comments?post=12631"}],"wp:featuredmedia":[{"embeddable":true,"href":"https:\/\/www.laxmiusedmachine.com\/fr\/wp-json\/wp\/v2\/media\/12635"}],"wp:attachment":[{"href":"https:\/\/www.laxmiusedmachine.com\/fr\/wp-json\/wp\/v2\/media?parent=12631"}],"wp:term":[{"taxonomy":"product_brand","embeddable":true,"href":"https:\/\/www.laxmiusedmachine.com\/fr\/wp-json\/wp\/v2\/product_brand?post=12631"},{"taxonomy":"product_cat","embeddable":true,"href":"https:\/\/www.laxmiusedmachine.com\/fr\/wp-json\/wp\/v2\/product_cat?post=12631"},{"taxonomy":"product_tag","embeddable":true,"href":"https:\/\/www.laxmiusedmachine.com\/fr\/wp-json\/wp\/v2\/product_tag?post=12631"}],"curies":[{"name":"wp","href":"https:\/\/api.w.org\/{rel}","templated":true}]}}