{"id":12618,"date":"2025-11-27T14:53:24","date_gmt":"2025-11-27T14:53:24","guid":{"rendered":"https:\/\/www.laxmiusedmachine.com\/?post_type=product&#038;p=12618"},"modified":"2025-12-23T11:28:19","modified_gmt":"2025-12-23T11:28:19","slug":"cnc-gear-grinder-hofler-supra-2504-cnc","status":"publish","type":"product","link":"https:\/\/www.laxmiusedmachine.com\/fr\/prodotto\/cnc-gear-grinder-hofler-supra-2504-cnc\/","title":{"rendered":"Rectifieuse d&#039;engrenages CNC, HOFLER SUPRA \u2013 2504 CNC"},"content":{"rendered":"<div id=\"fws_69e2f6a36bf6c\"  data-column-margin=\"default\" data-midnight=\"dark\"  class=\"wpb_row vc_row-fluid vc_row\"  style=\"padding-top: 0px; padding-bottom: 0px; \"><div class=\"row-bg-wrap\" data-bg-animation=\"none\" data-bg-animation-delay=\"\" data-bg-overlay=\"false\"><div class=\"inner-wrap row-bg-layer\" ><div class=\"row-bg viewport-desktop\"  style=\"\"><\/div><\/div><\/div><div class=\"row_col_wrap_12 col span_12 dark left\">\n\t<div  class=\"vc_col-sm-4 wpb_column column_container vc_column_container col no-extra-padding inherit_tablet inherit_phone\"  data-padding-pos=\"all\" data-has-bg-color=\"false\" data-bg-color=\"\" data-bg-opacity=\"1\" data-animation=\"\" data-delay=\"0\" >\n\t\t<div class=\"vc_column-inner\" >\n\t\t\t<div class=\"wpb_wrapper\">\n\t\t\t\t\n\t\t\t<\/div> \n\t\t<\/div>\n\t<\/div> \n\n\t<div  class=\"vc_col-sm-4 wpb_column column_container vc_column_container col no-extra-padding inherit_tablet inherit_phone\"  data-padding-pos=\"all\" data-has-bg-color=\"false\" data-bg-color=\"\" data-bg-opacity=\"1\" data-animation=\"\" data-delay=\"0\" >\n\t\t<div class=\"vc_column-inner\" >\n\t\t\t<div class=\"wpb_wrapper\">\n\t\t\t\t<div class=\"nectar-fancy-ul\" data-list-icon=\"linecon-icon-settings\" data-animation=\"false\" data-animation-delay=\"0\" data-color=\"accent-color\" data-spacing=\"default\" data-alignment=\"left\"> \n<p style=\"text-align: center;\"><strong>RECTIFIEUSE D'ENGRENAGES CNC<\/strong><\/p>\n<ul>\n<li style=\"text-align: center;\"><strong>Faire :<\/strong> HOFLER<\/li>\n<li style=\"text-align: center;\"><strong>Mod\u00e8le :<\/strong> SUPRA 2504 CNC<\/li>\n<li style=\"text-align: center;\"><strong>ANN\u00c9E DE FABRICATION<\/strong> : 1998<\/li>\n<li style=\"text-align: center;\"><strong>CNC<\/strong> : Hofler<\/li>\n<li style=\"text-align: center;\"><strong>La machine fonctionne encore tr\u00e8s bien et est fournie avec\u00a0:<\/strong><br \/>\n<u><\/u><\/li>\n<li style=\"text-align: center;\"><strong>Sp\u00e9cification:<\/strong><\/li>\n<li style=\"text-align: center;\">Diam\u00e8tre de la roue : Max 2500 mm<\/li>\n<li style=\"text-align: center;\">Module : Max : 34 \u2013 Min : 2<\/li>\n<li style=\"text-align: center;\">Course de meulage : 1000 mm<\/li>\n<li style=\"text-align: center;\">Nombre de dents : librement s\u00e9lectionnable.<\/li>\n<li style=\"text-align: center;\">Angle d&#039;h\u00e9lice maximal : +\/- 35 degr\u00e9s<\/li>\n<li style=\"text-align: center;\">Poids de la pi\u00e8ce : 300 kg<\/li>\n<li style=\"text-align: center;\">Diam\u00e8tre de la meule : 340-400 mm<\/li>\n<li style=\"text-align: center;\">Angle de pression \u2013 meulable : 12,5 \u2013 30 degr\u00e9s.<\/li>\n<li style=\"text-align: center;\">CORRECTION DE PROFIL CNC : 0,5 mm<\/li>\n<li style=\"text-align: center;\">Correction de la ligne de flanc : 0,25 mm<\/li>\n<li style=\"text-align: center;\">Charge maximale admissible sur la table : 10 000 kg<\/li>\n<li style=\"text-align: center;\">Diam\u00e8tre de la table : 1300 mm<\/li>\n<li style=\"text-align: center;\">Al\u00e9sage de la table : 300 mm<\/li>\n<li style=\"text-align: center;\">Profondeur d&#039;al\u00e9sage de la table : 300 mm<\/li>\n<li style=\"text-align: center;\">Poids total de la machine : 38 tonnes<\/li>\n<\/ul>\n<p>&nbsp;<\/p>\n<p style=\"text-align: center;\">Autre info<br \/>\nLA MACHINE EST DANS D&#039;EXCELLENTES CONDITIONS ET COMPL\u00c8TE DANS TOUTES SES PI\u00c8CES ET ACCESSOIRES<\/p>\n <\/div>\n\t\t\t<\/div> \n\t\t<\/div>\n\t<\/div> \n\n\t<div  class=\"vc_col-sm-4 wpb_column column_container vc_column_container col no-extra-padding inherit_tablet inherit_phone\"  data-padding-pos=\"all\" data-has-bg-color=\"false\" data-bg-color=\"\" data-bg-opacity=\"1\" data-animation=\"\" data-delay=\"0\" >\n\t\t<div class=\"vc_column-inner\" >\n\t\t\t<div class=\"wpb_wrapper\">\n\t\t\t\t\n\t\t\t<\/div> \n\t\t<\/div>\n\t<\/div> \n<\/div><\/div>","protected":false},"excerpt":{"rendered":"<p>Voici notre <strong>RECTIFIEUSE D&#039;ENGRENAGES CNC.<\/strong><\/p>\n<p>Il est en excellent \u00e9tat de fonctionnement, pour toute information compl\u00e9mentaire, nous sommes \u00e0 votre disposition !<\/p>","protected":false},"featured_media":12623,"comment_status":"closed","ping_status":"closed","template":"","meta":[],"product_brand":[],"product_cat":[444],"product_tag":[162,827,1354,523],"class_list":{"0":"post-12618","1":"product","2":"type-product","3":"status-publish","4":"has-post-thumbnail","6":"product_cat-cnc-gear-grinding-machines","7":"product_tag-cnc-gear-grinder","8":"product_tag-gear-grinding","9":"product_tag-hofler","10":"product_tag-rettifica-ingranaggi","11":"pa_luogo-italia","13":"first","14":"instock","15":"shipping-taxable","16":"product-type-simple"},"_links":{"self":[{"href":"https:\/\/www.laxmiusedmachine.com\/fr\/wp-json\/wp\/v2\/product\/12618","targetHints":{"allow":["GET"]}}],"collection":[{"href":"https:\/\/www.laxmiusedmachine.com\/fr\/wp-json\/wp\/v2\/product"}],"about":[{"href":"https:\/\/www.laxmiusedmachine.com\/fr\/wp-json\/wp\/v2\/types\/product"}],"replies":[{"embeddable":true,"href":"https:\/\/www.laxmiusedmachine.com\/fr\/wp-json\/wp\/v2\/comments?post=12618"}],"wp:featuredmedia":[{"embeddable":true,"href":"https:\/\/www.laxmiusedmachine.com\/fr\/wp-json\/wp\/v2\/media\/12623"}],"wp:attachment":[{"href":"https:\/\/www.laxmiusedmachine.com\/fr\/wp-json\/wp\/v2\/media?parent=12618"}],"wp:term":[{"taxonomy":"product_brand","embeddable":true,"href":"https:\/\/www.laxmiusedmachine.com\/fr\/wp-json\/wp\/v2\/product_brand?post=12618"},{"taxonomy":"product_cat","embeddable":true,"href":"https:\/\/www.laxmiusedmachine.com\/fr\/wp-json\/wp\/v2\/product_cat?post=12618"},{"taxonomy":"product_tag","embeddable":true,"href":"https:\/\/www.laxmiusedmachine.com\/fr\/wp-json\/wp\/v2\/product_tag?post=12618"}],"curies":[{"name":"wp","href":"https:\/\/api.w.org\/{rel}","templated":true}]}}