{"id":12528,"date":"2025-10-22T08:24:51","date_gmt":"2025-10-22T08:24:51","guid":{"rendered":"https:\/\/www.laxmiusedmachine.com\/?post_type=product&#038;p=12528"},"modified":"2025-12-23T11:21:27","modified_gmt":"2025-12-23T11:21:27","slug":"cnc-gear-tester-carl-mahr-primar-mx4-year-2001","status":"publish","type":"product","link":"https:\/\/www.laxmiusedmachine.com\/fr\/prodotto\/cnc-gear-tester-carl-mahr-primar-mx4-year-2001\/","title":{"rendered":"BANC D&#039;ESSAI D&#039;ENGRENAGES CNC, CARL MAHR \u2013 PRIMAR MX4 ann\u00e9e 2001"},"content":{"rendered":"<div id=\"fws_69f012af19f69\"  data-column-margin=\"default\" data-midnight=\"dark\"  class=\"wpb_row vc_row-fluid vc_row\"  style=\"padding-top: 0px; padding-bottom: 0px; \"><div class=\"row-bg-wrap\" data-bg-animation=\"none\" data-bg-animation-delay=\"\" data-bg-overlay=\"false\"><div class=\"inner-wrap row-bg-layer\" ><div class=\"row-bg viewport-desktop\"  style=\"\"><\/div><\/div><\/div><div class=\"row_col_wrap_12 col span_12 dark left\">\n\t<div  class=\"vc_col-sm-4 wpb_column column_container vc_column_container col no-extra-padding inherit_tablet inherit_phone\"  data-padding-pos=\"all\" data-has-bg-color=\"false\" data-bg-color=\"\" data-bg-opacity=\"1\" data-animation=\"\" data-delay=\"0\" >\n\t\t<div class=\"vc_column-inner\" >\n\t\t\t<div class=\"wpb_wrapper\">\n\t\t\t\t\n\t\t\t<\/div> \n\t\t<\/div>\n\t<\/div> \n\n\t<div  class=\"vc_col-sm-4 wpb_column column_container vc_column_container col no-extra-padding inherit_tablet inherit_phone\"  data-padding-pos=\"all\" data-has-bg-color=\"false\" data-bg-color=\"\" data-bg-opacity=\"1\" data-animation=\"\" data-delay=\"0\" >\n\t\t<div class=\"vc_column-inner\" >\n\t\t\t<div class=\"wpb_wrapper\">\n\t\t\t\t<div class=\"nectar-fancy-ul\" data-list-icon=\"linecon-icon-settings\" data-animation=\"false\" data-animation-delay=\"0\" data-color=\"accent-color\" data-spacing=\"default\" data-alignment=\"left\"> \n<p style=\"text-align: center;\"><strong>TESTEUR D&#039;ENGRENAGES CNC<\/strong><\/p>\n<ul style=\"text-align: center;\">\n<li><strong>Fabricant:<\/strong> CARL MAHR<\/li>\n<li><strong>Mod\u00e8le:<\/strong> PRIMAR MX4<\/li>\n<li><strong>Ann\u00e9e de fabrication<\/strong> : 2001<\/li>\n<li><strong>Diam\u00e8tre max de l&#039;engrenage\u00a0:<\/strong> 600 millim\u00e8tres<\/li>\n<li><strong>Longueur maximale de la pi\u00e8ce :<\/strong> 1200 millim\u00e8tres<\/li>\n<li><strong>Gamme de modules :<\/strong> 1 \u2013 30<\/li>\n<li><em><strong>MISES \u00c0 JOUR LOGICIELLES ET \u00c9TALONNAGE COMPLETS EFFECTU\u00c9S EN 2018\u00a0<\/strong><\/em><\/li>\n<\/ul>\n<p style=\"text-align: center;\"><strong>Autres informations:<\/strong><br \/>\nAvec le Primar, vous g\u00e9rez un large \u00e9ventail de t\u00e2ches de mesure de mani\u00e8re plus \u00e9conomique que jamais. C&#039;est le premier appareil capable de contr\u00f4ler des pi\u00e8ces excentr\u00e9es avec la pr\u00e9cision Formtester. Il propose des programmes familiaux intuitifs pour les engrenages, les outils \u00e0 engrenages, les engrenages coniques, les arbres \u00e0 cames, les pistons et les bielles, ainsi que des programmes de mesure personnalis\u00e9s d\u00e9velopp\u00e9s sp\u00e9cifiquement pour vos pi\u00e8ces.<br \/>\nG\u00e9nie m\u00e9canique et g\u00e9nie \u00e9lectrique : engrenages,<br \/>\nrotors, broches, cages \u00e0 billes, arbres d&#039;engrenages droits, d\u00e9veloppante<br \/>\ndenture, arbres creux \u00e0 denture interne, arbres de pignon,<br \/>\nengrenages plan\u00e9taires, engrenages creux, soupapes de r\u00e9gulation, poussoirs, arbres \u00e0 cames<br \/>\net bielles<br \/>\nFabrication de v\u00e9hicules\u00a0: compl\u00e9t\u00e9e par des pistons, une direction<br \/>\ncomposants, goujons d&#039;essieu et d&#039;arbre, arbres de transmission, engrenages coniques, etc.<\/p>\n <\/div>\n\t\t\t<\/div> \n\t\t<\/div>\n\t<\/div> \n\n\t<div  class=\"vc_col-sm-4 wpb_column column_container vc_column_container col no-extra-padding inherit_tablet inherit_phone\"  data-padding-pos=\"all\" data-has-bg-color=\"false\" data-bg-color=\"\" data-bg-opacity=\"1\" data-animation=\"\" data-delay=\"0\" >\n\t\t<div class=\"vc_column-inner\" >\n\t\t\t<div class=\"wpb_wrapper\">\n\t\t\t\t\n\t\t\t<\/div> \n\t\t<\/div>\n\t<\/div> \n<\/div><\/div>","protected":false},"excerpt":{"rendered":"<div class=\"woocommerce-product-details__short-description\">\n<p>Voici notre <strong>CNC<\/strong> <strong>TESTEUR D&#039;\u00c9QUIPEMENT.<\/strong><\/p>\n<p>Il est en excellent \u00e9tat, pour toute information compl\u00e9mentaire, nous sommes \u00e0 votre disposition !<\/p>\n<\/div>\n<div class=\"yith-ywraq-add-to-quote add-to-quote-10804\">\n<div class=\"yith-ywraq-add-button show\" data-product_id=\"10804\"><\/div>\n<\/div>","protected":false},"featured_media":12533,"comment_status":"closed","ping_status":"closed","template":"","meta":[],"product_brand":[],"product_cat":[28],"product_tag":[1213,1350,1349],"class_list":{"0":"post-12528","1":"product","2":"type-product","3":"status-publish","4":"has-post-thumbnail","6":"product_cat-gear-tester","7":"product_tag-cnc-gear-tester","8":"product_tag-evolventimetro","9":"product_tag-mahr","10":"pa_luogo-italia","12":"first","13":"instock","14":"shipping-taxable","15":"product-type-simple"},"_links":{"self":[{"href":"https:\/\/www.laxmiusedmachine.com\/fr\/wp-json\/wp\/v2\/product\/12528","targetHints":{"allow":["GET"]}}],"collection":[{"href":"https:\/\/www.laxmiusedmachine.com\/fr\/wp-json\/wp\/v2\/product"}],"about":[{"href":"https:\/\/www.laxmiusedmachine.com\/fr\/wp-json\/wp\/v2\/types\/product"}],"replies":[{"embeddable":true,"href":"https:\/\/www.laxmiusedmachine.com\/fr\/wp-json\/wp\/v2\/comments?post=12528"}],"wp:featuredmedia":[{"embeddable":true,"href":"https:\/\/www.laxmiusedmachine.com\/fr\/wp-json\/wp\/v2\/media\/12533"}],"wp:attachment":[{"href":"https:\/\/www.laxmiusedmachine.com\/fr\/wp-json\/wp\/v2\/media?parent=12528"}],"wp:term":[{"taxonomy":"product_brand","embeddable":true,"href":"https:\/\/www.laxmiusedmachine.com\/fr\/wp-json\/wp\/v2\/product_brand?post=12528"},{"taxonomy":"product_cat","embeddable":true,"href":"https:\/\/www.laxmiusedmachine.com\/fr\/wp-json\/wp\/v2\/product_cat?post=12528"},{"taxonomy":"product_tag","embeddable":true,"href":"https:\/\/www.laxmiusedmachine.com\/fr\/wp-json\/wp\/v2\/product_tag?post=12528"}],"curies":[{"name":"wp","href":"https:\/\/api.w.org\/{rel}","templated":true}]}}