{"id":12452,"date":"2025-09-23T05:16:20","date_gmt":"2025-09-23T05:16:20","guid":{"rendered":"https:\/\/www.laxmiusedmachine.com\/?post_type=product&#038;p=12452"},"modified":"2026-01-11T11:21:02","modified_gmt":"2026-01-11T11:21:02","slug":"high-speed-gear-shaper-fellows-10-2","status":"publish","type":"product","link":"https:\/\/www.laxmiusedmachine.com\/fr\/prodotto\/high-speed-gear-shaper-fellows-10-2\/","title":{"rendered":"Aff\u00fbteuse \u00e0 grande vitesse, FELLOWS \u2013 10-2"},"content":{"rendered":"<div id=\"fws_69def35d0e88b\"  data-column-margin=\"default\" data-midnight=\"dark\"  class=\"wpb_row vc_row-fluid vc_row\"  style=\"padding-top: 0px; padding-bottom: 0px; \"><div class=\"row-bg-wrap\" data-bg-animation=\"none\" data-bg-animation-delay=\"\" data-bg-overlay=\"false\"><div class=\"inner-wrap row-bg-layer\" ><div class=\"row-bg viewport-desktop\"  style=\"\"><\/div><\/div><\/div><div class=\"row_col_wrap_12 col span_12 dark left\">\n\t<div  class=\"vc_col-sm-4 wpb_column column_container vc_column_container col no-extra-padding inherit_tablet inherit_phone\"  data-padding-pos=\"all\" data-has-bg-color=\"false\" data-bg-color=\"\" data-bg-opacity=\"1\" data-animation=\"\" data-delay=\"0\" >\n\t\t<div class=\"vc_column-inner\" >\n\t\t\t<div class=\"wpb_wrapper\">\n\t\t\t\t\n\t\t\t<\/div> \n\t\t<\/div>\n\t<\/div> \n\n\t<div  class=\"vc_col-sm-4 wpb_column column_container vc_column_container col no-extra-padding inherit_tablet inherit_phone\"  data-padding-pos=\"all\" data-has-bg-color=\"false\" data-bg-color=\"\" data-bg-opacity=\"1\" data-animation=\"\" data-delay=\"0\" >\n\t\t<div class=\"vc_column-inner\" >\n\t\t\t<div class=\"wpb_wrapper\">\n\t\t\t\t<div class=\"nectar-fancy-ul\" data-list-icon=\"linecon-icon-settings\" data-animation=\"false\" data-animation-delay=\"0\" data-color=\"accent-color\" data-spacing=\"default\" data-alignment=\"left\"> \n<p style=\"text-align: center;\"><span style=\"color: #008000;\"><em><strong>MACHINE \u00c0 FA\u00c7ONNER LES ENGRENAGES \u00c0 GRANDE VITESSE<\/strong><\/em><\/span><\/p>\n<ul>\n<li style=\"text-align: center;\"><span style=\"color: #008000;\">Marque : FELLOWS.<\/span><\/li>\n<li style=\"text-align: center;\"><span style=\"color: #008000;\">Mod\u00e8le : 10-2.<\/span><\/li>\n<li style=\"text-align: center;\">Max. Max. Diam\u00e8tre ext\u00e9rieur et int\u00e9rieur : 254 mm.<\/li>\n<li style=\"text-align: center;\">Course maximale : 51 mm<\/li>\n<li style=\"text-align: center;\">Pas diam\u00e9tral max., \u00e9peron : 4 DP<br \/>\nPas diam\u00e9tral maximal, h\u00e9lico\u00efdal : 5 DP<\/li>\n<li style=\"text-align: center;\">Poids net de la machine, env. 6500 kg.\n<div data-crb-p=\"\">\n<div class=\"xFTqob\">\n<div><\/div>\n<div class=\"vM0jzc\" style=\"text-align: center;\"><span data-huuid=\"17534613247877753023\"><span data-huuid=\"17534613247877753023\"><strong>DP<\/strong> est une mesure de la taille des dents d&#039;engrenage, d\u00e9finie comme le nombre de dents par pouce du diam\u00e8tre primitif de l&#039;engrenage. <\/span><\/span>Une valeur DP plus \u00e9lev\u00e9e, comme 4 DP, entra\u00eene une dent d&#039;engrenage plus grande et un espacement des dents plus important, ou un pas plus grossier.<span class=\"pjBG2e\" data-cid=\"cad12c9a-c8e5-4449-973a-fab7de243dac\"><span class=\"UV3uM\">\u00a0<\/span><\/span><\/div>\n<\/div>\n<\/div>\n<div data-crb-p=\"\">\n<div class=\"xFTqob\">\n<div class=\"vM0jzc\">\n<div class=\"NPrrbc\" data-cid=\"cad12c9a-c8e5-4449-973a-fab7de243dac\" data-uuids=\"17534613247877752585,17534613247877752366\">\n<div class=\"BMebGe btku5b fCrZyc LwdV0e FR7ZSc qVhvac OJeuxf\" tabindex=\"0\" role=\"button\" aria-label=\"Visualizza link correlati\" data-hveid=\"CBkQAQ\" data-ved=\"2ahUKEwjE3Jq9ke6PAxU_iv0HHVfcDkgQ3fYKegQIGRAB\"><\/div>\n<\/div>\n<\/div>\n<\/div>\n<\/div>\n<\/li>\n<\/ul>\n <\/div>\n\t\t\t<\/div> \n\t\t<\/div>\n\t<\/div> \n\n\t<div  class=\"vc_col-sm-4 wpb_column column_container vc_column_container col no-extra-padding inherit_tablet inherit_phone\"  data-padding-pos=\"all\" data-has-bg-color=\"false\" data-bg-color=\"\" data-bg-opacity=\"1\" data-animation=\"\" data-delay=\"0\" >\n\t\t<div class=\"vc_column-inner\" >\n\t\t\t<div class=\"wpb_wrapper\">\n\t\t\t\t\n\t\t\t<\/div> \n\t\t<\/div>\n\t<\/div> \n<\/div><\/div>","protected":false},"excerpt":{"rendered":"<p>Voici notre<strong> MACHINE \u00c0 ENGRENAGES \u00c0 HAUTE VITESSE,<\/strong><\/p>\n<p>Il est en excellent \u00e9tat de fonctionnement, pour tout renseignement nous sommes \u00e0 votre disposition.<\/p>","protected":false},"featured_media":12453,"comment_status":"closed","ping_status":"closed","template":"","meta":[],"product_brand":[],"product_cat":[25],"product_tag":[169,513,167],"class_list":{"0":"post-12452","1":"product","2":"type-product","3":"status-publish","4":"has-post-thumbnail","6":"product_cat-gear-shaping-machines","7":"product_tag-dentatrice-a-coltello","8":"product_tag-fellows","9":"product_tag-gear-shaper","10":"pa_luogo-india","12":"first","13":"instock","14":"shipping-taxable","15":"product-type-simple"},"_links":{"self":[{"href":"https:\/\/www.laxmiusedmachine.com\/fr\/wp-json\/wp\/v2\/product\/12452","targetHints":{"allow":["GET"]}}],"collection":[{"href":"https:\/\/www.laxmiusedmachine.com\/fr\/wp-json\/wp\/v2\/product"}],"about":[{"href":"https:\/\/www.laxmiusedmachine.com\/fr\/wp-json\/wp\/v2\/types\/product"}],"replies":[{"embeddable":true,"href":"https:\/\/www.laxmiusedmachine.com\/fr\/wp-json\/wp\/v2\/comments?post=12452"}],"wp:featuredmedia":[{"embeddable":true,"href":"https:\/\/www.laxmiusedmachine.com\/fr\/wp-json\/wp\/v2\/media\/12453"}],"wp:attachment":[{"href":"https:\/\/www.laxmiusedmachine.com\/fr\/wp-json\/wp\/v2\/media?parent=12452"}],"wp:term":[{"taxonomy":"product_brand","embeddable":true,"href":"https:\/\/www.laxmiusedmachine.com\/fr\/wp-json\/wp\/v2\/product_brand?post=12452"},{"taxonomy":"product_cat","embeddable":true,"href":"https:\/\/www.laxmiusedmachine.com\/fr\/wp-json\/wp\/v2\/product_cat?post=12452"},{"taxonomy":"product_tag","embeddable":true,"href":"https:\/\/www.laxmiusedmachine.com\/fr\/wp-json\/wp\/v2\/product_tag?post=12452"}],"curies":[{"name":"wp","href":"https:\/\/api.w.org\/{rel}","templated":true}]}}