{"id":12378,"date":"2025-08-04T18:25:42","date_gmt":"2025-08-04T18:25:42","guid":{"rendered":"https:\/\/www.laxmiusedmachine.com\/?post_type=product&#038;p=12378"},"modified":"2025-12-23T11:22:24","modified_gmt":"2025-12-23T11:22:24","slug":"8-axis-cnc-gear-and-profile-grinder-samputensili-s400gt","status":"publish","type":"product","link":"https:\/\/www.laxmiusedmachine.com\/fr\/prodotto\/8-axis-cnc-gear-and-profile-grinder-samputensili-s400gt\/","title":{"rendered":"Rectifieuse CNC 8 axes pour engrenages et profils, SAMPUTENSILI \u2013 S400GT"},"content":{"rendered":"<div id=\"fws_69d7af6038086\"  data-column-margin=\"default\" data-midnight=\"dark\"  class=\"wpb_row vc_row-fluid vc_row\"  style=\"padding-top: 0px; padding-bottom: 0px; \"><div class=\"row-bg-wrap\" data-bg-animation=\"none\" data-bg-animation-delay=\"\" data-bg-overlay=\"false\"><div class=\"inner-wrap row-bg-layer\" ><div class=\"row-bg viewport-desktop\"  style=\"\"><\/div><\/div><\/div><div class=\"row_col_wrap_12 col span_12 dark left\">\n\t<div  class=\"vc_col-sm-4 wpb_column column_container vc_column_container col no-extra-padding inherit_tablet inherit_phone\"  data-padding-pos=\"all\" data-has-bg-color=\"false\" data-bg-color=\"\" data-bg-opacity=\"1\" data-animation=\"\" data-delay=\"0\" >\n\t\t<div class=\"vc_column-inner\" >\n\t\t\t<div class=\"wpb_wrapper\">\n\t\t\t\t\n\t\t\t<\/div> \n\t\t<\/div>\n\t<\/div> \n\n\t<div  class=\"vc_col-sm-4 wpb_column column_container vc_column_container col no-extra-padding inherit_tablet inherit_phone\"  data-padding-pos=\"all\" data-has-bg-color=\"false\" data-bg-color=\"\" data-bg-opacity=\"1\" data-animation=\"\" data-delay=\"0\" >\n\t\t<div class=\"vc_column-inner\" >\n\t\t\t<div class=\"wpb_wrapper\">\n\t\t\t\t<div class=\"nectar-fancy-ul\" data-list-icon=\"linecon-icon-settings\" data-animation=\"false\" data-animation-delay=\"0\" data-color=\"accent-color\" data-spacing=\"default\" data-alignment=\"left\"> \n<p style=\"text-align: center;\"><em><strong>Rectifieuse CNC 8 axes pour engrenages et profils<\/strong><\/em><\/p>\n<ul style=\"text-align: center;\">\n<li><strong>Fabricant:<\/strong> <em><strong>SAMPUTENSILI<\/strong><\/em><\/li>\n<li><strong>Mod\u00e8le:<\/strong> <em><strong>S400 GT<\/strong><\/em><\/li>\n<li>ANN\u00c9E : 2004<\/li>\n<li>avec SIEMENS 840D<\/li>\n<li>Longueur maximale de la pi\u00e8ce : 900 mm<\/li>\n<li>Diam\u00e8tre maximal de la pi\u00e8ce : 400 mm<\/li>\n<li>Largeur maximale de la face rectifiable : 750 mm<\/li>\n<li>Module max. pour la g\u00e9n\u00e9ration continue de broyage (vis de broyage) : 6<\/li>\n<\/ul>\n<p>&nbsp;<\/p>\n<p style=\"text-align: center;\">Profondeur maximale du profil :<\/p>\n<ul style=\"text-align: center;\">\n<li>Avec meule \u00e0 profil dressable : 0,5 \u2013 20 mm<\/li>\n<li>Avec meule profil\u00e9e \u00e9lectroplaqu\u00e9e\u00a0: 0,5 \u2013 40\u00a0mm<\/li>\n<li>Diam\u00e8tre de la meule : 80 \u2013 280 mm<\/li>\n<li>Plage de vitesse de la broche : 0 \u2013 15\u00a0000 tr\/min<\/li>\n<li>Plage de vitesse de broche : 0 \u2013 1000 tr\/min<\/li>\n<li>Plage de vitesse de la broche du dresseur\u00a0: 0 \u00e0 4\u00a0000\u00a0tr\/min<\/li>\n<li>Puissance du moteur principal : 36 kW<\/li>\n<li>Puissance totale connect\u00e9e : 100 kVA<\/li>\n<\/ul>\n<p style=\"text-align: center;\">La machine est en excellent \u00e9tat et compl\u00e8te, avec tous ses accessoires. Elle permet la rectification de profils et de meules \u00e0 vis sans fin. Le profilage des engrenages peut \u00eatre r\u00e9alis\u00e9 par g\u00e9n\u00e9ration avec une meule \u00e0 vis sans fin multi-entraxe ou par rectification de profils \u00e0 index unique. Id\u00e9ale pour l&#039;usinage avec des meules CBN \u00e9lectroplaqu\u00e9es (jusqu&#039;\u00e0 4 meules sur la m\u00eame broche), elle est compatible avec les meules d&#039;\u00e9bauche et de finition, qui s&#039;ins\u00e8rent automatiquement dans le m\u00eame cycle, avec synchronisation automatique de la pi\u00e8ce \u00e0 usiner lors des diff\u00e9rentes phases.<\/p>\n <\/div>\n\t\t\t<\/div> \n\t\t<\/div>\n\t<\/div> \n\n\t<div  class=\"vc_col-sm-4 wpb_column column_container vc_column_container col no-extra-padding inherit_tablet inherit_phone\"  data-padding-pos=\"all\" data-has-bg-color=\"false\" data-bg-color=\"\" data-bg-opacity=\"1\" data-animation=\"\" data-delay=\"0\" >\n\t\t<div class=\"vc_column-inner\" >\n\t\t\t<div class=\"wpb_wrapper\">\n\t\t\t\t\n\t\t\t<\/div> \n\t\t<\/div>\n\t<\/div> \n<\/div><\/div>","protected":false},"excerpt":{"rendered":"<p>Voici notre axe \u00e0 8 octets<strong> RECTIFIEUSE D&#039;ENGRENAGES ET DE PROFILS CNC,<\/strong><\/p>\n<p>Il est en excellent \u00e9tat, pour toute information compl\u00e9mentaire, nous sommes \u00e0 votre disposition !<\/p>","protected":false},"featured_media":12391,"comment_status":"closed","ping_status":"closed","template":"","meta":[],"product_brand":[],"product_cat":[444],"product_tag":[165,1344,523,1199],"class_list":{"0":"post-12378","1":"product","2":"type-product","3":"status-publish","4":"has-post-thumbnail","6":"product_cat-cnc-gear-grinding-machines","7":"product_tag-gear-grinder","8":"product_tag-profile-grinder","9":"product_tag-rettifica-ingranaggi","10":"product_tag-samputensili","11":"pa_luogo-italia","13":"first","14":"instock","15":"shipping-taxable","16":"product-type-simple"},"_links":{"self":[{"href":"https:\/\/www.laxmiusedmachine.com\/fr\/wp-json\/wp\/v2\/product\/12378","targetHints":{"allow":["GET"]}}],"collection":[{"href":"https:\/\/www.laxmiusedmachine.com\/fr\/wp-json\/wp\/v2\/product"}],"about":[{"href":"https:\/\/www.laxmiusedmachine.com\/fr\/wp-json\/wp\/v2\/types\/product"}],"replies":[{"embeddable":true,"href":"https:\/\/www.laxmiusedmachine.com\/fr\/wp-json\/wp\/v2\/comments?post=12378"}],"wp:featuredmedia":[{"embeddable":true,"href":"https:\/\/www.laxmiusedmachine.com\/fr\/wp-json\/wp\/v2\/media\/12391"}],"wp:attachment":[{"href":"https:\/\/www.laxmiusedmachine.com\/fr\/wp-json\/wp\/v2\/media?parent=12378"}],"wp:term":[{"taxonomy":"product_brand","embeddable":true,"href":"https:\/\/www.laxmiusedmachine.com\/fr\/wp-json\/wp\/v2\/product_brand?post=12378"},{"taxonomy":"product_cat","embeddable":true,"href":"https:\/\/www.laxmiusedmachine.com\/fr\/wp-json\/wp\/v2\/product_cat?post=12378"},{"taxonomy":"product_tag","embeddable":true,"href":"https:\/\/www.laxmiusedmachine.com\/fr\/wp-json\/wp\/v2\/product_tag?post=12378"}],"curies":[{"name":"wp","href":"https:\/\/api.w.org\/{rel}","templated":true}]}}