{"id":12365,"date":"2025-08-04T11:15:01","date_gmt":"2025-08-04T11:15:01","guid":{"rendered":"https:\/\/www.laxmiusedmachine.com\/?post_type=product&#038;p=12365"},"modified":"2026-03-16T14:59:31","modified_gmt":"2026-03-16T14:59:31","slug":"cnc-multitasking-turning-center-doosan-mx2600st","status":"publish","type":"product","link":"https:\/\/www.laxmiusedmachine.com\/fr\/prodotto\/cnc-multitasking-turning-center-doosan-mx2600st\/","title":{"rendered":"CENTRE DE TOURNAGE MULTIT\u00c2CHES CNC, DOOSAN \u2013 MX2600ST"},"content":{"rendered":"<div id=\"fws_69f93debdc342\"  data-column-margin=\"default\" data-midnight=\"dark\"  class=\"wpb_row vc_row-fluid vc_row\"  style=\"padding-top: 0px; padding-bottom: 0px; \"><div class=\"row-bg-wrap\" data-bg-animation=\"none\" data-bg-animation-delay=\"\" data-bg-overlay=\"false\"><div class=\"inner-wrap row-bg-layer\" ><div class=\"row-bg viewport-desktop\"  style=\"\"><\/div><\/div><\/div><div class=\"row_col_wrap_12 col span_12 dark left\">\n\t<div  class=\"vc_col-sm-4 wpb_column column_container vc_column_container col no-extra-padding inherit_tablet inherit_phone\"  data-padding-pos=\"all\" data-has-bg-color=\"false\" data-bg-color=\"\" data-bg-opacity=\"1\" data-animation=\"\" data-delay=\"0\" >\n\t\t<div class=\"vc_column-inner\" >\n\t\t\t<div class=\"wpb_wrapper\">\n\t\t\t\t\n\t\t\t<\/div> \n\t\t<\/div>\n\t<\/div> \n\n\t<div  class=\"vc_col-sm-4 wpb_column column_container vc_column_container col no-extra-padding inherit_tablet inherit_phone\"  data-padding-pos=\"all\" data-has-bg-color=\"false\" data-bg-color=\"\" data-bg-opacity=\"1\" data-animation=\"\" data-delay=\"0\" >\n\t\t<div class=\"vc_column-inner\" >\n\t\t\t<div class=\"wpb_wrapper\">\n\t\t\t\t<div class=\"nectar-fancy-ul\" data-list-icon=\"linecon-icon-settings\" data-animation=\"false\" data-animation-delay=\"0\" data-color=\"accent-color\" data-spacing=\"default\" data-alignment=\"left\"> \n<p style=\"text-align: center;\"><strong>CENTRE DE TOURNAGE MULTIT\u00c2CHES CNC<\/strong><\/p>\n<ul>\n<li style=\"text-align: center;\"><strong>Marque : DOOSAN<\/strong><\/li>\n<li style=\"text-align: center;\"><strong>Mod\u00e8le : MX2600ST<\/strong><\/li>\n<li style=\"text-align: center;\"><strong>Ann\u00e9e de fabrication : 2018<\/strong><\/li>\n<li style=\"text-align: center;\">Fanuc 31i-A avec guide manuel i<\/li>\n<li style=\"text-align: center;\">diam\u00e8tre de tournage max. 760 mm<\/li>\n<li style=\"text-align: center;\">longueur de tournage max. 1 540 mm<\/li>\n<li style=\"text-align: center;\">axe principal<\/li>\n<li style=\"text-align: center;\">Puissance du moteur : 26\/22 kW<\/li>\n<li style=\"text-align: center;\">Vitesse de broche maximale\u00a0: 4\u00a0000 tr\/min<\/li>\n<li style=\"text-align: center;\">Axe C<br \/>\nCapacit\u00e9 maximale de la barre : 76 mm<br \/>\nNez de broche : A2-8<\/li>\n<li style=\"text-align: center;\">sous-broche<br \/>\nPuissance du moteur : 26\/22 kW<br \/>\nvitesse de broche maximale 4\u00a0000 tr\/min<\/li>\n<li style=\"text-align: center;\">Axe C<\/li>\n<li style=\"text-align: center;\">Nez de broche : A2-8<\/li>\n<li style=\"text-align: center;\">broche de fraisage<\/li>\n<li style=\"text-align: center;\">Puissance du moteur : 22\/18,5 kW<\/li>\n<li style=\"text-align: center;\">vitesse de broche maximale 12\u00a0000 tr\/min<br \/>\nmouvements<\/li>\n<li style=\"text-align: center;\">Axe X1 : 615 mm<\/li>\n<li style=\"text-align: center;\">Axe Y1 : 230 mm<\/li>\n<li style=\"text-align: center;\">Axe Z1 : 1,585 mm<\/li>\n<li style=\"text-align: center;\">Axe X2 : 220 mm<\/li>\n<li style=\"text-align: center;\">Axe Z2 : 1,515 mm<\/li>\n<li style=\"text-align: center;\">Axe A : 1\u00a0550 mm<\/li>\n<li style=\"text-align: center;\">magazine d&#039;outils \/ ATC<\/li>\n<li style=\"text-align: center;\">40 outils<\/li>\n<li style=\"text-align: center;\">diam\u00e8tre maximal de l&#039;outil : 90\/125 mm<\/li>\n<li style=\"text-align: center;\">longueur maximale de l&#039;outil : 400 mm<\/li>\n<li style=\"text-align: center;\">urret inf\u00e9rieur<\/li>\n<li style=\"text-align: center;\">tourelle \u00e0 12 postes<\/li>\n<li style=\"text-align: center;\">vitesse maximale : 4\u00a0000 tr\/min<\/li>\n<li style=\"text-align: center;\">autres options<\/li>\n<li style=\"text-align: center;\">\u2013 Liquide de refroidissement pour broche de fraisage, 1,5 kW, 2,0 MPa, 21,6 l\/min<\/li>\n<li style=\"text-align: center;\">\u2013 Pompe de refroidissement pour tourelle inf\u00e9rieure, 2,2 kW, 1,0 MPa, 30 l\/min<\/li>\n<li style=\"text-align: center;\">\u2013 Liquide de refroidissement pour outils motoris\u00e9s<\/li>\n<li style=\"text-align: center;\">\u2013 Liquide de refroidissement au niveau des mandrins (broche gauche et droite)<\/li>\n<li style=\"text-align: center;\">\u2013 Mesure automatique des outils<\/li>\n<li style=\"text-align: center;\">\u2013 D\u00e9tection de surcharge<\/li>\n<li style=\"text-align: center;\">\u2013 Interface robot Profibus<\/li>\n<li style=\"text-align: center;\">\u2013 Porte automatique<\/li>\n<\/ul>\n<p style=\"text-align: center;\"><strong>Dimensions de la machine<\/strong><\/p>\n<ul>\n<li style=\"text-align: center;\">Longueur : 5120 mm<\/li>\n<li style=\"text-align: center;\">Largeur : 2700 mm<\/li>\n<li style=\"text-align: center;\">Hauteur : 3025 mm<\/li>\n<li style=\"text-align: center;\">Poids de la machine : 16 000 kg\n<div class=\"page\" title=\"Page 1\">\n<div class=\"layoutArea\">\n<div class=\"column\"><\/div>\n<\/div>\n<\/div>\n<\/li>\n<\/ul>\n <\/div>\n\t\t\t<\/div> \n\t\t<\/div>\n\t<\/div> \n\n\t<div  class=\"vc_col-sm-4 wpb_column column_container vc_column_container col no-extra-padding inherit_tablet inherit_phone\"  data-padding-pos=\"all\" data-has-bg-color=\"false\" data-bg-color=\"\" data-bg-opacity=\"1\" data-animation=\"\" data-delay=\"0\" >\n\t\t<div class=\"vc_column-inner\" >\n\t\t\t<div class=\"wpb_wrapper\">\n\t\t\t\t\n\t\t\t<\/div> \n\t\t<\/div>\n\t<\/div> \n<\/div><\/div>","protected":false},"excerpt":{"rendered":"<p>Voici notre <b>CENTRE DE TOURNAGE MULTIT\u00c2CHES CNC,\u00a0<\/b><\/p>\n<p>Il est en excellent \u00e9tat, pour tout renseignement compl\u00e9mentaire nous sommes \u00e0 votre disposition.<\/p>","protected":false},"featured_media":12377,"comment_status":"closed","ping_status":"closed","template":"","meta":[],"product_brand":[],"product_cat":[17,24],"product_tag":[1324,1322,526],"class_list":{"0":"post-12365","1":"product","2":"type-product","3":"status-publish","4":"has-post-thumbnail","6":"product_cat-new-arrivals","7":"product_cat-cnc-lathe-machines","8":"product_tag-centro-di-tornitura","9":"product_tag-cnc-tuning-center","10":"product_tag-doosan","11":"pa_luogo-india","13":"first","14":"instock","15":"shipping-taxable","16":"product-type-simple"},"_links":{"self":[{"href":"https:\/\/www.laxmiusedmachine.com\/fr\/wp-json\/wp\/v2\/product\/12365","targetHints":{"allow":["GET"]}}],"collection":[{"href":"https:\/\/www.laxmiusedmachine.com\/fr\/wp-json\/wp\/v2\/product"}],"about":[{"href":"https:\/\/www.laxmiusedmachine.com\/fr\/wp-json\/wp\/v2\/types\/product"}],"replies":[{"embeddable":true,"href":"https:\/\/www.laxmiusedmachine.com\/fr\/wp-json\/wp\/v2\/comments?post=12365"}],"wp:featuredmedia":[{"embeddable":true,"href":"https:\/\/www.laxmiusedmachine.com\/fr\/wp-json\/wp\/v2\/media\/12377"}],"wp:attachment":[{"href":"https:\/\/www.laxmiusedmachine.com\/fr\/wp-json\/wp\/v2\/media?parent=12365"}],"wp:term":[{"taxonomy":"product_brand","embeddable":true,"href":"https:\/\/www.laxmiusedmachine.com\/fr\/wp-json\/wp\/v2\/product_brand?post=12365"},{"taxonomy":"product_cat","embeddable":true,"href":"https:\/\/www.laxmiusedmachine.com\/fr\/wp-json\/wp\/v2\/product_cat?post=12365"},{"taxonomy":"product_tag","embeddable":true,"href":"https:\/\/www.laxmiusedmachine.com\/fr\/wp-json\/wp\/v2\/product_tag?post=12365"}],"curies":[{"name":"wp","href":"https:\/\/api.w.org\/{rel}","templated":true}]}}