{"id":1233,"date":"2020-08-19T19:42:08","date_gmt":"2020-08-19T19:42:08","guid":{"rendered":"https:\/\/www.laxmiusedmachine.com\/?post_type=product&#038;p=1233"},"modified":"2023-07-11T15:06:52","modified_gmt":"2023-07-11T15:06:52","slug":"complete-set-of-3-straight-bevel-gear-generator-r-f-gleason-12","status":"publish","type":"product","link":"https:\/\/www.laxmiusedmachine.com\/fr\/prodotto\/complete-set-of-3-straight-bevel-gear-generator-r-f-gleason-12\/","title":{"rendered":"ENSEMBLE COMPLET DE 3 G\u00c9N\u00c9RATEURS \u00c0 ENGRENAGE CONIQUE DROIT (R + F), GLEASON \u2013 12"},"content":{"rendered":"<div id=\"fws_69e0771e99be8\"  data-column-margin=\"default\" data-midnight=\"dark\"  class=\"wpb_row vc_row-fluid vc_row\"  style=\"padding-top: 0px; padding-bottom: 0px; \"><div class=\"row-bg-wrap\" data-bg-animation=\"none\" data-bg-animation-delay=\"\" data-bg-overlay=\"false\"><div class=\"inner-wrap row-bg-layer\" ><div class=\"row-bg viewport-desktop\"  style=\"\"><\/div><\/div><\/div><div class=\"row_col_wrap_12 col span_12 dark left\">\n\t<div  class=\"vc_col-sm-4 wpb_column column_container vc_column_container col no-extra-padding inherit_tablet inherit_phone\"  data-padding-pos=\"all\" data-has-bg-color=\"false\" data-bg-color=\"\" data-bg-opacity=\"1\" data-animation=\"\" data-delay=\"0\" >\n\t\t<div class=\"vc_column-inner\" >\n\t\t\t<div class=\"wpb_wrapper\">\n\t\t\t\t\n\t\t\t<\/div> \n\t\t<\/div>\n\t<\/div> \n\n\t<div  class=\"vc_col-sm-4 wpb_column column_container vc_column_container col no-extra-padding inherit_tablet inherit_phone\"  data-padding-pos=\"all\" data-has-bg-color=\"false\" data-bg-color=\"\" data-bg-opacity=\"1\" data-animation=\"\" data-delay=\"0\" >\n\t\t<div class=\"vc_column-inner\" >\n\t\t\t<div class=\"wpb_wrapper\">\n\t\t\t\t<div class=\"nectar-fancy-ul\" data-list-icon=\"linecon-icon-settings\" data-animation=\"false\" data-animation-delay=\"0\" data-color=\"accent-color\" data-spacing=\"default\" data-alignment=\"left\"> \n<p style=\"text-align: center;\"><span style=\"color: #008000;\"><em><strong>G\u00c9N\u00c9RATEURS \u00c0 ENGRENAGE CONIQUE DROIT<\/strong><\/em><\/span><br \/>\n<span style=\"color: #008000;\"><em><strong>G\u00c9N\u00c9RATEUR (R + F) \u2013 R\u00c9NOV\u00c9<\/strong><\/em><\/span><\/p>\n<ul>\n<li style=\"text-align: center;\"><span style=\"color: #008000;\">Marque : Gleason<\/span><\/li>\n<li style=\"text-align: center;\"><span style=\"color: #008000;\">Mod\u00e8le : 12.<\/span><\/li>\n<li style=\"text-align: center;\">Diam\u00e8tre de travail maximum : 433 mm.<\/li>\n<li style=\"text-align: center;\">Module max : 8,5 mm.<\/li>\n<li style=\"text-align: center;\">Bande de dent max : 90 mm.<\/li>\n<li style=\"text-align: center;\">Poids approximatif : 5.000 Kg.<\/li>\n<\/ul>\n <\/div>\n\t\t\t<\/div> \n\t\t<\/div>\n\t<\/div> \n\n\t<div  class=\"vc_col-sm-4 wpb_column column_container vc_column_container col no-extra-padding inherit_tablet inherit_phone\"  data-padding-pos=\"all\" data-has-bg-color=\"false\" data-bg-color=\"\" data-bg-opacity=\"1\" data-animation=\"\" data-delay=\"0\" >\n\t\t<div class=\"vc_column-inner\" >\n\t\t\t<div class=\"wpb_wrapper\">\n\t\t\t\t\n\t\t\t<\/div> \n\t\t<\/div>\n\t<\/div> \n<\/div><\/div>","protected":false},"excerpt":{"rendered":"<p class=\"translation-block\">Voici notre <strong>G\u00c9N\u00c9RATEURS \u00c0 ENGRENAGE CONIQUE DROIT (R + F) \u2013 R\u00c9NOV\u00c9E<\/strong><\/p>\n<p>Il est en excellent \u00e9tat de fonctionnement, pour tout renseignement nous sommes \u00e0 votre disposition.<\/p>","protected":false},"featured_media":1585,"comment_status":"closed","ping_status":"closed","template":"","meta":[],"product_brand":[],"product_cat":[31],"product_tag":[369,367,335,206,368],"class_list":{"0":"post-1233","1":"product","2":"type-product","3":"status-publish","4":"has-post-thumbnail","6":"product_cat-straight-bevel-gear-generator","7":"product_tag-bevel-gear-generator","8":"product_tag-complete-set-of-3-straight-bevel-gear-generator-r-f","9":"product_tag-dentatrice","10":"product_tag-gleason","11":"product_tag-straight","12":"pa_luogo-india","14":"first","15":"instock","16":"shipping-taxable","17":"product-type-simple"},"_links":{"self":[{"href":"https:\/\/www.laxmiusedmachine.com\/fr\/wp-json\/wp\/v2\/product\/1233","targetHints":{"allow":["GET"]}}],"collection":[{"href":"https:\/\/www.laxmiusedmachine.com\/fr\/wp-json\/wp\/v2\/product"}],"about":[{"href":"https:\/\/www.laxmiusedmachine.com\/fr\/wp-json\/wp\/v2\/types\/product"}],"replies":[{"embeddable":true,"href":"https:\/\/www.laxmiusedmachine.com\/fr\/wp-json\/wp\/v2\/comments?post=1233"}],"wp:featuredmedia":[{"embeddable":true,"href":"https:\/\/www.laxmiusedmachine.com\/fr\/wp-json\/wp\/v2\/media\/1585"}],"wp:attachment":[{"href":"https:\/\/www.laxmiusedmachine.com\/fr\/wp-json\/wp\/v2\/media?parent=1233"}],"wp:term":[{"taxonomy":"product_brand","embeddable":true,"href":"https:\/\/www.laxmiusedmachine.com\/fr\/wp-json\/wp\/v2\/product_brand?post=1233"},{"taxonomy":"product_cat","embeddable":true,"href":"https:\/\/www.laxmiusedmachine.com\/fr\/wp-json\/wp\/v2\/product_cat?post=1233"},{"taxonomy":"product_tag","embeddable":true,"href":"https:\/\/www.laxmiusedmachine.com\/fr\/wp-json\/wp\/v2\/product_tag?post=1233"}],"curies":[{"name":"wp","href":"https:\/\/api.w.org\/{rel}","templated":true}]}}