{"id":12322,"date":"2025-08-04T09:45:21","date_gmt":"2025-08-04T09:45:21","guid":{"rendered":"https:\/\/www.laxmiusedmachine.com\/?post_type=product&#038;p=12322"},"modified":"2025-09-22T15:07:31","modified_gmt":"2025-09-22T15:07:31","slug":"cnc-gear-grinder-reishauer-rz-820","status":"publish","type":"product","link":"https:\/\/www.laxmiusedmachine.com\/fr\/prodotto\/cnc-gear-grinder-reishauer-rz-820\/","title":{"rendered":"Rectifieuse d&#039;engrenages CNC, REISHAUER \u2013 RZ 820"},"content":{"rendered":"<div id=\"fws_69f8dae2df5e4\"  data-column-margin=\"default\" data-midnight=\"dark\"  class=\"wpb_row vc_row-fluid vc_row\"  style=\"padding-top: 0px; padding-bottom: 0px; \"><div class=\"row-bg-wrap\" data-bg-animation=\"none\" data-bg-animation-delay=\"\" data-bg-overlay=\"false\"><div class=\"inner-wrap row-bg-layer\" ><div class=\"row-bg viewport-desktop\"  style=\"\"><\/div><\/div><\/div><div class=\"row_col_wrap_12 col span_12 dark left\">\n\t<div  class=\"vc_col-sm-4 wpb_column column_container vc_column_container col no-extra-padding inherit_tablet inherit_phone\"  data-padding-pos=\"all\" data-has-bg-color=\"false\" data-bg-color=\"\" data-bg-opacity=\"1\" data-animation=\"\" data-delay=\"0\" >\n\t\t<div class=\"vc_column-inner\" >\n\t\t\t<div class=\"wpb_wrapper\">\n\t\t\t\t\n\t\t\t<\/div> \n\t\t<\/div>\n\t<\/div> \n\n\t<div  class=\"vc_col-sm-4 wpb_column column_container vc_column_container col no-extra-padding inherit_tablet inherit_phone\"  data-padding-pos=\"all\" data-has-bg-color=\"false\" data-bg-color=\"\" data-bg-opacity=\"1\" data-animation=\"\" data-delay=\"0\" >\n\t\t<div class=\"vc_column-inner\" >\n\t\t\t<div class=\"wpb_wrapper\">\n\t\t\t\t<div class=\"nectar-fancy-ul\" data-list-icon=\"linecon-icon-settings\" data-animation=\"false\" data-animation-delay=\"0\" data-color=\"accent-color\" data-spacing=\"default\" data-alignment=\"left\"> \n<p style=\"text-align: center;\"><strong>RECTIFIEUSE D'ENGRENAGES CNC<\/strong><\/p>\n<ul>\n<li style=\"text-align: center;\"><strong>Faire :<\/strong> REISHAUER<\/li>\n<li style=\"text-align: center;\"><strong>Mod\u00e8le :<\/strong> RZ 820<\/li>\n<li style=\"text-align: center;\"><strong>ANN\u00c9E DE FABRICATION<\/strong> : 1999<\/li>\n<li style=\"text-align: center;\"><strong>CNC<\/strong> : Reishauer<\/li>\n<li style=\"text-align: center;\"><strong>La machine est en tr\u00e8s bon \u00e9tat et est livr\u00e9e avec :<\/strong><br \/>\n<u><\/u><\/li>\n<li style=\"text-align: center;\"><u><strong>\u00a0-Reishauer AM-10 <\/strong><\/u>\u00a0-avec roues de changement -F\u00e4sler (dresseuse) -avec roue diamant<\/li>\n<li style=\"text-align: center;\"><strong>Sp\u00e9cification:<\/strong><\/li>\n<li style=\"text-align: center;\">Diam\u00e8tre de la roue : Max. 820 mm \u2013 Min. : 40 mm<\/li>\n<li style=\"text-align: center;\">Largeur de l&#039;engrenage : 300 mm<\/li>\n<li style=\"text-align: center;\">Module : Max : 8 \u2013 Min : 0,5<\/li>\n<li style=\"text-align: center;\">Longueur de serrage : 1185 mm<\/li>\n<li style=\"text-align: center;\">Nombre de dents : Max : 600 - Min : 10<\/li>\n<li style=\"text-align: center;\">Angle d&#039;h\u00e9lice maximal : +\/- 30 degr\u00e9s<\/li>\n<li style=\"text-align: center;\">Poids de la pi\u00e8ce : 300 kg<\/li>\n<li style=\"text-align: center;\">Diam\u00e8tre de la vis sans fin de broyage\u00a0: 280-400 mm<\/li>\n<li style=\"text-align: center;\">largeur de la vis sans fin de broyage : 84\/104 mm<\/li>\n<li style=\"text-align: center;\">Vitesses de rotation de la vis sans fin de broyage (en cours de broyage) : 1100-2150 tr\/min<\/li>\n<li style=\"text-align: center;\">Puissance totale requise : 30 kW<\/li>\n<li style=\"text-align: center;\">Poids de la machine : 10 tonnes<\/li>\n<\/ul>\n<p style=\"text-align: center;\">Autre info<br \/>\nLA MACHINE EST DANS D&#039;EXCELLENTES CONDITIONS ET COMPL\u00c8TE DANS TOUTES SES PI\u00c8CES ET ACCESSOIRES<\/p>\n <\/div>\n\t\t\t<\/div> \n\t\t<\/div>\n\t<\/div> \n\n\t<div  class=\"vc_col-sm-4 wpb_column column_container vc_column_container col no-extra-padding inherit_tablet inherit_phone\"  data-padding-pos=\"all\" data-has-bg-color=\"false\" data-bg-color=\"\" data-bg-opacity=\"1\" data-animation=\"\" data-delay=\"0\" >\n\t\t<div class=\"vc_column-inner\" >\n\t\t\t<div class=\"wpb_wrapper\">\n\t\t\t\t\n\t\t\t<\/div> \n\t\t<\/div>\n\t<\/div> \n<\/div><\/div>","protected":false},"excerpt":{"rendered":"<p>Voici notre <strong>RECTIFIEUSE D&#039;ENGRENAGES CNC.<\/strong><\/p>\n<p>Il est en excellent \u00e9tat de fonctionnement, pour toute information compl\u00e9mentaire, nous sommes \u00e0 votre disposition !<\/p>","protected":false},"featured_media":12351,"comment_status":"closed","ping_status":"closed","template":"","meta":[],"product_brand":[],"product_cat":[444],"product_tag":[162,827,239,1338,1198],"class_list":{"0":"post-12322","1":"product","2":"type-product","3":"status-publish","4":"has-post-thumbnail","6":"product_cat-cnc-gear-grinding-machines","7":"product_tag-cnc-gear-grinder","8":"product_tag-gear-grinding","9":"product_tag-reishauer","10":"product_tag-reishauer-rz-820","11":"product_tag-worm-grinding","12":"pa_luogo-italia","14":"first","15":"instock","16":"shipping-taxable","17":"product-type-simple"},"_links":{"self":[{"href":"https:\/\/www.laxmiusedmachine.com\/fr\/wp-json\/wp\/v2\/product\/12322","targetHints":{"allow":["GET"]}}],"collection":[{"href":"https:\/\/www.laxmiusedmachine.com\/fr\/wp-json\/wp\/v2\/product"}],"about":[{"href":"https:\/\/www.laxmiusedmachine.com\/fr\/wp-json\/wp\/v2\/types\/product"}],"replies":[{"embeddable":true,"href":"https:\/\/www.laxmiusedmachine.com\/fr\/wp-json\/wp\/v2\/comments?post=12322"}],"wp:featuredmedia":[{"embeddable":true,"href":"https:\/\/www.laxmiusedmachine.com\/fr\/wp-json\/wp\/v2\/media\/12351"}],"wp:attachment":[{"href":"https:\/\/www.laxmiusedmachine.com\/fr\/wp-json\/wp\/v2\/media?parent=12322"}],"wp:term":[{"taxonomy":"product_brand","embeddable":true,"href":"https:\/\/www.laxmiusedmachine.com\/fr\/wp-json\/wp\/v2\/product_brand?post=12322"},{"taxonomy":"product_cat","embeddable":true,"href":"https:\/\/www.laxmiusedmachine.com\/fr\/wp-json\/wp\/v2\/product_cat?post=12322"},{"taxonomy":"product_tag","embeddable":true,"href":"https:\/\/www.laxmiusedmachine.com\/fr\/wp-json\/wp\/v2\/product_tag?post=12322"}],"curies":[{"name":"wp","href":"https:\/\/api.w.org\/{rel}","templated":true}]}}