{"id":12288,"date":"2025-07-17T16:06:21","date_gmt":"2025-07-17T16:06:21","guid":{"rendered":"https:\/\/www.laxmiusedmachine.com\/?post_type=product&#038;p=12288"},"modified":"2025-07-17T16:18:10","modified_gmt":"2025-07-17T16:18:10","slug":"cnc-hypoid-bevel-gear-tester-gleason-500-hct-flank-to-flank","status":"publish","type":"product","link":"https:\/\/www.laxmiusedmachine.com\/fr\/prodotto\/cnc-hypoid-bevel-gear-tester-gleason-500-hct-flank-to-flank\/","title":{"rendered":"BANC D&#039;ESSAI D&#039;ENGRENAGES CONIQUES HYPO\u00cfDES CNC, GLEASON \u2013 500 HCT FLANC \u00c0 FLANC"},"content":{"rendered":"<div id=\"fws_69e2e057185a4\"  data-column-margin=\"default\" data-midnight=\"dark\"  class=\"wpb_row vc_row-fluid vc_row\"  style=\"padding-top: 0px; padding-bottom: 0px; \"><div class=\"row-bg-wrap\" data-bg-animation=\"none\" data-bg-animation-delay=\"\" data-bg-overlay=\"false\"><div class=\"inner-wrap row-bg-layer\" ><div class=\"row-bg viewport-desktop\"  style=\"\"><\/div><\/div><\/div><div class=\"row_col_wrap_12 col span_12 dark left\">\n\t<div  class=\"vc_col-sm-4 wpb_column column_container vc_column_container col no-extra-padding inherit_tablet inherit_phone\"  data-padding-pos=\"all\" data-has-bg-color=\"false\" data-bg-color=\"\" data-bg-opacity=\"1\" data-animation=\"\" data-delay=\"0\" >\n\t\t<div class=\"vc_column-inner\" >\n\t\t\t<div class=\"wpb_wrapper\">\n\t\t\t\t\n\t\t\t<\/div> \n\t\t<\/div>\n\t<\/div> \n\n\t<div  class=\"vc_col-sm-4 wpb_column column_container vc_column_container col no-extra-padding inherit_tablet inherit_phone\"  data-padding-pos=\"all\" data-has-bg-color=\"false\" data-bg-color=\"\" data-bg-opacity=\"1\" data-animation=\"\" data-delay=\"0\" >\n\t\t<div class=\"vc_column-inner\" >\n\t\t\t<div class=\"wpb_wrapper\">\n\t\t\t\t<div class=\"nectar-fancy-ul\" data-list-icon=\"linecon-icon-settings\" data-animation=\"false\" data-animation-delay=\"0\" data-color=\"accent-color\" data-spacing=\"default\" data-alignment=\"left\"> \n<p style=\"text-align: center;\"><strong>BANC D&#039;ESSAI D&#039;ENGRENAGES CONIQUES HYPO\u00cfDES CNC 5 axes \u2013 FLANC \u00c0 FLANC<\/strong><\/p>\n<ul>\n<li style=\"text-align: center;\"><strong>Faire :<\/strong> GLEASON PHOENIX<\/li>\n<li style=\"text-align: center;\"><strong>Mod\u00e8le :<\/strong> 500 HCT<\/li>\n<li style=\"text-align: center;\"><strong>ANN\u00c9E DE FABRICATION<\/strong> : 10\/1998<\/li>\n<li style=\"text-align: center;\"><strong>CNC<\/strong> : FANUC<\/li>\n<li style=\"text-align: center;\">Capacit\u00e9 \u2013 Engrenages coniques\/hypoo\u00efdes<\/li>\n<li style=\"text-align: center;\">Diam\u00e8tre ext\u00e9rieur de l&#039;engrenage (max.) 508 mm<\/li>\n<li style=\"text-align: center;\">Diam\u00e8tre ext\u00e9rieur du pignon (max.) 300 mm<\/li>\n<li style=\"text-align: center;\">D\u00e9calage du pignon \u00e0 500 mm<\/li>\n<\/ul>\n<p style=\"text-align: center;\">diam\u00e8tre ext\u00e9rieur de l&#039;engrenage<\/p>\n<ul>\n<li style=\"text-align: center;\">au-dessus du centre 127 mm<\/li>\n<li style=\"text-align: center;\">sous le centre 51 mm<\/li>\n<li style=\"text-align: center;\">D\u00e9calage du pignon \u00e0 250 m<\/li>\n<\/ul>\n<p style=\"text-align: center;\">diam\u00e8tre ext\u00e9rieur de l&#039;engrenage<\/p>\n<ul>\n<li style=\"text-align: center;\">au-dessus du centre 124 mm<\/li>\n<li style=\"text-align: center;\">sous le centre 127 mm<\/li>\n<li style=\"text-align: center;\">Angle d&#039;arbre (sans montage invers\u00e9 de l&#039;engrenage) 85\u00b0 \u00e0 180\u00b0<br \/>\n(avec montage invers\u00e9 de l&#039;engrenage) 0\u00b0 \u00e0 180\u00b0<\/li>\n<li style=\"text-align: center;\">Distance entre le nez de l&#039;arbre de transmission et l&#039;axe du pignon (min.) 51 mm \u2013 (max.) 305 mm<\/li>\n<li style=\"text-align: center;\">Distance entre le nez de l&#039;axe du pignon et l&#039;axe de la roue dent\u00e9e (min.) 394 mm \u2013 (max.) 394 mm<br \/>\nCapacit\u00e9 \u2013 Engrenages cylindriques<\/li>\n<li style=\"text-align: center;\">Distance entre les centres (min.) 25 mm \u2013 (max.) 305 mm<\/li>\n<li style=\"text-align: center;\">Distance entre les faces de la broche \u00e0 b = 0\u00b0 \u2013 (min) 165 mm \u2013 (max) 419 mm COURSES DES AXES DE LA MACHINE<\/li>\n<li style=\"text-align: center;\">Course angulaire maximale de l&#039;arbre (axe B)\u00a0: 85\u00b0 \u00e0 180\u00b0<\/li>\n<li style=\"text-align: center;\">Course verticale maximale (axe Y)\u00a0: -127 mm \u00e0 127 mm<\/li>\n<li style=\"text-align: center;\">Course horizontale maximale (axe X)\u00a0: 140 mm \u00e0 394 mm<\/li>\n<li style=\"text-align: center;\">Course de la base coulissante (axe Z)\u00a0: 51 mm \u00e0 305 mm<\/li>\n<li style=\"text-align: center;\">Distance entre le centre d&#039;usinage et la face de broche (fixe)\u00a0: 114\u00a0mm\u00a0\u2013 Broche \u00e0 pignon<\/li>\n<li style=\"text-align: center;\">Diam\u00e8tre du trou conique \u00e0 la grande extr\u00e9mit\u00e9 3 29\/64\u2033 (c\u00f4ne #39)<br \/>\nConicit\u00e9 par pied<\/li>\n<li style=\"text-align: center;\">Profondeur de conicit\u00e9 3\u2033<\/li>\n<li style=\"text-align: center;\">Force de serrage\u00a0: 4\u00a0500 \u00e0 6\u00a0000\u00a0psi<\/li>\n<li style=\"text-align: center;\">Plage de vitesse de broche \u2013 essai sur un seul flanc (SFT)\u00a0: 15 \u00e0 2\u00a0500 tr\/min<\/li>\n<li style=\"text-align: center;\">Plage de vitesses de broche \u2013 essais de rouleaux et SBN 15 \u00e0 3000 tr\/min SP\u00c9CIFICATIONS (suite)<br \/>\nBROCHE D&#039;ENGRENAGE<\/li>\n<li style=\"text-align: center;\">Diam\u00e8tre du f\u00fbt conique \u00e0 l&#039;extr\u00e9mit\u00e9 large 3 29\/64\u2033 (conique #39)<\/li>\n<li style=\"text-align: center;\">Conicit\u00e9 par pied 39\/64\u2033<\/li>\n<li style=\"text-align: center;\">Profondeur de conicit\u00e9 3\u2033<\/li>\n<li style=\"text-align: center;\">Force de serrage\u00a0: 4\u00a0500 \u00e0 6\u00a0000\u00a0psi<\/li>\n<li style=\"text-align: center;\">Plage de vitesses de broche \u2013 essais de rouleaux et SBN\u00a0: 15 \u00e0 1\u00a0500 tr\/min<\/li>\n<li style=\"text-align: center;\">Plage de vitesses de broche \u2013 essai sur un seul flanc (SFI)\u00a0: 15 \u00e0 1\u00a0250\u00a0tr\/min<\/li>\n<li style=\"text-align: center;\">Charge de freinage \u2013 essai conventionnel 69 Nm<\/li>\n<li style=\"text-align: center;\">essai de couple \u00e9lev\u00e9 100 Nm<\/li>\n<li style=\"text-align: center;\">Poids de la machine (environ) : 8200 kg<\/li>\n<li style=\"text-align: center;\">Charge \u00e9lectrique 16,7 kW (valeur de cr\u00eate)<\/li>\n<li style=\"text-align: center;\">Air comprim\u00e9 17 m\u00b3\/h (estimation), 4,9 bars<\/li>\n<\/ul>\n<p style=\"text-align: center;\">LA MACHINE EST DANS D&#039;EXCELLENTES CONDITIONS ET COMPL\u00c8TE DANS TOUTES SES PI\u00c8CES ET ACCESSOIRES<\/p>\n <\/div>\n\t\t\t<\/div> \n\t\t<\/div>\n\t<\/div> \n\n\t<div  class=\"vc_col-sm-4 wpb_column column_container vc_column_container col no-extra-padding inherit_tablet inherit_phone\"  data-padding-pos=\"all\" data-has-bg-color=\"false\" data-bg-color=\"\" data-bg-opacity=\"1\" data-animation=\"\" data-delay=\"0\" >\n\t\t<div class=\"vc_column-inner\" >\n\t\t\t<div class=\"wpb_wrapper\">\n\t\t\t\t\n\t\t\t<\/div> \n\t\t<\/div>\n\t<\/div> \n<\/div><\/div>","protected":false},"excerpt":{"rendered":"<p>Voici notre <strong>TESTEUR D&#039;ENGRENAGES CONIQUES HYPO\u00cfDES CNC, GLEASON.<\/strong><\/p>\n<p>Il est en excellent \u00e9tat de fonctionnement, pour toute information compl\u00e9mentaire, nous sommes \u00e0 votre disposition !<\/p>","protected":false},"featured_media":12289,"comment_status":"closed","ping_status":"closed","template":"","meta":[],"product_brand":[],"product_cat":[17,28,22,31],"product_tag":[1049,162,206,1334,277],"class_list":{"0":"post-12288","1":"product","2":"type-product","3":"status-publish","4":"has-post-thumbnail","6":"product_cat-new-arrivals","7":"product_cat-gear-tester","8":"product_cat-spiral-bevel-gear-generator","9":"product_cat-straight-bevel-gear-generator","10":"product_tag-bevel-gear","11":"product_tag-cnc-gear-grinder","12":"product_tag-gleason","13":"product_tag-hypoid-grinder","14":"product_tag-rettifica","15":"pa_luogo-italia","17":"first","18":"instock","19":"shipping-taxable","20":"product-type-simple"},"_links":{"self":[{"href":"https:\/\/www.laxmiusedmachine.com\/fr\/wp-json\/wp\/v2\/product\/12288","targetHints":{"allow":["GET"]}}],"collection":[{"href":"https:\/\/www.laxmiusedmachine.com\/fr\/wp-json\/wp\/v2\/product"}],"about":[{"href":"https:\/\/www.laxmiusedmachine.com\/fr\/wp-json\/wp\/v2\/types\/product"}],"replies":[{"embeddable":true,"href":"https:\/\/www.laxmiusedmachine.com\/fr\/wp-json\/wp\/v2\/comments?post=12288"}],"wp:featuredmedia":[{"embeddable":true,"href":"https:\/\/www.laxmiusedmachine.com\/fr\/wp-json\/wp\/v2\/media\/12289"}],"wp:attachment":[{"href":"https:\/\/www.laxmiusedmachine.com\/fr\/wp-json\/wp\/v2\/media?parent=12288"}],"wp:term":[{"taxonomy":"product_brand","embeddable":true,"href":"https:\/\/www.laxmiusedmachine.com\/fr\/wp-json\/wp\/v2\/product_brand?post=12288"},{"taxonomy":"product_cat","embeddable":true,"href":"https:\/\/www.laxmiusedmachine.com\/fr\/wp-json\/wp\/v2\/product_cat?post=12288"},{"taxonomy":"product_tag","embeddable":true,"href":"https:\/\/www.laxmiusedmachine.com\/fr\/wp-json\/wp\/v2\/product_tag?post=12288"}],"curies":[{"name":"wp","href":"https:\/\/api.w.org\/{rel}","templated":true}]}}