{"id":12266,"date":"2025-07-17T15:06:00","date_gmt":"2025-07-17T15:06:00","guid":{"rendered":"https:\/\/www.laxmiusedmachine.com\/?post_type=product&#038;p=12266"},"modified":"2025-11-19T05:52:21","modified_gmt":"2025-11-19T05:52:21","slug":"5-axis-cnc-universal-grinder-studer-s145-cnc","status":"publish","type":"product","link":"https:\/\/www.laxmiusedmachine.com\/fr\/prodotto\/5-axis-cnc-universal-grinder-studer-s145-cnc\/","title":{"rendered":"Rectifieuse universelle CNC 5 axes, STUDER \u2013 S145 CNC"},"content":{"rendered":"<div id=\"fws_69f9253b2fbfe\"  data-column-margin=\"default\" data-midnight=\"dark\"  class=\"wpb_row vc_row-fluid vc_row\"  style=\"padding-top: 0px; padding-bottom: 0px; \"><div class=\"row-bg-wrap\" data-bg-animation=\"none\" data-bg-animation-delay=\"\" data-bg-overlay=\"false\"><div class=\"inner-wrap row-bg-layer\" ><div class=\"row-bg viewport-desktop\"  style=\"\"><\/div><\/div><\/div><div class=\"row_col_wrap_12 col span_12 dark left\">\n\t<div  class=\"vc_col-sm-4 wpb_column column_container vc_column_container col no-extra-padding inherit_tablet inherit_phone\"  data-padding-pos=\"all\" data-has-bg-color=\"false\" data-bg-color=\"\" data-bg-opacity=\"1\" data-animation=\"\" data-delay=\"0\" >\n\t\t<div class=\"vc_column-inner\" >\n\t\t\t<div class=\"wpb_wrapper\">\n\t\t\t\t\n\t\t\t<\/div> \n\t\t<\/div>\n\t<\/div> \n\n\t<div  class=\"vc_col-sm-4 wpb_column column_container vc_column_container col no-extra-padding inherit_tablet inherit_phone\"  data-padding-pos=\"all\" data-has-bg-color=\"false\" data-bg-color=\"\" data-bg-opacity=\"1\" data-animation=\"\" data-delay=\"0\" >\n\t\t<div class=\"vc_column-inner\" >\n\t\t\t<div class=\"wpb_wrapper\">\n\t\t\t\t<div class=\"nectar-fancy-ul\" data-list-icon=\"linecon-icon-settings\" data-animation=\"false\" data-animation-delay=\"0\" data-color=\"accent-color\" data-spacing=\"default\" data-alignment=\"left\"> \n<p class=\"p1\" style=\"text-align: center;\"><b>Rectifieuse universelle CNC 5 axes, STUDER \u2013 S145 CNC<\/b><\/p>\n<p class=\"p1\" style=\"text-align: center;\"><b>Fabricant:<\/b> <strong>Studer<\/strong><\/p>\n<p class=\"p1\" style=\"text-align: center;\"><b>Mod\u00e8le:<\/b> S145 CNC<\/p>\n<ul>\n<li class=\"p1\" style=\"text-align: center;\"><em><strong>Machine CNC GE FANUC s\u00e9rie 16T <\/strong><\/em><\/li>\n<li class=\"p1\" style=\"text-align: center;\">Diam\u00e8tre de la tige oscillante : 350 mm au-dessus de la surface de la pi\u00e8ce<\/li>\n<li class=\"p1\" style=\"text-align: center;\">Devant la table de travail, 455 mm<\/li>\n<li class=\"p1\" style=\"text-align: center;\">Hauteur centrale 175 mm<\/li>\n<li class=\"p1\" style=\"text-align: center;\">Longueur maximale de la pi\u00e8ce : 530 mm<\/li>\n<li style=\"text-align: center;\">D\u00e9placement de l&#039;axe\u00a0:<\/li>\n<li style=\"text-align: center;\">Course longitudinale (axe Z) 500 mm<\/li>\n<li style=\"text-align: center;\">Course transversale (axe X) 120 mm<\/li>\n<li style=\"text-align: center;\">Broche de la pi\u00e8ce (axe B) +\/-30\u00b0<\/li>\n<li style=\"text-align: center;\">Vitesse d&#039;avance\u00a0: axe X (transversal) 0,001 \u00e0 10\u00a0000 mm\/min<\/li>\n<li style=\"text-align: center;\">Axe Z (longitudinal) 0,001-10\u00a0000 mm\/min<\/li>\n<li style=\"text-align: center;\">Axe C (broche, r\u00e9solution) 0,0001\u00b0<\/li>\n<li style=\"text-align: center;\">T\u00eate de meulage : Inclinaison 0-270\u00b0<\/li>\n<li style=\"text-align: center;\">Nombre de positions de broche : 4<\/li>\n<li style=\"text-align: center;\">Vitesses de broche :<\/li>\n<li style=\"text-align: center;\">Vitesse variable en continu de 5\u00a0000 tr\/min \u00e0 120\u00a0000 tr\/min (nous proposons des broches jusqu&#039;\u00e0 42\u00a0000 tr\/min).<\/li>\n<li style=\"text-align: center;\">Pi\u00e8ce \u00e0 usiner de la t\u00eate de meule :<\/li>\n<li style=\"text-align: center;\">Vitesse de broche : variable en continu de 1 tr\/min \u00e0 1000 tr\/min<\/li>\n<li style=\"text-align: center;\">Vitesse du marteau\u00a0: 1 \u00e0 50 tr\/min<\/li>\n<li style=\"text-align: center;\">Al\u00e9sage de broche \u00d8 50 mm<\/li>\n<li style=\"text-align: center;\">Raccordement conique de la broche : ISO 50<\/li>\n<li style=\"text-align: center;\">Raccordement de la broche : CAMLOCK 6<\/li>\n<li style=\"text-align: center;\">Alimentation 50 Hz 3 x 400 volts<\/li>\n<li style=\"text-align: center;\">Moteur de la t\u00eate de travail 3,8 kW<\/li>\n<li style=\"text-align: center;\">Puissance install\u00e9e totale\u00a0: 22 kVA<\/li>\n<li style=\"text-align: center;\">Poids de la machine : environ 5700 kg<\/li>\n<li style=\"text-align: center;\">Accessoires divers\u00a0: Incr\u00e9ments max. de l\u2019axe B\u00a0: 0,001\u00b0<\/li>\n<li style=\"text-align: center;\">D\u00e9tection \u00e9lectronique de meulage Dresser<\/li>\n<li style=\"text-align: center;\">Cycles de rectification de filetage Liquide de refroidissement Filtre en papier<\/li>\n<li style=\"text-align: center;\">Lampe de cabine \u00e0 protection compl\u00e8te<\/li>\n<li style=\"text-align: center;\">Centrage automatique 3 pinces \u00d8 mm<\/li>\n<li style=\"text-align: center;\">Interface de port s\u00e9rie RS 232 pour la commande manuelle \u00e9lectronique<\/li>\n<li style=\"text-align: center;\">Broche de meulage externe 1<\/li>\n<\/ul>\n<p class=\"p2\" style=\"text-align: center;\"><b>Autre info:<\/b><\/p>\n<p class=\"p2\" style=\"text-align: center;\">LA MACHINE EST DANS D&#039;EXCELLENTES CONDITIONS ET COMPL\u00c8TE DANS TOUTES SES PI\u00c8CES ET ACCESSOIRES.<\/p>\n <\/div>\n\t\t\t<\/div> \n\t\t<\/div>\n\t<\/div> \n\n\t<div  class=\"vc_col-sm-4 wpb_column column_container vc_column_container col no-extra-padding inherit_tablet inherit_phone\"  data-padding-pos=\"all\" data-has-bg-color=\"false\" data-bg-color=\"\" data-bg-opacity=\"1\" data-animation=\"\" data-delay=\"0\" >\n\t\t<div class=\"vc_column-inner\" >\n\t\t\t<div class=\"wpb_wrapper\">\n\t\t\t\t\n\t\t\t<\/div> \n\t\t<\/div>\n\t<\/div> \n<\/div><\/div>","protected":false},"excerpt":{"rendered":"<p>Voici notre CNC <strong>MEULEUSE UNIVERSELLE, STUDER \u2013 S145 CNC.<\/strong><\/p>\n<p>Machine compl\u00e8te avec toutes ses pi\u00e8ces et accessoires, pour toute information compl\u00e9mentaire, nous sommes \u00e0 votre enti\u00e8re disposition\u00a0!<\/p>","protected":false},"featured_media":12570,"comment_status":"closed","ping_status":"closed","template":"","meta":[],"product_brand":[],"product_cat":[100,17,37,36],"product_tag":[106,104,1333,831,655],"class_list":{"0":"post-12266","1":"product","2":"type-product","3":"status-publish","4":"has-post-thumbnail","6":"product_cat-cylindrical-grinding-machines","7":"product_cat-new-arrivals","8":"product_cat-external-grinding-machines","9":"product_cat-internal-grinding-machines","10":"product_tag-cylindrical-grinder","11":"product_tag-grinder","12":"product_tag-s145","13":"product_tag-studer","14":"product_tag-universal-grinder","15":"pa_luogo-india","17":"first","18":"instock","19":"shipping-taxable","20":"product-type-simple"},"_links":{"self":[{"href":"https:\/\/www.laxmiusedmachine.com\/fr\/wp-json\/wp\/v2\/product\/12266","targetHints":{"allow":["GET"]}}],"collection":[{"href":"https:\/\/www.laxmiusedmachine.com\/fr\/wp-json\/wp\/v2\/product"}],"about":[{"href":"https:\/\/www.laxmiusedmachine.com\/fr\/wp-json\/wp\/v2\/types\/product"}],"replies":[{"embeddable":true,"href":"https:\/\/www.laxmiusedmachine.com\/fr\/wp-json\/wp\/v2\/comments?post=12266"}],"wp:featuredmedia":[{"embeddable":true,"href":"https:\/\/www.laxmiusedmachine.com\/fr\/wp-json\/wp\/v2\/media\/12570"}],"wp:attachment":[{"href":"https:\/\/www.laxmiusedmachine.com\/fr\/wp-json\/wp\/v2\/media?parent=12266"}],"wp:term":[{"taxonomy":"product_brand","embeddable":true,"href":"https:\/\/www.laxmiusedmachine.com\/fr\/wp-json\/wp\/v2\/product_brand?post=12266"},{"taxonomy":"product_cat","embeddable":true,"href":"https:\/\/www.laxmiusedmachine.com\/fr\/wp-json\/wp\/v2\/product_cat?post=12266"},{"taxonomy":"product_tag","embeddable":true,"href":"https:\/\/www.laxmiusedmachine.com\/fr\/wp-json\/wp\/v2\/product_tag?post=12266"}],"curies":[{"name":"wp","href":"https:\/\/api.w.org\/{rel}","templated":true}]}}