{"id":12223,"date":"2025-06-20T10:14:39","date_gmt":"2025-06-20T10:14:39","guid":{"rendered":"https:\/\/www.laxmiusedmachine.com\/?post_type=product&#038;p=12223"},"modified":"2025-09-10T06:14:56","modified_gmt":"2025-09-10T06:14:56","slug":"cnc-horizontal-gear-hobbing-wera-profilator-re3000","status":"publish","type":"product","link":"https:\/\/www.laxmiusedmachine.com\/fr\/prodotto\/cnc-horizontal-gear-hobbing-wera-profilator-re3000\/","title":{"rendered":"Machine \u00e0 tailler les engrenages horizontaux CNC, WERA \u2013 PROFILATOR RE3000"},"content":{"rendered":"<div id=\"fws_69f40fff40d2f\"  data-column-margin=\"default\" data-midnight=\"dark\"  class=\"wpb_row vc_row-fluid vc_row\"  style=\"padding-top: 0px; padding-bottom: 0px; \"><div class=\"row-bg-wrap\" data-bg-animation=\"none\" data-bg-animation-delay=\"\" data-bg-overlay=\"false\"><div class=\"inner-wrap row-bg-layer\" ><div class=\"row-bg viewport-desktop\"  style=\"\"><\/div><\/div><\/div><div class=\"row_col_wrap_12 col span_12 dark left\">\n\t<div  class=\"vc_col-sm-4 wpb_column column_container vc_column_container col no-extra-padding inherit_tablet inherit_phone\"  data-padding-pos=\"all\" data-has-bg-color=\"false\" data-bg-color=\"\" data-bg-opacity=\"1\" data-animation=\"\" data-delay=\"0\" >\n\t\t<div class=\"vc_column-inner\" >\n\t\t\t<div class=\"wpb_wrapper\">\n\t\t\t\t\n\t\t\t<\/div> \n\t\t<\/div>\n\t<\/div> \n\n\t<div  class=\"vc_col-sm-4 wpb_column column_container vc_column_container col no-extra-padding inherit_tablet inherit_phone\"  data-padding-pos=\"all\" data-has-bg-color=\"false\" data-bg-color=\"\" data-bg-opacity=\"1\" data-animation=\"\" data-delay=\"0\" >\n\t\t<div class=\"vc_column-inner\" >\n\t\t\t<div class=\"wpb_wrapper\">\n\t\t\t\t<div class=\"nectar-fancy-ul\" data-list-icon=\"linecon-icon-settings\" data-animation=\"false\" data-animation-delay=\"0\" data-color=\"accent-color\" data-spacing=\"default\" data-alignment=\"left\"> \n<p class=\"p1\" style=\"text-align: center;\"><b>Machine \u00e0 tailler les engrenages horizontaux CNC<br \/>\n<\/b><\/p>\n<ul>\n<li style=\"text-align: center;\">MARQUE \/ MOD\u00c8LE : WERA PROFILATOR<\/li>\n<li style=\"text-align: center;\">mod. RE 3000<\/li>\n<li style=\"text-align: center;\">ANN\u00c9E : 1999<\/li>\n<li class=\"p1\" style=\"text-align: center;\">Machine \u00e0 tailler les engrenages automatique avec un diam\u00e8tre maximal de 250 mm<\/li>\n<li class=\"p1\" style=\"text-align: center;\">angle d&#039;inclinaison pour les profils h\u00e9lico\u00efdaux 15\/45\u00b0<\/li>\n<li class=\"p1\" style=\"text-align: center;\">vitesse de rotation 1500 tr\/min<\/li>\n<li class=\"p1\" style=\"text-align: center;\">avance 10 mm\/min<\/li>\n<li class=\"p1\" style=\"text-align: center;\">CNC SIEMENS SINUMERIK 810D<\/li>\n<li class=\"p1\" style=\"text-align: center;\">Groupe hydraulique externe avec r\u00e9servoir d&#039;une capacit\u00e9 d&#039;environ 100 l<\/li>\n<li class=\"p1\" style=\"text-align: center;\">Broche porte-outil ; porte int\u00e9rieure rotative pour outil hydraulique<\/li>\n<li class=\"p1\" style=\"text-align: center;\">Dispositif d&#039;\u00e9bavurage, contr\u00f4l\u00e9 hydrauliquement, avec support en acier interchangeable<\/li>\n<li class=\"p1\" style=\"text-align: center;\">Support de la t\u00eate de coupe sur la plaque de jambe et broche porte-pi\u00e8ce avec servomoteurs<\/li>\n<li class=\"p1\" style=\"text-align: center;\">Table transversale \u00e0 commande num\u00e9rique\u00a0; armoire de commande avec commande CNC, commande PLC int\u00e9gr\u00e9e, ainsi que des \u00e9l\u00e9ments de commande, des transformateurs, etc.<\/li>\n<li class=\"p1\" style=\"text-align: center;\">Servomoteurs pour entra\u00eenements principaux et auxiliaires ; positionnement de l&#039;axe C<\/li>\n<\/ul>\n<p class=\"p1\" style=\"text-align: center;\"><b>Autre info:<\/b><\/p>\n<p style=\"text-align: center;\">La machine est en excellent \u00e9tat et compl\u00e8te, avec toutes ses pi\u00e8ces et accessoires., <strong>y compris<\/strong><b>\u00a0Tous les engrenages et les arbres de transmission changent de vitesse. <\/b><\/p>\n <\/div>\n\t\t\t<\/div> \n\t\t<\/div>\n\t<\/div> \n\n\t<div  class=\"vc_col-sm-4 wpb_column column_container vc_column_container col no-extra-padding inherit_tablet inherit_phone\"  data-padding-pos=\"all\" data-has-bg-color=\"false\" data-bg-color=\"\" data-bg-opacity=\"1\" data-animation=\"\" data-delay=\"0\" >\n\t\t<div class=\"vc_column-inner\" >\n\t\t\t<div class=\"wpb_wrapper\">\n\t\t\t\t\n\t\t\t<\/div> \n\t\t<\/div>\n\t<\/div> \n<\/div><\/div>","protected":false},"excerpt":{"rendered":"<p>Voici notre <strong>MACHINE \u00c0 TAILLER LES ENGRENAGES HORIZONTAUX CNC,<\/strong><\/p>\n<p>Il est en excellent \u00e9tat de fonctionnement, pour toute information compl\u00e9mentaire, nous sommes \u00e0 votre disposition !<\/p>","protected":false},"featured_media":12224,"comment_status":"closed","ping_status":"closed","template":"","meta":[],"product_brand":[],"product_cat":[18],"product_tag":[335,227,232,1328],"class_list":{"0":"post-12223","1":"product","2":"type-product","3":"status-publish","4":"has-post-thumbnail","6":"product_cat-gear-hobbing-machines","7":"product_tag-dentatrice","8":"product_tag-gear","9":"product_tag-gear-hobbing","10":"product_tag-wera-profilator","11":"pa_luogo-italia","13":"first","14":"instock","15":"shipping-taxable","16":"product-type-simple"},"_links":{"self":[{"href":"https:\/\/www.laxmiusedmachine.com\/fr\/wp-json\/wp\/v2\/product\/12223","targetHints":{"allow":["GET"]}}],"collection":[{"href":"https:\/\/www.laxmiusedmachine.com\/fr\/wp-json\/wp\/v2\/product"}],"about":[{"href":"https:\/\/www.laxmiusedmachine.com\/fr\/wp-json\/wp\/v2\/types\/product"}],"replies":[{"embeddable":true,"href":"https:\/\/www.laxmiusedmachine.com\/fr\/wp-json\/wp\/v2\/comments?post=12223"}],"wp:featuredmedia":[{"embeddable":true,"href":"https:\/\/www.laxmiusedmachine.com\/fr\/wp-json\/wp\/v2\/media\/12224"}],"wp:attachment":[{"href":"https:\/\/www.laxmiusedmachine.com\/fr\/wp-json\/wp\/v2\/media?parent=12223"}],"wp:term":[{"taxonomy":"product_brand","embeddable":true,"href":"https:\/\/www.laxmiusedmachine.com\/fr\/wp-json\/wp\/v2\/product_brand?post=12223"},{"taxonomy":"product_cat","embeddable":true,"href":"https:\/\/www.laxmiusedmachine.com\/fr\/wp-json\/wp\/v2\/product_cat?post=12223"},{"taxonomy":"product_tag","embeddable":true,"href":"https:\/\/www.laxmiusedmachine.com\/fr\/wp-json\/wp\/v2\/product_tag?post=12223"}],"curies":[{"name":"wp","href":"https:\/\/api.w.org\/{rel}","templated":true}]}}